{"id":4448,"date":"2023-07-07T11:43:55","date_gmt":"2023-07-07T09:43:55","guid":{"rendered":"https:\/\/juk.hmkw.de\/perspektive-journalismus\/?page_id=4448"},"modified":"2024-10-22T16:03:47","modified_gmt":"2024-10-22T14:03:47","slug":"ueber-uns","status":"publish","type":"page","link":"https:\/\/juk.hmkw.de\/perspektive-journalismus\/ueber-uns\/","title":{"rendered":"\u00dcber uns"},"content":{"rendered":"\n<p><\/p>\n\n\n\n<figure class=\"wp-block-image size-large is-resized\"><img loading=\"lazy\" src=\"https:\/\/juk.hmkw.de\/perspektive-journalismus\/wp-content\/uploads\/sites\/13\/2023\/06\/HMKW-Digitaler-Journalismus-DJ0708-1024x398.png\" alt=\"\" class=\"wp-image-4602\" width=\"1200\" height=\"466\" srcset=\"https:\/\/juk.hmkw.de\/perspektive-journalismus\/wp-content\/uploads\/sites\/13\/2023\/06\/HMKW-Digitaler-Journalismus-DJ0708-1024x398.png 1024w, https:\/\/juk.hmkw.de\/perspektive-journalismus\/wp-content\/uploads\/sites\/13\/2023\/06\/HMKW-Digitaler-Journalismus-DJ0708-300x117.png 300w, https:\/\/juk.hmkw.de\/perspektive-journalismus\/wp-content\/uploads\/sites\/13\/2023\/06\/HMKW-Digitaler-Journalismus-DJ0708-768x298.png 768w, https:\/\/juk.hmkw.de\/perspektive-journalismus\/wp-content\/uploads\/sites\/13\/2023\/06\/HMKW-Digitaler-Journalismus-DJ0708-1536x597.png 1536w, https:\/\/juk.hmkw.de\/perspektive-journalismus\/wp-content\/uploads\/sites\/13\/2023\/06\/HMKW-Digitaler-Journalismus-DJ0708-200x78.png 200w, https:\/\/juk.hmkw.de\/perspektive-journalismus\/wp-content\/uploads\/sites\/13\/2023\/06\/HMKW-Digitaler-Journalismus-DJ0708.png 1920w\" sizes=\"(max-width: 1200px) 100vw, 1200px\" \/><\/figure>\n\n\n\n<div style=\"height:35px\" aria-hidden=\"true\" class=\"wp-block-spacer\"><\/div>\n\n\n\n<div class=\"wp-container-4 wp-block-columns\">\n<div class=\"wp-container-1 wp-block-column\">\n<p class=\"has-text-align-center has-text-color\" style=\"color:#3c0fb9\"><strong>ACHT<br>NACHWUCHSJOURNALIST:INNEN<\/strong><\/p>\n<\/div>\n\n\n\n<div class=\"wp-container-2 wp-block-column\">\n<p class=\"has-text-align-center has-text-color\" style=\"color:#3c0fb9\"><strong>EIN<br>STUDIENGANG<\/strong><\/p>\n<\/div>\n\n\n\n<div class=\"wp-container-3 wp-block-column\">\n<p class=\"has-text-align-center has-text-color\" style=\"color:#3c0fb9\"><strong>SEIT<br>MAI 2022<\/strong><\/p>\n<\/div>\n<\/div>\n\n\n\n<h2>Lass uns reden!<\/h2>\n\n\n\n<p>Die Autor:innen \u2013 das sind wir: Acht Studierende im zweiten Semester des <strong>Masterstudiengangs Digitaler Journalismus an der <a href=\"https:\/\/www.media-university.de\" target=\"_blank\" rel=\"noopener\" title=\"\">Media University <\/a><\/strong>in K\u00f6ln. Der Journalismus ist facettenreich und wandelbar \u2013 genau wie die Perspektiven auf unsere Branche. Wir glauben, die Zukunft des Journalismus ist bunt, vernetzt, unter Druck, kritisch und kulturell. Ob Wirtschaft, Politik oder Kunst \u2013 jeder Bereich des gesellschaftlichen Zusammenlebens soll sich in den audiovisuellen Beitr\u00e4gen unseres Blogs wiederfinden. <br><br>Zusammengef\u00fchrt hat uns die <strong>Leidenschaft f\u00fcr das kritische Schreiben, Recherchieren und Berichten<\/strong>. In einer sich st\u00e4ndig ver\u00e4ndernden Medienlandschaft stehen f\u00fcr unsere Beitr\u00e4ge zwei Aspekte an erster Stelle: Objektivit\u00e4t und Vielseitigkeit. Unser <a href=\"https:\/\/juk.hmkw.de\/perspektive-journalismus\/\" target=\"_blank\" rel=\"noopener\" title=\"\">Blog<\/a> soll dabei einen kleinen Vorgeschmack darauf bieten, wie wir den Journalismus nachhaltig bereichern, erweitern und ver\u00e4ndern. wollen.<\/p>\n\n\n\n<h2>Die Autor:innen<\/h2>\n\n\n\n<div class=\"wp-container-8 wp-block-columns\">\n<div class=\"wp-container-5 wp-block-column\">\n<figure class=\"wp-block-image size-large is-resized\"><a href=\"https:\/\/juk.hmkw.de\/perspektive-journalismus\/author\/jolandaost\/\"><img loading=\"lazy\" src=\"http:\/\/juk.hmkw.de\/perspektive-journalismus\/wp-content\/uploads\/sites\/13\/2023\/06\/Jolanda-683x1024.png\" alt=\"Jolanda Ost\" class=\"wp-image-4468\" width=\"384\" height=\"575\"\/><\/a><\/figure>\n\n\n\n<h2><a href=\"https:\/\/juk.hmkw.de\/perspektive-journalismus\/author\/jolandaost\/\" target=\"_blank\" rel=\"noopener\" title=\"\">Jolanda Ost<\/a><\/h2>\n\n\n\n<p>Geboren in D\u00fcsseldorf, hat Jolanda in K\u00f6ln nicht nur ihr Zuhause, sondern auch ihre Leidenschaft f\u00fcr den Journalismus gefunden. Am liebsten schreibt und spricht sie \u00fcber vegane Ern\u00e4hrung und Frauengesundheit.<\/p>\n\n\n\n<figure class=\"wp-block-image size-large is-resized\"><a href=\"https:\/\/juk.hmkw.de\/perspektive-journalismus\/author\/lisaschubert1997\/\"><img loading=\"lazy\" src=\"http:\/\/juk.hmkw.de\/perspektive-journalismus\/wp-content\/uploads\/sites\/13\/2023\/06\/Lisa-683x1024.png\" alt=\"Lisa Schubert\" class=\"wp-image-4471\" width=\"387\" height=\"579\" srcset=\"https:\/\/juk.hmkw.de\/perspektive-journalismus\/wp-content\/uploads\/sites\/13\/2023\/06\/Lisa-683x1024.png 683w, https:\/\/juk.hmkw.de\/perspektive-journalismus\/wp-content\/uploads\/sites\/13\/2023\/06\/Lisa-200x300.png 200w\" sizes=\"(max-width: 387px) 100vw, 387px\" \/><\/a><\/figure>\n\n\n\n<h2><a href=\"https:\/\/juk.hmkw.de\/perspektive-journalismus\/author\/lisaschubert1997\/\" target=\"_blank\" rel=\"noopener\" title=\"\">Lisa Schubert<\/a><\/h2>\n\n\n\n<p>Lisa aus dem fernen Wittenberg ist ein Rechtschreib-talent. Ihre Liebe zum Journalismus entdeckte sie nicht durch ihr theorielastiges Studium der TFM, sondern erst beim H\u00f6rfunk. Sie arbeitet beim WDR und im Tierheim.<\/p>\n\n\n\n<figure class=\"wp-block-image size-large is-resized\"><img loading=\"lazy\" src=\"http:\/\/juk.hmkw.de\/perspektive-journalismus\/wp-content\/uploads\/sites\/13\/2023\/07\/Alina_klein-683x1024.png\" alt=\"Alina Schunk\" class=\"wp-image-4698\" width=\"385\" height=\"576\" srcset=\"https:\/\/juk.hmkw.de\/perspektive-journalismus\/wp-content\/uploads\/sites\/13\/2023\/07\/Alina_klein-683x1024.png 683w, https:\/\/juk.hmkw.de\/perspektive-journalismus\/wp-content\/uploads\/sites\/13\/2023\/07\/Alina_klein-200x300.png 200w, https:\/\/juk.hmkw.de\/perspektive-journalismus\/wp-content\/uploads\/sites\/13\/2023\/07\/Alina_klein-1366x2048.png 1366w, https:\/\/juk.hmkw.de\/perspektive-journalismus\/wp-content\/uploads\/sites\/13\/2023\/07\/Alina_klein.png 1920w\" sizes=\"(max-width: 385px) 100vw, 385px\" \/><\/figure>\n\n\n\n<h2><a href=\"https:\/\/juk.hmkw.de\/perspektive-journalismus\/author\/alinaschunk\/\" target=\"_blank\" rel=\"noopener\" title=\"\">Alina Schunk<\/a><\/h2>\n\n\n\n<p>Kein Weg ist zu weit, ihren Traum vom Journalismus zu erf\u00fcllen. Ihre Liebe zum Schreiben entdeckte Alina in der Schulzeit, ebenso den Hang zum Theatralischen. Fun Fact: Letztes Jahr hat sie 75 B\u00fccher gelesen.<\/p>\n<\/div>\n\n\n\n<div class=\"wp-container-6 wp-block-column\">\n<figure class=\"wp-block-image size-large is-resized\"><a href=\"https:\/\/juk.hmkw.de\/perspektive-journalismus\/author\/felixfrueh96\/\"><img loading=\"lazy\" src=\"http:\/\/juk.hmkw.de\/perspektive-journalismus\/wp-content\/uploads\/sites\/13\/2023\/06\/Felix-683x1024.png\" alt=\"Felix Fr\u00fch\" class=\"wp-image-4467\" width=\"384\" height=\"575\"\/><\/a><\/figure>\n\n\n\n<h2><a href=\"https:\/\/juk.hmkw.de\/perspektive-journalismus\/author\/felixfrueh96\/\" target=\"_blank\" rel=\"noopener\" title=\"\">Felix Fr\u00fch<\/a><\/h2>\n\n\n\n<p>Nach seinem Politikwissenschaftsstudium in Hamburg verschlug es Felix nach M\u00fcnchen, wo er als Redakteur an Dokumentarfilmen f\u00fcr das \u00f6ffentlich-rechtliche Fernsehen mitwirkte.<\/p>\n\n\n\n<figure class=\"wp-block-image size-large is-resized\"><a href=\"https:\/\/juk.hmkw.de\/perspektive-journalismus\/author\/calvinkl23\/\"><img loading=\"lazy\" src=\"http:\/\/juk.hmkw.de\/perspektive-journalismus\/wp-content\/uploads\/sites\/13\/2023\/06\/Calvin-683x1024.png\" alt=\"Calvin Kliemann\" class=\"wp-image-4470\" width=\"385\" height=\"579\" srcset=\"https:\/\/juk.hmkw.de\/perspektive-journalismus\/wp-content\/uploads\/sites\/13\/2023\/06\/Calvin-200x300.png 200w, https:\/\/juk.hmkw.de\/perspektive-journalismus\/wp-content\/uploads\/sites\/13\/2023\/06\/Calvin-768x1152.png 768w, https:\/\/juk.hmkw.de\/perspektive-journalismus\/wp-content\/uploads\/sites\/13\/2023\/06\/Calvin-1024x1536.png 1024w, https:\/\/juk.hmkw.de\/perspektive-journalismus\/wp-content\/uploads\/sites\/13\/2023\/06\/Calvin-1365x2048.png 1365w\" sizes=\"(max-width: 385px) 100vw, 385px\" \/><\/a><\/figure>\n\n\n\n<h2><a href=\"https:\/\/juk.hmkw.de\/perspektive-journalismus\/author\/calvinkl23\/\" target=\"_blank\" rel=\"noopener\" title=\"\">Calvin Kliemann<\/a><\/h2>\n\n\n\n<p>Calvin ist immer neugierig und will mehr wissen. Die einfache Darstellung von komplexen Sachverhalten ist sein Ding. Am meisten interessiert er sich f\u00fcr Kultur und Technik. Aktuell schreibt er beim K\u00f6lner Stadt-Anzeiger.<\/p>\n\n\n\n<figure class=\"wp-block-image size-large\"><img loading=\"lazy\" width=\"683\" height=\"1024\" src=\"https:\/\/juk.hmkw.de\/perspektive-journalismus\/wp-content\/uploads\/sites\/13\/2023\/07\/Lisa-Vogt-683x1024.png\" alt=\"\" class=\"wp-image-4700\" srcset=\"https:\/\/juk.hmkw.de\/perspektive-journalismus\/wp-content\/uploads\/sites\/13\/2023\/07\/Lisa-Vogt-683x1024.png 683w, https:\/\/juk.hmkw.de\/perspektive-journalismus\/wp-content\/uploads\/sites\/13\/2023\/07\/Lisa-Vogt-200x300.png 200w, https:\/\/juk.hmkw.de\/perspektive-journalismus\/wp-content\/uploads\/sites\/13\/2023\/07\/Lisa-Vogt-768x1152.png 768w, https:\/\/juk.hmkw.de\/perspektive-journalismus\/wp-content\/uploads\/sites\/13\/2023\/07\/Lisa-Vogt-1024x1536.png 1024w, https:\/\/juk.hmkw.de\/perspektive-journalismus\/wp-content\/uploads\/sites\/13\/2023\/07\/Lisa-Vogt-1365x2048.png 1365w\" sizes=\"(max-width: 683px) 100vw, 683px\" \/><\/figure>\n\n\n\n<h2><a href=\"https:\/\/juk.hmkw.de\/perspektive-journalismus\/author\/lisavogt123\/\" target=\"_blank\" rel=\"noopener\" title=\"\">Lisa Vogt<\/a><\/h2>\n\n\n\n<p>Als Kind hat Lisa ihre Familie interviewt. Heute fragt sie ihre Gespr\u00e4chspartner:innen eher selten nach der Lieblingsfarbe. Ob beim <em>NDR<\/em>, bei <em>Endemol Shine Germany<\/em> oder <em>RTL News<\/em> \u2013 Medienerfahrungen hat sie schon einige.<\/p>\n<\/div>\n\n\n\n<div class=\"wp-container-7 wp-block-column\">\n<figure class=\"wp-block-image size-large is-resized\"><a href=\"https:\/\/juk.hmkw.de\/perspektive-journalismus\/author\/vanessawobb\/\"><img loading=\"lazy\" src=\"http:\/\/juk.hmkw.de\/perspektive-journalismus\/wp-content\/uploads\/sites\/13\/2023\/06\/Vanessa-683x1024.png\" alt=\"Vanessa Wobb\" class=\"wp-image-4466\" width=\"384\" height=\"575\" srcset=\"https:\/\/juk.hmkw.de\/perspektive-journalismus\/wp-content\/uploads\/sites\/13\/2023\/06\/Vanessa-683x1024.png 683w, https:\/\/juk.hmkw.de\/perspektive-journalismus\/wp-content\/uploads\/sites\/13\/2023\/06\/Vanessa-200x300.png 200w, https:\/\/juk.hmkw.de\/perspektive-journalismus\/wp-content\/uploads\/sites\/13\/2023\/06\/Vanessa-768x1152.png 768w, https:\/\/juk.hmkw.de\/perspektive-journalismus\/wp-content\/uploads\/sites\/13\/2023\/06\/Vanessa-1024x1536.png 1024w, https:\/\/juk.hmkw.de\/perspektive-journalismus\/wp-content\/uploads\/sites\/13\/2023\/06\/Vanessa-1365x2048.png 1365w\" sizes=\"(max-width: 384px) 100vw, 384px\" \/><\/a><\/figure>\n\n\n\n<h2><a href=\"https:\/\/juk.hmkw.de\/perspektive-journalismus\/author\/vanessawobb\/\" target=\"_blank\" rel=\"noopener\" title=\"\">Vanessa Wobb<\/a><\/h2>\n\n\n\n<p>Vanessa bezeichnet sich selbst als Printliebhaberin mit digitalen Wurzeln. Mit dem Journalismus hat sie schon in den Kinderschuhen begonnen und ist heute f\u00fcr diverse Medien im Bereich Familie, Lokales und Marketing t\u00e4tig.      <\/p>\n\n\n\n<figure class=\"wp-block-image size-large is-resized is-style-default\"><a href=\"https:\/\/juk.hmkw.de\/perspektive-journalismus\/author\/adri2a620bc893c\/\"><img loading=\"lazy\" src=\"http:\/\/juk.hmkw.de\/perspektive-journalismus\/wp-content\/uploads\/sites\/13\/2023\/06\/Adriana-Kauffmann-683x1024.png\" alt=\"Adriana Kauffmann\" class=\"wp-image-4544\" width=\"387\" height=\"581\"\/><\/a><\/figure>\n\n\n\n<h2><a href=\"https:\/\/juk.hmkw.de\/perspektive-journalismus\/author\/adri2a620bc893c\/\" target=\"_blank\" rel=\"noopener\" title=\"\">Adriana Kauffmann<\/a><\/h2>\n\n\n\n<p>Adriana hat Journalismus und Unternehmens-kommunikation in K\u00f6ln und Berlin studiert. Nach der studentischen Mitarbeit im RTL Hauptstadtstudio folgte ein Volo beim Mannheimer Regionalprogramm von RTL.<\/p>\n<\/div>\n<\/div>\n\n\n\n<h2>Wie wir arbeiten<\/h2>\n\n\n<div class=\"su-image-carousel  su-image-carousel-has-spacing su-image-carousel-has-outline su-image-carousel-adaptive su-image-carousel-slides-style-photo su-image-carousel-controls-style-light su-image-carousel-align-center\" style=\"max-width:1000px\" data-flickity-options='{\"groupCells\":true,\"cellSelector\":\".su-image-carousel-item\",\"adaptiveHeight\":true,\"cellAlign\":\"left\",\"prevNextButtons\":true,\"pageDots\":true,\"autoPlay\":3000,\"imagesLoaded\":true,\"contain\":false,\"selectedAttraction\":0.007000000000000000145716771982051795930601656436920166015625,\"friction\":0.25}' id=\"su_image_carousel_69e11b6586148\"><div class=\"su-image-carousel-item\"><div class=\"su-image-carousel-item-content\"><img width=\"1024\" height=\"364\" src=\"https:\/\/juk.hmkw.de\/perspektive-journalismus\/wp-content\/uploads\/sites\/13\/2023\/07\/Unsere-Arbeit-Perspektive-Journalismus-HMKW.png-1024x364.png\" class=\"\" alt=\"\" loading=\"lazy\" srcset=\"https:\/\/juk.hmkw.de\/perspektive-journalismus\/wp-content\/uploads\/sites\/13\/2023\/07\/Unsere-Arbeit-Perspektive-Journalismus-HMKW.png-1024x364.png 1024w, https:\/\/juk.hmkw.de\/perspektive-journalismus\/wp-content\/uploads\/sites\/13\/2023\/07\/Unsere-Arbeit-Perspektive-Journalismus-HMKW.png-300x107.png 300w, https:\/\/juk.hmkw.de\/perspektive-journalismus\/wp-content\/uploads\/sites\/13\/2023\/07\/Unsere-Arbeit-Perspektive-Journalismus-HMKW.png-768x273.png 768w, https:\/\/juk.hmkw.de\/perspektive-journalismus\/wp-content\/uploads\/sites\/13\/2023\/07\/Unsere-Arbeit-Perspektive-Journalismus-HMKW.png-1536x546.png 1536w, https:\/\/juk.hmkw.de\/perspektive-journalismus\/wp-content\/uploads\/sites\/13\/2023\/07\/Unsere-Arbeit-Perspektive-Journalismus-HMKW.png-2048x728.png 2048w, https:\/\/juk.hmkw.de\/perspektive-journalismus\/wp-content\/uploads\/sites\/13\/2023\/07\/Unsere-Arbeit-Perspektive-Journalismus-HMKW.png-200x71.png 200w\" sizes=\"(max-width: 1024px) 100vw, 1024px\" \/><span><\/span><\/div><\/div><div class=\"su-image-carousel-item\"><div class=\"su-image-carousel-item-content\"><img width=\"1024\" height=\"364\" src=\"https:\/\/juk.hmkw.de\/perspektive-journalismus\/wp-content\/uploads\/sites\/13\/2023\/07\/Unsere-Werte-Perspektive-Journalismus-HMKW.png-1024x364.png\" class=\"\" alt=\"\" loading=\"lazy\" srcset=\"https:\/\/juk.hmkw.de\/perspektive-journalismus\/wp-content\/uploads\/sites\/13\/2023\/07\/Unsere-Werte-Perspektive-Journalismus-HMKW.png-1024x364.png 1024w, https:\/\/juk.hmkw.de\/perspektive-journalismus\/wp-content\/uploads\/sites\/13\/2023\/07\/Unsere-Werte-Perspektive-Journalismus-HMKW.png-300x107.png 300w, https:\/\/juk.hmkw.de\/perspektive-journalismus\/wp-content\/uploads\/sites\/13\/2023\/07\/Unsere-Werte-Perspektive-Journalismus-HMKW.png-768x273.png 768w, https:\/\/juk.hmkw.de\/perspektive-journalismus\/wp-content\/uploads\/sites\/13\/2023\/07\/Unsere-Werte-Perspektive-Journalismus-HMKW.png-1536x546.png 1536w, https:\/\/juk.hmkw.de\/perspektive-journalismus\/wp-content\/uploads\/sites\/13\/2023\/07\/Unsere-Werte-Perspektive-Journalismus-HMKW.png-2048x728.png 2048w, https:\/\/juk.hmkw.de\/perspektive-journalismus\/wp-content\/uploads\/sites\/13\/2023\/07\/Unsere-Werte-Perspektive-Journalismus-HMKW.png-200x71.png 200w\" sizes=\"(max-width: 1024px) 100vw, 1024px\" \/><span><\/span><\/div><\/div><div class=\"su-image-carousel-item\"><div class=\"su-image-carousel-item-content\"><img width=\"1024\" height=\"364\" src=\"https:\/\/juk.hmkw.de\/perspektive-journalismus\/wp-content\/uploads\/sites\/13\/2023\/07\/Unsere-Ziele-Perspektive-Journalismus-HMKW-1024x364.png\" class=\"\" alt=\"\" loading=\"lazy\" srcset=\"https:\/\/juk.hmkw.de\/perspektive-journalismus\/wp-content\/uploads\/sites\/13\/2023\/07\/Unsere-Ziele-Perspektive-Journalismus-HMKW-1024x364.png 1024w, https:\/\/juk.hmkw.de\/perspektive-journalismus\/wp-content\/uploads\/sites\/13\/2023\/07\/Unsere-Ziele-Perspektive-Journalismus-HMKW-300x107.png 300w, https:\/\/juk.hmkw.de\/perspektive-journalismus\/wp-content\/uploads\/sites\/13\/2023\/07\/Unsere-Ziele-Perspektive-Journalismus-HMKW-768x273.png 768w, https:\/\/juk.hmkw.de\/perspektive-journalismus\/wp-content\/uploads\/sites\/13\/2023\/07\/Unsere-Ziele-Perspektive-Journalismus-HMKW-1536x546.png 1536w, https:\/\/juk.hmkw.de\/perspektive-journalismus\/wp-content\/uploads\/sites\/13\/2023\/07\/Unsere-Ziele-Perspektive-Journalismus-HMKW-2048x728.png 2048w, https:\/\/juk.hmkw.de\/perspektive-journalismus\/wp-content\/uploads\/sites\/13\/2023\/07\/Unsere-Ziele-Perspektive-Journalismus-HMKW-200x71.png 200w\" sizes=\"(max-width: 1024px) 100vw, 1024px\" \/><span><\/span><\/div><\/div><\/div><script id=\"su_image_carousel_69e11b6586148_script\">if(window.SUImageCarousel){setTimeout(function() {window.SUImageCarousel.initGallery(document.getElementById(\"su_image_carousel_69e11b6586148\"))}, 0);}var su_image_carousel_69e11b6586148_script=document.getElementById(\"su_image_carousel_69e11b6586148_script\");if(su_image_carousel_69e11b6586148_script){su_image_carousel_69e11b6586148_script.parentNode.removeChild(su_image_carousel_69e11b6586148_script);}<\/script>\n\n\n\n<div class=\"inherit-container-width wp-container-10 wp-block-group alignfull has-text-color has-background\" style=\"background-color:#ffffff;color:#000000\"><div class=\"wp-block-group__inner-container\">\n<div class=\"wp-container-9 is-horizontal is-content-justification-center wp-block-buttons\">\n<div class=\"wp-block-button has-custom-width wp-block-button__width-50 is-style-fill\"><a class=\"wp-block-button__link has-text-color has-background\" href=\"\" style=\"border-radius:50px;background-color:#fa8f0a;color:#ffffff\" target=\"_blank\" rel=\"noreferrer noopener\">Fragen? Kontaktiere uns!<\/a><\/div>\n<\/div>\n<\/div><\/div>\n\n\n\n<h2>Weitere Autor:innen<\/h2>\n\n\n\n<figure class=\"wp-block-table\"><table><tbody><tr><td><a href=\"https:\/\/juk.hmkw.de\/perspektive-journalismus\/author\/megramsch\/\" target=\"_blank\" rel=\"noopener\" title=\"\">Melina Gramsch<\/a><\/td><td class=\"has-text-align-left\" data-align=\"left\"><a href=\"https:\/\/juk.hmkw.de\/perspektive-journalismus\/author\/benet\/\" target=\"_blank\" rel=\"noopener\" title=\"\">Bennett Rampelt<\/a><\/td><td><a href=\"https:\/\/juk.hmkw.de\/perspektive-journalismus\/author\/rcomak\/\" target=\"_blank\" rel=\"noopener\" title=\"\">Rojda \u00c7omak<\/a><\/td><\/tr><tr><td><a href=\"https:\/\/juk.hmkw.de\/perspektive-journalismus\/author\/rcomak\/\" target=\"_blank\" rel=\"noopener\" title=\"\">Juri Stavenhagen<\/a><\/td><td class=\"has-text-align-left\" data-align=\"left\"><a href=\"https:\/\/juk.hmkw.de\/perspektive-journalismus\/author\/sharmini\/\" target=\"_blank\" rel=\"noopener\" title=\"\">Sarmini Sivanathan<\/a><\/td><td><a href=\"https:\/\/juk.hmkw.de\/perspektive-journalismus\/author\/jewertsen\/\" target=\"_blank\" rel=\"noopener\" title=\"\">Jan Ewertsen<\/a><\/td><\/tr><tr><td><a href=\"https:\/\/juk.hmkw.de\/perspektive-journalismus\/author\/mheimerzheim\/\" target=\"_blank\" rel=\"noopener\" title=\"\">Max Heimerzheim<\/a><\/td><td class=\"has-text-align-left\" data-align=\"left\"><a href=\"https:\/\/juk.hmkw.de\/perspektive-journalismus\/author\/jfaltermeier\/\" target=\"_blank\" rel=\"noopener\" title=\"\">Julia Faltermeier<\/a><\/td><td><a href=\"https:\/\/juk.hmkw.de\/perspektive-journalismus\/author\/leakropff\/\" target=\"_blank\" rel=\"noopener\" title=\"\">Lea Kropff<\/a><\/td><\/tr><\/tbody><\/table><\/figure>\n","protected":false},"excerpt":{"rendered":"<p>ACHTNACHWUCHSJOURNALIST:INNEN EINSTUDIENGANG SEITMAI 2022 Lass uns reden! Die Autor:innen \u2013 das sind wir: Acht Studierende im zweiten Semester des Masterstudiengangs Digitaler Journalismus an der Media University in K\u00f6ln. Der Journalismus ist facettenreich und wandelbar \u2013 genau wie die Perspektiven auf unsere Branche. Wir glauben, die Zukunft des Journalismus ist bunt, vernetzt, unter Druck, kritisch und [&hellip;]<\/p>\n","protected":false},"author":85,"featured_media":4561,"parent":0,"menu_order":0,"comment_status":"closed","ping_status":"closed","template":"","meta":{"om_disable_all_campaigns":false,"_mi_skip_tracking":false,"site-sidebar-layout":"default","site-content-layout":"","ast-site-content-layout":"default","site-content-style":"default","site-sidebar-style":"default","ast-global-header-display":"","ast-banner-title-visibility":"","ast-main-header-display":"","ast-hfb-above-header-display":"","ast-hfb-below-header-display":"","ast-hfb-mobile-header-display":"","site-post-title":"disabled","ast-breadcrumbs-content":"","ast-featured-img":"disabled","footer-sml-layout":"","theme-transparent-header-meta":"","adv-header-id-meta":"","stick-header-meta":"","header-above-stick-meta":"","header-main-stick-meta":"","header-below-stick-meta":"","astra-migrate-meta-layouts":"set","ast-page-background-enabled":"default","ast-page-background-meta":{"desktop":{"background-color":"","background-image":"","background-repeat":"repeat","background-position":"center center","background-size":"auto","background-attachment":"scroll","background-type":"","background-media":"","overlay-type":"","overlay-color":"","overlay-opacity":"","overlay-gradient":""},"tablet":{"background-color":"","background-image":"","background-repeat":"repeat","background-position":"center center","background-size":"auto","background-attachment":"scroll","background-type":"","background-media":"","overlay-type":"","overlay-color":"","overlay-opacity":"","overlay-gradient":""},"mobile":{"background-color":"","background-image":"","background-repeat":"repeat","background-position":"center center","background-size":"auto","background-attachment":"scroll","background-type":"","background-media":"","overlay-type":"","overlay-color":"","overlay-opacity":"","overlay-gradient":""}},"ast-content-background-meta":{"desktop":{"background-color":"var(--ast-global-color-5)","background-image":"","background-repeat":"repeat","background-position":"center center","background-size":"auto","background-attachment":"scroll","background-type":"","background-media":"","overlay-type":"","overlay-color":"","overlay-opacity":"","overlay-gradient":""},"tablet":{"background-color":"var(--ast-global-color-5)","background-image":"","background-repeat":"repeat","background-position":"center center","background-size":"auto","background-attachment":"scroll","background-type":"","background-media":"","overlay-type":"","overlay-color":"","overlay-opacity":"","overlay-gradient":""},"mobile":{"background-color":"var(--ast-global-color-5)","background-image":"","background-repeat":"repeat","background-position":"center center","background-size":"auto","background-attachment":"scroll","background-type":"","background-media":"","overlay-type":"","overlay-color":"","overlay-opacity":"","overlay-gradient":""}}},"categories":[],"tags":[],"aioseo_notices":[],"_links":{"self":[{"href":"https:\/\/juk.hmkw.de\/perspektive-journalismus\/wp-json\/wp\/v2\/pages\/4448"}],"collection":[{"href":"https:\/\/juk.hmkw.de\/perspektive-journalismus\/wp-json\/wp\/v2\/pages"}],"about":[{"href":"https:\/\/juk.hmkw.de\/perspektive-journalismus\/wp-json\/wp\/v2\/types\/page"}],"author":[{"embeddable":true,"href":"https:\/\/juk.hmkw.de\/perspektive-journalismus\/wp-json\/wp\/v2\/users\/85"}],"replies":[{"embeddable":true,"href":"https:\/\/juk.hmkw.de\/perspektive-journalismus\/wp-json\/wp\/v2\/comments?post=4448"}],"version-history":[{"count":9,"href":"https:\/\/juk.hmkw.de\/perspektive-journalismus\/wp-json\/wp\/v2\/pages\/4448\/revisions"}],"predecessor-version":[{"id":5635,"href":"https:\/\/juk.hmkw.de\/perspektive-journalismus\/wp-json\/wp\/v2\/pages\/4448\/revisions\/5635"}],"wp:featuredmedia":[{"embeddable":true,"href":"https:\/\/juk.hmkw.de\/perspektive-journalismus\/wp-json\/wp\/v2\/media\/4561"}],"wp:attachment":[{"href":"https:\/\/juk.hmkw.de\/perspektive-journalismus\/wp-json\/wp\/v2\/media?parent=4448"}],"wp:term":[{"taxonomy":"category","embeddable":true,"href":"https:\/\/juk.hmkw.de\/perspektive-journalismus\/wp-json\/wp\/v2\/categories?post=4448"},{"taxonomy":"post_tag","embeddable":true,"href":"https:\/\/juk.hmkw.de\/perspektive-journalismus\/wp-json\/wp\/v2\/tags?post=4448"}],"curies":[{"name":"wp","href":"https:\/\/api.w.org\/{rel}","templated":true}]}}