{"id":79,"date":"2020-07-01T10:13:30","date_gmt":"2020-07-01T10:13:30","guid":{"rendered":"https:\/\/nudeln-und-klopapier.wortgirls.de\/?page_id=79"},"modified":"2020-07-01T10:13:30","modified_gmt":"2020-07-01T10:13:30","slug":"kneipen","status":"publish","type":"page","link":"https:\/\/juk.hmkw.de\/nudeln-und-klopapier\/kneipen\/","title":{"rendered":"Totentanz in Berliner Clubs"},"content":{"rendered":"\n<h5 class=\"has-vivid-red-color has-text-color\">von Fabrice Gazzo<\/h5>\n\n\n\n<p>Die Corona-Krise verordnet Stillstand statt Party: Wie Berliner Clubbesitzer und DJ\u2019s ums \u00dcberleben k\u00e4mpfen. <\/p>\n\n\n\n<div class=\"wp-container-3 wp-block-columns\">\n<div class=\"wp-container-1 wp-block-column\">\n<p class=\"has-drop-cap\">Es herrscht eine traurige, fast gespenstische Stille. Der klebrige Boden, sonst voller Scherben und Zigarettenstummeln, ist ungew\u00f6hnlich sauber. Wo hunderte Jacken und Taschen hingen, baumeln nur noch leere B\u00fcgel. Keine mitrei\u00dfende Musik ist zu h\u00f6ren, kein Mensch steht Schlange vor dem Eingang, T\u00fcren bleiben verschlossen. Die Orte des Teilens und der Geselligkeit haben dicht gemacht, die grosse Frage ist: bis wann?<\/p>\n\n\n\n<p>Seit Mitte M\u00e4rz, dem Beginn des \u201eCorona Lockdowns\u201c, sind alle Clubs geschlossen und s\u00e4mtliche Veranstaltungen abgesagt. Wo vor ein paar Monaten noch lauter, schneller Techno gespielt wurde und Menschenmengen im Takt zu den B\u00e4ssen \u201egestampft\u201c haben, herrscht jetzt Stille.<br>Aber nicht die erleichternde Stille, die man nach einer langen Nacht im Club genie\u00dft. Berlin, das nicht ohne Grund ganz oben steht, wenn man \u00fcber elektronische Musik oder die \u201eFeierszene\u201c redet, ist die B\u00fchne f\u00fcr die Karriere vieler DJs. Ein Auftritt in Berlin ist f\u00fcr sie ein gro\u00dfes Highlight, ein \u201eMuss\u201c. Jetzt stehen viele DJs und Club-Besitzer vor dem Aus. &#8222;Angst um meine Zukunft habe ich auf jeden Fall. Ich lebe ja nicht nur f\u00fcr mich, sondern auch f\u00fcr mein Kind zuhause&#8220;, sagt Maurice Mino. Nach sechs Jahren des Pendelns zwischen seinem 30-Stunden Job, den n\u00e4chtlichen Auftritten und der Betreuung seiner Tochter, arbeitet Maurice selbst\u00e4ndig als DJ. Der junge Vater hatte erst zwei Wochen vor den Ausgangsbeschr\u00e4nkungen den gro\u00dfen Schritt geschafft.<br>\u201cIst zeitlich gesehen echt eine ziemlich&nbsp;dumme Entscheidung gewesen. Alle Auftritte und M\u00f6glichkeiten, die ich hatte, um Geld zu verdienen, sind weg\u201d, so Maurice. F\u00fcr Vollzeit-DJ\u2019s sind Auftritte die einzige Geldquelle, die ihnen zur Verf\u00fcgung steht.<\/p>\n\n\n\n<p>Clubbesitzer leben ebenfalls von den Veranstaltungen, die sie anbieten, dementsprechend auch von den gebuchten DJs. Eine ganze \u201eNahrungskette\u201c ist unterbrochen, geht kaputt. Trotz Hilfspaketen der Bundesregierung f\u00fcr Freiberufler im k\u00fcnstlerischen Bereich, es musste schnell nach Alternativen gesucht werden \u2013 Live Streams. Das Konzept: Clubatmosph\u00e4re ins Wohnzimmer bringen. Die &#8222;Clubcommission Berlin e.V.&#8220; und der &#8222;Reclaim Club Culture&#8220;, in Zusammenarbeit mit &#8222;ARTE Concert&#8220;, haben die Plattform &#8222;unitedwestream.berlin&#8220; gegr\u00fcndet. Die Aktion ist eine Reaktion auf den Berlinweiten Shutdown aller Kulturorte aufgrund der Coronapandemie. DJ\u2019s streamen aus leeren Clubs Musik live im Internet, teils direkt beim Sender \u201eArte\u201c. Mit Spendenaktionen sammeln sie Geld f\u00fcr Clubs, die von der kompletten<\/p>\n<\/div>\n\n\n\n<div class=\"wp-container-2 wp-block-column\">\n<p>Schlie\u00dfung bedroht sind. Doch anders als im \u201eanalogen\u201c Club, ist der Eintritt frei. Jeder kann selbst entscheiden, ob und wieviel er spenden m\u00f6chte. Das hat den Vorteil, die so genannte Reichweite im Netz und die Sichtbarkeit zu erh\u00f6hen, aber die finanzielle Abh\u00e4ngigkeit von den einzelnen Spendern ist gross.&nbsp;<\/p>\n\n\n\n<p>Maurice Mino hat mit seinem Kumpel und DJ Partner SinPort (Tim) ein eigenes Projekt gestartet: \u201cBalcony Sessions\u201d. Die zwei haben von ihren Balkonen aus Musik live \u00fcbertragen. Doch Maurice wusste von Anfang an, dass das keine handfeste Alternative zu seinem Beruf ist. Noch viel weniger eine Einkommensalternative. \u201cDie ganze Arbeit aufzurechnen gegen das, was am Ende rumkommt an Reichweite und Co, hat sich nicht rentiert. Das, wof\u00fcr wir uns in die N\u00e4chte reingest\u00fcrzt haben, sollte nicht verloren gehen. Das war der Grundgedanke. Die Musik irgendwie trotzdem hoch zu halten, auch wenn&#8217;s nur online ist.\u201d&nbsp;<\/p>\n\n\n\n<p class=\"has-drop-cap\">Projekte wie \u201cUnited we stream\u201d oder die \u201cBalcony Sessions\u201d, haben daf\u00fcr gesorgt, die Berliner Clubszene so gut wie m\u00f6glich mit dem Kopf \u00fcber Wasser zu halten. Die Reichweite der Projekte, die Vielfalt und Einzigartigkeit der Berliner und der internationalen Clubszene haben sich erh\u00f6ht. Zugleich sind sie aber auch ein Notruf. Diese Projekte, trotz guter Logistik, Organisation und der Solidarit\u00e4t, die sie eint, sind keine&nbsp; Alternativen auf Dauer.&nbsp;<\/p>\n\n\n\n<p>Schnell zeigte sich ein \u00dcberangebot an Livestreams. Das hatte zur Folge, dass es f\u00fcr die einzelnen Angebote zu wenige Zuschauer, und vor allem zu wenig Spenden gab. Maurice zieht ein ganz pers\u00f6nliches Fazit: \u201eDie Zeit daf\u00fcr zu opfern, das ist ok. Es schadet mir nicht und ich guck&#8216; parallel was passiert. Aber die Clubs sind immer noch nicht offen und ich muss Geld verdienen.\u201c<\/p>\n\n\n\n<p>Denn Kontakt-Einschr\u00e4nkungen k\u00f6nnen beim Feiern nicht ausreichend eingehalten werden. Clubs k\u00f6nnen zu Verbreitungsherden des Virus werden, auch Freiluftveranstaltungen sind nicht risikofrei.&nbsp;Maurice steht&nbsp; f\u00fcr viele in der Club-Szene. Sie fragen sich,&nbsp; ob es ausreicht, einfach auf den Impfstoff zu warten. Die einzige L\u00f6sung, die nachhaltig und jeden zufrieden stellen w\u00fcrde, w\u00e4re das Ende der Pandemie. Doch das ist noch lange nicht in Sicht. Die Situation bleibt schwierig. Die meisten DJs und Clubbetreiber verstehen die Gr\u00fcnde f\u00fcr die Schlie\u00dfung. Aber dennoch m\u00fcssen sie wieder arbeiten k\u00f6nnen, um ihren Lebensunterhalt zu verdienen. Und ein Berliner Sommer ohne Musik und ohne Tanzen ist &#8211; nicht nur f\u00fcr sie &#8211; unvorstellbar.<\/p>\n<\/div>\n<\/div>\n","protected":false},"excerpt":{"rendered":"<p>von Fabrice Gazzo Die Corona-Krise verordnet Stillstand statt Party: Wie Berliner Clubbesitzer und DJ\u2019s ums \u00dcberleben k\u00e4mpfen. Es herrscht eine traurige, fast gespenstische Stille. Der klebrige Boden, sonst voller Scherben und Zigarettenstummeln, ist ungew\u00f6hnlich sauber. Wo hunderte Jacken und Taschen hingen, baumeln nur noch leere B\u00fcgel. Keine mitrei\u00dfende Musik ist zu h\u00f6ren, kein Mensch steht &hellip; <\/p>\n<p class=\"link-more\"><a href=\"https:\/\/juk.hmkw.de\/nudeln-und-klopapier\/kneipen\/\" class=\"more-link\"><span class=\"screen-reader-text\">\u201eTotentanz in Berliner Clubs\u201c<\/span> weiterlesen<\/a><\/p>\n","protected":false},"author":3,"featured_media":512,"parent":0,"menu_order":0,"comment_status":"closed","ping_status":"closed","template":"","meta":[],"acf":[],"yoast_head":"<!-- This site is optimized with the Yoast SEO plugin v20.6 - https:\/\/yoast.com\/wordpress\/plugins\/seo\/ -->\n<title>Totentanz in Berliner Clubs - Nudeln &amp; Klopapier<\/title>\n<meta name=\"robots\" content=\"index, follow, max-snippet:-1, max-image-preview:large, max-video-preview:-1\" \/>\n<link rel=\"canonical\" href=\"https:\/\/juk.hmkw.de\/nudeln-und-klopapier\/kneipen\/\" \/>\n<meta property=\"og:locale\" content=\"de_DE\" \/>\n<meta property=\"og:type\" content=\"article\" \/>\n<meta property=\"og:title\" content=\"Totentanz in Berliner Clubs - Nudeln &amp; Klopapier\" \/>\n<meta property=\"og:description\" content=\"von Fabrice Gazzo Die Corona-Krise verordnet Stillstand statt Party: Wie Berliner Clubbesitzer und DJ\u2019s ums \u00dcberleben k\u00e4mpfen. Es herrscht eine traurige, fast gespenstische Stille. Der klebrige Boden, sonst voller Scherben und Zigarettenstummeln, ist ungew\u00f6hnlich sauber. Wo hunderte Jacken und Taschen hingen, baumeln nur noch leere B\u00fcgel. Keine mitrei\u00dfende Musik ist zu h\u00f6ren, kein Mensch steht &hellip; \u201eTotentanz in Berliner Clubs\u201c weiterlesen\" \/>\n<meta property=\"og:url\" content=\"https:\/\/juk.hmkw.de\/nudeln-und-klopapier\/kneipen\/\" \/>\n<meta property=\"og:site_name\" content=\"Nudeln &amp; Klopapier\" \/>\n<meta property=\"og:image\" content=\"https:\/\/juk.hmkw.de\/nudeln-und-klopapier\/wp-content\/uploads\/sites\/6\/2020\/07\/pexels-photo-3784424.jpeg\" \/>\n\t<meta property=\"og:image:width\" content=\"1880\" \/>\n\t<meta property=\"og:image:height\" content=\"1253\" \/>\n\t<meta property=\"og:image:type\" content=\"image\/jpeg\" \/>\n<meta name=\"twitter:card\" content=\"summary_large_image\" \/>\n<meta name=\"twitter:label1\" content=\"Gesch\u00e4tzte Lesezeit\" \/>\n\t<meta name=\"twitter:data1\" content=\"4 Minuten\" \/>\n<script type=\"application\/ld+json\" class=\"yoast-schema-graph\">{\"@context\":\"https:\/\/schema.org\",\"@graph\":[{\"@type\":\"WebPage\",\"@id\":\"https:\/\/juk.hmkw.de\/nudeln-und-klopapier\/kneipen\/\",\"url\":\"https:\/\/juk.hmkw.de\/nudeln-und-klopapier\/kneipen\/\",\"name\":\"Totentanz in Berliner Clubs - Nudeln &amp; Klopapier\",\"isPartOf\":{\"@id\":\"https:\/\/juk.hmkw.de\/nudeln-und-klopapier\/#website\"},\"datePublished\":\"2020-07-01T10:13:30+00:00\",\"dateModified\":\"2020-07-01T10:13:30+00:00\",\"breadcrumb\":{\"@id\":\"https:\/\/juk.hmkw.de\/nudeln-und-klopapier\/kneipen\/#breadcrumb\"},\"inLanguage\":\"de-DE\",\"potentialAction\":[{\"@type\":\"ReadAction\",\"target\":[\"https:\/\/juk.hmkw.de\/nudeln-und-klopapier\/kneipen\/\"]}]},{\"@type\":\"BreadcrumbList\",\"@id\":\"https:\/\/juk.hmkw.de\/nudeln-und-klopapier\/kneipen\/#breadcrumb\",\"itemListElement\":[{\"@type\":\"ListItem\",\"position\":1,\"name\":\"Startseite\",\"item\":\"https:\/\/juk.hmkw.de\/nudeln-und-klopapier\/\"},{\"@type\":\"ListItem\",\"position\":2,\"name\":\"Totentanz in Berliner Clubs\"}]},{\"@type\":\"WebSite\",\"@id\":\"https:\/\/juk.hmkw.de\/nudeln-und-klopapier\/#website\",\"url\":\"https:\/\/juk.hmkw.de\/nudeln-und-klopapier\/\",\"name\":\"Nudeln &amp; Klopapier\",\"description\":\"Alles, was du f\u00fcr dein Zoomester brauchst!\",\"publisher\":{\"@id\":\"https:\/\/juk.hmkw.de\/nudeln-und-klopapier\/#organization\"},\"potentialAction\":[{\"@type\":\"SearchAction\",\"target\":{\"@type\":\"EntryPoint\",\"urlTemplate\":\"https:\/\/juk.hmkw.de\/nudeln-und-klopapier\/?s={search_term_string}\"},\"query-input\":\"required name=search_term_string\"}],\"inLanguage\":\"de-DE\"},{\"@type\":\"Organization\",\"@id\":\"https:\/\/juk.hmkw.de\/nudeln-und-klopapier\/#organization\",\"name\":\"Nudeln &amp; Klopapier\",\"url\":\"https:\/\/juk.hmkw.de\/nudeln-und-klopapier\/\",\"logo\":{\"@type\":\"ImageObject\",\"inLanguage\":\"de-DE\",\"@id\":\"https:\/\/juk.hmkw.de\/nudeln-und-klopapier\/#\/schema\/logo\/image\/\",\"url\":\"https:\/\/juk.hmkw.de\/nudeln-und-klopapier\/wp-content\/uploads\/sites\/6\/2020\/07\/cropped-final_logo_pure@2x-1.png\",\"contentUrl\":\"https:\/\/juk.hmkw.de\/nudeln-und-klopapier\/wp-content\/uploads\/sites\/6\/2020\/07\/cropped-final_logo_pure@2x-1.png\",\"width\":250,\"height\":250,\"caption\":\"Nudeln &amp; Klopapier\"},\"image\":{\"@id\":\"https:\/\/juk.hmkw.de\/nudeln-und-klopapier\/#\/schema\/logo\/image\/\"}}]}<\/script>\n<!-- \/ Yoast SEO plugin. -->","yoast_head_json":{"title":"Totentanz in Berliner Clubs - Nudeln &amp; Klopapier","robots":{"index":"index","follow":"follow","max-snippet":"max-snippet:-1","max-image-preview":"max-image-preview:large","max-video-preview":"max-video-preview:-1"},"canonical":"https:\/\/juk.hmkw.de\/nudeln-und-klopapier\/kneipen\/","og_locale":"de_DE","og_type":"article","og_title":"Totentanz in Berliner Clubs - Nudeln &amp; Klopapier","og_description":"von Fabrice Gazzo Die Corona-Krise verordnet Stillstand statt Party: Wie Berliner Clubbesitzer und DJ\u2019s ums \u00dcberleben k\u00e4mpfen. Es herrscht eine traurige, fast gespenstische Stille. Der klebrige Boden, sonst voller Scherben und Zigarettenstummeln, ist ungew\u00f6hnlich sauber. Wo hunderte Jacken und Taschen hingen, baumeln nur noch leere B\u00fcgel. Keine mitrei\u00dfende Musik ist zu h\u00f6ren, kein Mensch steht &hellip; \u201eTotentanz in Berliner Clubs\u201c weiterlesen","og_url":"https:\/\/juk.hmkw.de\/nudeln-und-klopapier\/kneipen\/","og_site_name":"Nudeln &amp; Klopapier","og_image":[{"width":1880,"height":1253,"url":"https:\/\/juk.hmkw.de\/nudeln-und-klopapier\/wp-content\/uploads\/sites\/6\/2020\/07\/pexels-photo-3784424.jpeg","type":"image\/jpeg"}],"twitter_card":"summary_large_image","twitter_misc":{"Gesch\u00e4tzte Lesezeit":"4 Minuten"},"schema":{"@context":"https:\/\/schema.org","@graph":[{"@type":"WebPage","@id":"https:\/\/juk.hmkw.de\/nudeln-und-klopapier\/kneipen\/","url":"https:\/\/juk.hmkw.de\/nudeln-und-klopapier\/kneipen\/","name":"Totentanz in Berliner Clubs - Nudeln &amp; Klopapier","isPartOf":{"@id":"https:\/\/juk.hmkw.de\/nudeln-und-klopapier\/#website"},"datePublished":"2020-07-01T10:13:30+00:00","dateModified":"2020-07-01T10:13:30+00:00","breadcrumb":{"@id":"https:\/\/juk.hmkw.de\/nudeln-und-klopapier\/kneipen\/#breadcrumb"},"inLanguage":"de-DE","potentialAction":[{"@type":"ReadAction","target":["https:\/\/juk.hmkw.de\/nudeln-und-klopapier\/kneipen\/"]}]},{"@type":"BreadcrumbList","@id":"https:\/\/juk.hmkw.de\/nudeln-und-klopapier\/kneipen\/#breadcrumb","itemListElement":[{"@type":"ListItem","position":1,"name":"Startseite","item":"https:\/\/juk.hmkw.de\/nudeln-und-klopapier\/"},{"@type":"ListItem","position":2,"name":"Totentanz in Berliner Clubs"}]},{"@type":"WebSite","@id":"https:\/\/juk.hmkw.de\/nudeln-und-klopapier\/#website","url":"https:\/\/juk.hmkw.de\/nudeln-und-klopapier\/","name":"Nudeln &amp; Klopapier","description":"Alles, was du f\u00fcr dein Zoomester brauchst!","publisher":{"@id":"https:\/\/juk.hmkw.de\/nudeln-und-klopapier\/#organization"},"potentialAction":[{"@type":"SearchAction","target":{"@type":"EntryPoint","urlTemplate":"https:\/\/juk.hmkw.de\/nudeln-und-klopapier\/?s={search_term_string}"},"query-input":"required name=search_term_string"}],"inLanguage":"de-DE"},{"@type":"Organization","@id":"https:\/\/juk.hmkw.de\/nudeln-und-klopapier\/#organization","name":"Nudeln &amp; Klopapier","url":"https:\/\/juk.hmkw.de\/nudeln-und-klopapier\/","logo":{"@type":"ImageObject","inLanguage":"de-DE","@id":"https:\/\/juk.hmkw.de\/nudeln-und-klopapier\/#\/schema\/logo\/image\/","url":"https:\/\/juk.hmkw.de\/nudeln-und-klopapier\/wp-content\/uploads\/sites\/6\/2020\/07\/cropped-final_logo_pure@2x-1.png","contentUrl":"https:\/\/juk.hmkw.de\/nudeln-und-klopapier\/wp-content\/uploads\/sites\/6\/2020\/07\/cropped-final_logo_pure@2x-1.png","width":250,"height":250,"caption":"Nudeln &amp; Klopapier"},"image":{"@id":"https:\/\/juk.hmkw.de\/nudeln-und-klopapier\/#\/schema\/logo\/image\/"}}]}},"_links":{"self":[{"href":"https:\/\/juk.hmkw.de\/nudeln-und-klopapier\/wp-json\/wp\/v2\/pages\/79"}],"collection":[{"href":"https:\/\/juk.hmkw.de\/nudeln-und-klopapier\/wp-json\/wp\/v2\/pages"}],"about":[{"href":"https:\/\/juk.hmkw.de\/nudeln-und-klopapier\/wp-json\/wp\/v2\/types\/page"}],"author":[{"embeddable":true,"href":"https:\/\/juk.hmkw.de\/nudeln-und-klopapier\/wp-json\/wp\/v2\/users\/3"}],"replies":[{"embeddable":true,"href":"https:\/\/juk.hmkw.de\/nudeln-und-klopapier\/wp-json\/wp\/v2\/comments?post=79"}],"version-history":[{"count":0,"href":"https:\/\/juk.hmkw.de\/nudeln-und-klopapier\/wp-json\/wp\/v2\/pages\/79\/revisions"}],"wp:featuredmedia":[{"embeddable":true,"href":"https:\/\/juk.hmkw.de\/nudeln-und-klopapier\/wp-json\/wp\/v2\/media\/512"}],"wp:attachment":[{"href":"https:\/\/juk.hmkw.de\/nudeln-und-klopapier\/wp-json\/wp\/v2\/media?parent=79"}],"curies":[{"name":"wp","href":"https:\/\/api.w.org\/{rel}","templated":true}]}}