{"id":78,"date":"2020-07-01T10:13:30","date_gmt":"2020-07-01T10:13:30","guid":{"rendered":"https:\/\/nudeln-und-klopapier.wortgirls.de\/?page_id=78"},"modified":"2020-07-01T10:13:30","modified_gmt":"2020-07-01T10:13:30","slug":"streaming","status":"publish","type":"page","link":"https:\/\/juk.hmkw.de\/nudeln-und-klopapier\/streaming\/","title":{"rendered":"Verf\u00fchrerische Welt"},"content":{"rendered":"\n<h5 class=\"has-vivid-red-color has-text-color\">von Julian Weingardt<\/h5>\n\n\n\n<p>Nach drau\u00dfen gehen war gestern. Warum auch, heute ist die virtuelle Realit\u00e4t im Trend und sie erh\u00e4lt Dank Corona gro\u00dfen Zulauf. Ist sie ein Mehrwert f\u00fcrs Leben oder doch eine Flucht aus der eigenen Realit\u00e4t? Ein Blick in eine ferne, aber doch so nahe Welt.&nbsp;<\/p>\n\n\n\n<div class=\"wp-container-3 wp-block-columns\">\n<div class=\"wp-container-1 wp-block-column\">\n<p class=\"has-drop-cap\">Ein vorsichtiger Blick um die Ecke. Das alte verlassene Haus bereitet ihm Sorgen. Es ist beunruhigend still. Nur der Wind streift die Bl\u00e4tter der gro\u00dfen Eiche, die ein optimales Versteck bietet. In einem Schwung rei\u00dft er sich los und tritt die T\u00fcr des Hauses ein. Instinktiv z\u00fcckt er die Pistole. Sein Herz pocht, doch zielsicher bet\u00e4tigt er den Abzug. Peng, die Kugel fliegt direkt in den Kopf des Zombies. \u201eHeadshot\u201c ruft er und seine Sorgen verfliegen. Doch dann ist alles schwarz. Genervt setzt er seine Virtual Reality-Brille ab. Sven Petri, sein richtiger Name lautet anders, ist ein 20-j\u00e4hriger FOS Absolvent aus Frankfurt und will den ganzen Abend sein neues VR-Spiel testen.&nbsp;<\/p>\n\n\n\n<p>Doch sein Internet macht ihm einen Strich durch die Rechnung. Bl\u00f6d gelaufen, dann wird halt Xbox, Playstation oder Wii gespielt. Konsolen habe er fast alle, denn f\u00fcr Petri ist die virtuelle Realit\u00e4t etwas ganz Besonderes. \u201eEs ist genial, dass ich mit Spielekonsolen in eine andere Welt eintauchen kann, in der meine menschlichen Attribute keine Rolle spielen.\u201c<\/p>\n\n\n\n<p>Petri ist bei weitem kein Einzelfall. Immer mehr Menschen fl\u00fcchten in die Welten von Computerspielen und greifen zu Konsolen. Besonders neue Entwicklungen machen Gaming f\u00fcr viele attraktiver, denn durch die VR ist es m\u00f6glich, nicht nur zweidimensional mit einer virtuellen Welt zu interagieren, sondern sich direkt in die Welt hinein zu begeben. Blickrichtung und K\u00f6rperbewegungen werden erfasst und in die virtuelle Welt \u00fcbertragen. Der Spieler hat immer die Kontrolle dar\u00fcber, wie er sich in der virtuellen Welt bewegt.<\/p>\n\n\n\n<p>Laut Fabian Kober, Gameplay Programmierer bei Crytek in Frankfurt, ist die VR eine M\u00f6glichkeit, auf effektive Weise der realen Welt zu entfliehen. Der Spieler habe die M\u00f6glichkeit, mit Computerspielen von Stress, Arbeit oder Langeweile abzulenken.  Er glaubt aber nicht, dass VR allzu bald das klassische Gaming abl\u00f6sen wird. Auch wenn die Technologie besser werde, gebe es einen weiteren, nicht zu verachtenden Aspekt von VR. Man habe ein relativ klobiges Headset auf, unter dem einem schnell warm werde. Schwindelgef\u00fchle und Desorientierungen k\u00f6nnen bei l\u00e4ngeren Anwendungen auftreten. Kober sagt: \u201eMeiner Erfahrung nach haben die meisten Leute nach einer Session von einer halben Stunde erst einmal genug. Es ist anstrengend f\u00fcr die Augen und man muss sich viel bewegen.\u201c&nbsp; Zugleich sieht Kober auch eine Gefahr, denn Videospielsucht ist ein Problem.<\/p>\n<\/div>\n\n\n\n<div class=\"wp-container-2 wp-block-column\">\n<p>Petri zum Beispiel verbringe jeden Tag bis zu 14 Stunden in Computerspielen. \u201eWenn ich ein Spiel anfange, m\u00f6chte ich auch der Beste sein und das kostet halt viel Zeit.\u201c Er k\u00f6nne jederzeit aufh\u00f6ren, f\u00fcr s\u00fcchtig h\u00e4lt er sich nicht. Freunde treffe er jedoch nur noch online und Zukunftsperspektiven habe er noch keine. Jetzt konzentriere er sich erst einmal auf sein neues Computerspiel.&nbsp;<\/p>\n\n\n\n<p>Neue technische Entwicklungen k\u00f6nnen neben dem Gaming auch viele Alltagssituationen revolutionieren. \u201eMenschen k\u00f6nnten die virtuelle Realit\u00e4t als Mehrwehrt f\u00fcr ihr Leben nutzen. Es w\u00e4re m\u00f6glich, virtuell zu verreisen oder risikofreie Jobtrainings f\u00fcrBerufe mit Unfallgefahr anzubieten\u201c, sagt Kober. Er selbst habe schon an einigen VR Projekten gearbeitet und sieht keine Grenzen in den Einsatzm\u00f6glichkeiten. \u201eDer Heilige Gral der VR Technologie ist das Star Trek Holodeck\u201c, sagt Kober. \u201e Es spricht alle Sinne an, erm\u00f6glicht vollkommen freie Bewegung und man erkennt keinen Unterschied zur realen Welt, es ist absolute Immersion.\u201c Davon sei die Menschheit jedoch noch weit entfernt.<\/p>\n\n\n\n<p class=\"has-drop-cap\">Doch der Markt boomt. Firmen wie Sony, Oculus oder Valve kommen stets mit neuen Entwicklungen und verbesserter Technik auf den Markt. Gerade auch in der Corona-Zeit, wenn die Arbeit von zu Hause aus zum Alltag wird, erlangt die virtuelle Realit\u00e4t f\u00fcr viele Unternehmen an Bedeutung. Sie liefert eine gute M\u00f6glichkeit, Zeit und Geld zu sparen. Diese Chance hat auch ein Industrieunternehmen aus Offenbach genutzt. Die Maschinen der Firma werden in Tschechien hergestellt und w\u00e4hrend des Reiseverbotes konnte keine Warenkontrolle stattfinden. \u201eAlso hat man sich VR Brillen zugelegt und einfach eine virtuelle Abnahme an den Maschinen durchgef\u00fchrt\u201c, so ein Mitarbeiter des Unternehmens. Dies sei sehr effizient, da weder Reisekosten anfallen w\u00fcrden noch ein gro\u00dfer Zeitaufwand stattf\u00e4nde. \u201eVor Corona hat niemand hier die virtuelle Technik in Betracht gezogen, jetzt finden es alle super und es wird zuk\u00fcnftig weitergef\u00fchrt.\u201c&nbsp;<\/p>\n\n\n\n<p>Die Technik der virtuellen Realit\u00e4t ist vielseitig einsetzbar und kann Lebenssituationen erleichtern und verbessern. Die unbegrenzten M\u00f6glichkeiten in der OnlineWelt und die damit einhergehenden Suchtfaktoren k\u00f6nnen jedoch viele Menschen dazu verf\u00fchren, in der virtuellen Welt leben zu wollen. Jetzt sto\u00dfen Wissenschaftler noch an technische Grenzen, doch zuk\u00fcnftig k\u00f6nnte es anders aussehen. Denn wer wei\u00df, vielleicht wird schon bald das Star Trek Holodeck Wirklichkeit sein.&nbsp;<\/p>\n<\/div>\n<\/div>\n","protected":false},"excerpt":{"rendered":"<p>von Julian Weingardt Nach drau\u00dfen gehen war gestern. Warum auch, heute ist die virtuelle Realit\u00e4t im Trend und sie erh\u00e4lt Dank Corona gro\u00dfen Zulauf. Ist sie ein Mehrwert f\u00fcrs Leben oder doch eine Flucht aus der eigenen Realit\u00e4t? Ein Blick in eine ferne, aber doch so nahe Welt.&nbsp; Ein vorsichtiger Blick um die Ecke. Das &hellip; <\/p>\n<p class=\"link-more\"><a href=\"https:\/\/juk.hmkw.de\/nudeln-und-klopapier\/streaming\/\" class=\"more-link\"><span class=\"screen-reader-text\">\u201eVerf\u00fchrerische Welt\u201c<\/span> weiterlesen<\/a><\/p>\n","protected":false},"author":3,"featured_media":320,"parent":0,"menu_order":0,"comment_status":"closed","ping_status":"closed","template":"","meta":[],"acf":[],"yoast_head":"<!-- This site is optimized with the Yoast SEO plugin v20.6 - https:\/\/yoast.com\/wordpress\/plugins\/seo\/ -->\n<title>Verf\u00fchrerische Welt - Nudeln &amp; Klopapier<\/title>\n<meta name=\"robots\" content=\"index, follow, max-snippet:-1, max-image-preview:large, max-video-preview:-1\" \/>\n<link rel=\"canonical\" href=\"https:\/\/juk.hmkw.de\/nudeln-und-klopapier\/streaming\/\" \/>\n<meta property=\"og:locale\" content=\"de_DE\" \/>\n<meta property=\"og:type\" content=\"article\" \/>\n<meta property=\"og:title\" content=\"Verf\u00fchrerische Welt - Nudeln &amp; Klopapier\" \/>\n<meta property=\"og:description\" content=\"von Julian Weingardt Nach drau\u00dfen gehen war gestern. Warum auch, heute ist die virtuelle Realit\u00e4t im Trend und sie erh\u00e4lt Dank Corona gro\u00dfen Zulauf. Ist sie ein Mehrwert f\u00fcrs Leben oder doch eine Flucht aus der eigenen Realit\u00e4t? Ein Blick in eine ferne, aber doch so nahe Welt.&nbsp; Ein vorsichtiger Blick um die Ecke. Das &hellip; \u201eVerf\u00fchrerische Welt\u201c weiterlesen\" \/>\n<meta property=\"og:url\" content=\"https:\/\/juk.hmkw.de\/nudeln-und-klopapier\/streaming\/\" \/>\n<meta property=\"og:site_name\" content=\"Nudeln &amp; Klopapier\" \/>\n<meta property=\"og:image\" content=\"https:\/\/juk.hmkw.de\/nudeln-und-klopapier\/wp-content\/uploads\/sites\/6\/2020\/07\/Weingardt.jpg\" \/>\n\t<meta property=\"og:image:width\" content=\"1920\" \/>\n\t<meta property=\"og:image:height\" content=\"1280\" \/>\n\t<meta property=\"og:image:type\" content=\"image\/jpeg\" \/>\n<meta name=\"twitter:card\" content=\"summary_large_image\" \/>\n<meta name=\"twitter:label1\" content=\"Gesch\u00e4tzte Lesezeit\" \/>\n\t<meta name=\"twitter:data1\" content=\"4 Minuten\" \/>\n<script type=\"application\/ld+json\" class=\"yoast-schema-graph\">{\"@context\":\"https:\/\/schema.org\",\"@graph\":[{\"@type\":\"WebPage\",\"@id\":\"https:\/\/juk.hmkw.de\/nudeln-und-klopapier\/streaming\/\",\"url\":\"https:\/\/juk.hmkw.de\/nudeln-und-klopapier\/streaming\/\",\"name\":\"Verf\u00fchrerische Welt - Nudeln &amp; Klopapier\",\"isPartOf\":{\"@id\":\"https:\/\/juk.hmkw.de\/nudeln-und-klopapier\/#website\"},\"datePublished\":\"2020-07-01T10:13:30+00:00\",\"dateModified\":\"2020-07-01T10:13:30+00:00\",\"breadcrumb\":{\"@id\":\"https:\/\/juk.hmkw.de\/nudeln-und-klopapier\/streaming\/#breadcrumb\"},\"inLanguage\":\"de-DE\",\"potentialAction\":[{\"@type\":\"ReadAction\",\"target\":[\"https:\/\/juk.hmkw.de\/nudeln-und-klopapier\/streaming\/\"]}]},{\"@type\":\"BreadcrumbList\",\"@id\":\"https:\/\/juk.hmkw.de\/nudeln-und-klopapier\/streaming\/#breadcrumb\",\"itemListElement\":[{\"@type\":\"ListItem\",\"position\":1,\"name\":\"Startseite\",\"item\":\"https:\/\/juk.hmkw.de\/nudeln-und-klopapier\/\"},{\"@type\":\"ListItem\",\"position\":2,\"name\":\"Verf\u00fchrerische Welt\"}]},{\"@type\":\"WebSite\",\"@id\":\"https:\/\/juk.hmkw.de\/nudeln-und-klopapier\/#website\",\"url\":\"https:\/\/juk.hmkw.de\/nudeln-und-klopapier\/\",\"name\":\"Nudeln &amp; Klopapier\",\"description\":\"Alles, was du f\u00fcr dein Zoomester brauchst!\",\"publisher\":{\"@id\":\"https:\/\/juk.hmkw.de\/nudeln-und-klopapier\/#organization\"},\"potentialAction\":[{\"@type\":\"SearchAction\",\"target\":{\"@type\":\"EntryPoint\",\"urlTemplate\":\"https:\/\/juk.hmkw.de\/nudeln-und-klopapier\/?s={search_term_string}\"},\"query-input\":\"required name=search_term_string\"}],\"inLanguage\":\"de-DE\"},{\"@type\":\"Organization\",\"@id\":\"https:\/\/juk.hmkw.de\/nudeln-und-klopapier\/#organization\",\"name\":\"Nudeln &amp; Klopapier\",\"url\":\"https:\/\/juk.hmkw.de\/nudeln-und-klopapier\/\",\"logo\":{\"@type\":\"ImageObject\",\"inLanguage\":\"de-DE\",\"@id\":\"https:\/\/juk.hmkw.de\/nudeln-und-klopapier\/#\/schema\/logo\/image\/\",\"url\":\"https:\/\/juk.hmkw.de\/nudeln-und-klopapier\/wp-content\/uploads\/sites\/6\/2020\/07\/cropped-final_logo_pure@2x-1.png\",\"contentUrl\":\"https:\/\/juk.hmkw.de\/nudeln-und-klopapier\/wp-content\/uploads\/sites\/6\/2020\/07\/cropped-final_logo_pure@2x-1.png\",\"width\":250,\"height\":250,\"caption\":\"Nudeln &amp; Klopapier\"},\"image\":{\"@id\":\"https:\/\/juk.hmkw.de\/nudeln-und-klopapier\/#\/schema\/logo\/image\/\"}}]}<\/script>\n<!-- \/ Yoast SEO plugin. -->","yoast_head_json":{"title":"Verf\u00fchrerische Welt - Nudeln &amp; Klopapier","robots":{"index":"index","follow":"follow","max-snippet":"max-snippet:-1","max-image-preview":"max-image-preview:large","max-video-preview":"max-video-preview:-1"},"canonical":"https:\/\/juk.hmkw.de\/nudeln-und-klopapier\/streaming\/","og_locale":"de_DE","og_type":"article","og_title":"Verf\u00fchrerische Welt - Nudeln &amp; Klopapier","og_description":"von Julian Weingardt Nach drau\u00dfen gehen war gestern. Warum auch, heute ist die virtuelle Realit\u00e4t im Trend und sie erh\u00e4lt Dank Corona gro\u00dfen Zulauf. Ist sie ein Mehrwert f\u00fcrs Leben oder doch eine Flucht aus der eigenen Realit\u00e4t? Ein Blick in eine ferne, aber doch so nahe Welt.&nbsp; Ein vorsichtiger Blick um die Ecke. Das &hellip; \u201eVerf\u00fchrerische Welt\u201c weiterlesen","og_url":"https:\/\/juk.hmkw.de\/nudeln-und-klopapier\/streaming\/","og_site_name":"Nudeln &amp; Klopapier","og_image":[{"width":1920,"height":1280,"url":"https:\/\/juk.hmkw.de\/nudeln-und-klopapier\/wp-content\/uploads\/sites\/6\/2020\/07\/Weingardt.jpg","type":"image\/jpeg"}],"twitter_card":"summary_large_image","twitter_misc":{"Gesch\u00e4tzte Lesezeit":"4 Minuten"},"schema":{"@context":"https:\/\/schema.org","@graph":[{"@type":"WebPage","@id":"https:\/\/juk.hmkw.de\/nudeln-und-klopapier\/streaming\/","url":"https:\/\/juk.hmkw.de\/nudeln-und-klopapier\/streaming\/","name":"Verf\u00fchrerische Welt - Nudeln &amp; Klopapier","isPartOf":{"@id":"https:\/\/juk.hmkw.de\/nudeln-und-klopapier\/#website"},"datePublished":"2020-07-01T10:13:30+00:00","dateModified":"2020-07-01T10:13:30+00:00","breadcrumb":{"@id":"https:\/\/juk.hmkw.de\/nudeln-und-klopapier\/streaming\/#breadcrumb"},"inLanguage":"de-DE","potentialAction":[{"@type":"ReadAction","target":["https:\/\/juk.hmkw.de\/nudeln-und-klopapier\/streaming\/"]}]},{"@type":"BreadcrumbList","@id":"https:\/\/juk.hmkw.de\/nudeln-und-klopapier\/streaming\/#breadcrumb","itemListElement":[{"@type":"ListItem","position":1,"name":"Startseite","item":"https:\/\/juk.hmkw.de\/nudeln-und-klopapier\/"},{"@type":"ListItem","position":2,"name":"Verf\u00fchrerische Welt"}]},{"@type":"WebSite","@id":"https:\/\/juk.hmkw.de\/nudeln-und-klopapier\/#website","url":"https:\/\/juk.hmkw.de\/nudeln-und-klopapier\/","name":"Nudeln &amp; Klopapier","description":"Alles, was du f\u00fcr dein Zoomester brauchst!","publisher":{"@id":"https:\/\/juk.hmkw.de\/nudeln-und-klopapier\/#organization"},"potentialAction":[{"@type":"SearchAction","target":{"@type":"EntryPoint","urlTemplate":"https:\/\/juk.hmkw.de\/nudeln-und-klopapier\/?s={search_term_string}"},"query-input":"required name=search_term_string"}],"inLanguage":"de-DE"},{"@type":"Organization","@id":"https:\/\/juk.hmkw.de\/nudeln-und-klopapier\/#organization","name":"Nudeln &amp; Klopapier","url":"https:\/\/juk.hmkw.de\/nudeln-und-klopapier\/","logo":{"@type":"ImageObject","inLanguage":"de-DE","@id":"https:\/\/juk.hmkw.de\/nudeln-und-klopapier\/#\/schema\/logo\/image\/","url":"https:\/\/juk.hmkw.de\/nudeln-und-klopapier\/wp-content\/uploads\/sites\/6\/2020\/07\/cropped-final_logo_pure@2x-1.png","contentUrl":"https:\/\/juk.hmkw.de\/nudeln-und-klopapier\/wp-content\/uploads\/sites\/6\/2020\/07\/cropped-final_logo_pure@2x-1.png","width":250,"height":250,"caption":"Nudeln &amp; Klopapier"},"image":{"@id":"https:\/\/juk.hmkw.de\/nudeln-und-klopapier\/#\/schema\/logo\/image\/"}}]}},"_links":{"self":[{"href":"https:\/\/juk.hmkw.de\/nudeln-und-klopapier\/wp-json\/wp\/v2\/pages\/78"}],"collection":[{"href":"https:\/\/juk.hmkw.de\/nudeln-und-klopapier\/wp-json\/wp\/v2\/pages"}],"about":[{"href":"https:\/\/juk.hmkw.de\/nudeln-und-klopapier\/wp-json\/wp\/v2\/types\/page"}],"author":[{"embeddable":true,"href":"https:\/\/juk.hmkw.de\/nudeln-und-klopapier\/wp-json\/wp\/v2\/users\/3"}],"replies":[{"embeddable":true,"href":"https:\/\/juk.hmkw.de\/nudeln-und-klopapier\/wp-json\/wp\/v2\/comments?post=78"}],"version-history":[{"count":0,"href":"https:\/\/juk.hmkw.de\/nudeln-und-klopapier\/wp-json\/wp\/v2\/pages\/78\/revisions"}],"wp:featuredmedia":[{"embeddable":true,"href":"https:\/\/juk.hmkw.de\/nudeln-und-klopapier\/wp-json\/wp\/v2\/media\/320"}],"wp:attachment":[{"href":"https:\/\/juk.hmkw.de\/nudeln-und-klopapier\/wp-json\/wp\/v2\/media?parent=78"}],"curies":[{"name":"wp","href":"https:\/\/api.w.org\/{rel}","templated":true}]}}