{"id":77,"date":"2020-07-01T10:13:30","date_gmt":"2020-07-01T10:13:30","guid":{"rendered":"https:\/\/nudeln-und-klopapier.wortgirls.de\/?page_id=77"},"modified":"2020-07-01T10:13:30","modified_gmt":"2020-07-01T10:13:30","slug":"dating","status":"publish","type":"page","link":"https:\/\/juk.hmkw.de\/nudeln-und-klopapier\/dating\/","title":{"rendered":"Kein Cash in der Krise"},"content":{"rendered":"\n<h5 class=\"has-vivid-red-color has-text-color\">von Flora V\u00f6lcker<\/h5>\n\n\n\n<p>Kein Job mehr &#8211; was jetzt? Die Corona Pandemie hat die Wirtschaft fast zum Erliegen gebracht. Studierende, die sich mit Nebenjobs ihren Lebensunterhalt und ihr Studium finanzieren m\u00fcssen, trifft es besonders hart. Nun hei\u00dft es zur\u00fcck zu Mutti ziehen oder doch lieber schwarzarbeiten?&nbsp;<\/p>\n\n\n\n<div class=\"wp-container-3 wp-block-columns\">\n<div class=\"wp-container-1 wp-block-column is-vertically-aligned-top\">\n<p class=\"has-drop-cap\">Mit Schwung holt er eine Handvoll Kleingeld aus der Hosentasche und schleudert es auf das Ablagesch\u00e4lchen der Supermarktkasse, dass es nur so klimpert. Fahrig sucht er die richtigen M\u00fcnzen zusammen, w\u00e4hrend die Kassiererin ungeduldig mit den Fingern auf der Kasse trommelt. Seit Jari seinen Nebenjob wegen Corona verloren hat, muss er jeden Cent zweimal umdrehen. Den w\u00f6chentlichen Einkauf bei Lidl bezahlt ihm seitdem seine Mutter. \u201eIch w\u00fcrde gerne wieder bessere Lebensmittel einkaufen, die nicht so billig sind\u201c, sagt er, w\u00e4hrend er eine Packung Spaghetti und eine Dose Pesto rasch in seinen ausgeleierten Rucksack bef\u00f6rdert. Frische Bio-Lebensmittel sind keine Option mehr f\u00fcr den 22-j\u00e4hrigen Studenten, seit er offiziell arbeitslos ist. Jari hat sich fr\u00fcher als Komparse seinen Lebensunterhalt und sein Studium finanziert. Jetzt lebt er von dem Geld seiner Mutter und den wenigen Ersparnissen, die noch \u00fcbrig sind. Ohne den Notfonds, den er vom Studentenwerk beantragt hat, h\u00e4tte er selbst die Miete f\u00fcr seine Ein-Zimmer Wohnung nicht mehr stemmen k\u00f6nnen.&nbsp;<\/p>\n\n\n\n<p>Viele Studierende teilen Jaris Schicksal. Seit das Coronavirus Ende M\u00e4rz die Wirtschaft stillgelegt hat, f\u00fcrchten viele um ihre Lebensgrundlage. Sie arbeiten oft in der Gastronomie, im Tourismus oder auf Messen. Gerade diese Bereiche sind besonders betroffen. Wer nicht direkt entlassen wird, muss in Kurzarbeit gehen oder sich nach Alternativen umsehen. Ein guter Finanzplan ist in solch schwierigen Zeiten entscheidend. Doch nicht f\u00fcr Jari: \u201eIch pokere darauf, dass die Dreharbeiten diesen Monat wieder aufgenommen werden.\u201c Andernfalls h\u00e4tte er ein ernsthaftes finanzielles Problem. Da die zus\u00e4tzlichen Stellen in Drogerien und Supermarktketten begehrte Verdienstm\u00f6glichkeiten f\u00fcr junge Menschen sind, ist die Konkurrenz gro\u00df.&nbsp;<\/p>\n\n\n\n<p>\u201eDie neu eingestellten Mitarbeiter sind fast alle in meinem Alter,\u201c nuschelt die Studentin Victoria best\u00e4tigend in ihren Mundschutz, w\u00e4hrend sie eine Flasche Desinfektionsmittel abkassiert. Rund 60 Stunden pro Monat arbeitet sie neben ihrem Studium in einer Drogerie, um sich ihren Lebensunterhalt zu finanzieren. Abgesehen von den neuen Hygienevorschriften hat sich nicht viel ver\u00e4ndert: \u201eAnfangs haben wir  <\/p>\n<\/div>\n\n\n\n<div class=\"wp-container-2 wp-block-column\">\n<p>Frischhaltefolie verwendet, statt den Plexiglasscheiben, die wir jetzt an der Kasse haben. Das ist Premium.\u201c&nbsp;Zus\u00e4tzlich hat sie einen inoffiziellen \u201eCorona-Bonus\u201c bekommen. \u201e170 Euro, das war nicht wenig. Obwohl ich keine finanziellen Probleme hatte, weil ich regul\u00e4r weiter arbeiten konnte, war das sehr sch\u00f6n!\u201c verr\u00e4t sie augenzwinkernd.&nbsp;<\/p>\n\n\n\n<p>Wer keinen systemrelevanten Job hat oder nicht ausreichend von seinen Eltern unterst\u00fctzt wird, muss zwangsweise auf Alternativen zur\u00fcckgreifen. Um weiterhin die Studiengeb\u00fchren bezahlen zu k\u00f6nnen, arbeitet Niklas schwarz. Seinen saisonalen Job im Filmpark Babelsberg konnte er nicht antreten. Jetzt h\u00e4lt er sich mit Gelegenheitsjobs als M\u00f6belpacker \u00fcber Wasser. Trotzdem beschr\u00e4nkt der 19-j\u00e4hrige seine Ausgaben auf ein Minimum, um einem finanziellen Engpass vorzubeugen. Miete zahlt Niklas nicht, da er noch bei seinen Eltern lebt. \u201eDurch den Lockdown konnte man kaum etwas machen\u201c, erz\u00e4hlt er trocken. \u201eJetzt verdiene ich weniger, gebe aber auch weniger aus. So was wie Klamottenbestellen mag ich eh nicht so gerne.\u201c Doch weil er sich f\u00fcr eine private Hochschule entschieden hat, kommen auf ihn jedes Semester hohe Studiengeb\u00fchren zu. Wenn dann das Geld knapp ist, steigt der 19-j\u00e4hrige lieber von Bar-Abenden auf die Playstation um. F\u00fcr ihn und viele andere ist es eine kostenlose, alternative Freizeitaktivit\u00e4t &#8211; virenfrei von zu Hause aus. Seinen geplanten Auszug in eine Berliner WG hat er vorerst auf Eis gelegt. Resigniert zuckt er mit den Schultern: \u201cOhne Job kann sich das in Berlin bei den Mieten keiner leisten.\u201d Die Lebenshaltungskosten sind f\u00fcr Geringverdiener schwer aufzubringen. Er \u00fcberlegt sich ernsthaft, ob und wann er das Nest verl\u00e4sst.&nbsp;<\/p>\n\n\n\n<p class=\"has-drop-cap\">Wie es in den n\u00e4chsten Monaten f\u00fcr die Studierenden weitergeht, ist unklar. Mit fast drei Millionen Arbeitslosen und rund zehn Millionen Menschen in Kurzarbeit bleibt die Situation in ganz Deutschland angespannt. Die Gastronomie \u00f6ffnet zwar nach und nach wieder T\u00fcr und Tor, aber die Kapazit\u00e4ten sind deutlich geringer. Gro\u00dfveranstaltungen und Messen sind nach wie vor nicht erlaubt. Ein sinnvolle Planung vorhandener Mittel, Disziplin und besonders kosteng\u00fcnstige Ern\u00e4hrung &#8211; wie Nudeln mit Ketchup &#8211; bringen Studierende durch eine globale Pandemie.<\/p>\n<\/div>\n<\/div>\n","protected":false},"excerpt":{"rendered":"<p>von Flora V\u00f6lcker Kein Job mehr &#8211; was jetzt? Die Corona Pandemie hat die Wirtschaft fast zum Erliegen gebracht. Studierende, die sich mit Nebenjobs ihren Lebensunterhalt und ihr Studium finanzieren m\u00fcssen, trifft es besonders hart. Nun hei\u00dft es zur\u00fcck zu Mutti ziehen oder doch lieber schwarzarbeiten?&nbsp; Mit Schwung holt er eine Handvoll Kleingeld aus der &hellip; <\/p>\n<p class=\"link-more\"><a href=\"https:\/\/juk.hmkw.de\/nudeln-und-klopapier\/dating\/\" class=\"more-link\"><span class=\"screen-reader-text\">\u201eKein Cash in der Krise\u201c<\/span> weiterlesen<\/a><\/p>\n","protected":false},"author":3,"featured_media":226,"parent":0,"menu_order":0,"comment_status":"closed","ping_status":"closed","template":"","meta":[],"acf":[],"yoast_head":"<!-- This site is optimized with the Yoast SEO plugin v20.6 - https:\/\/yoast.com\/wordpress\/plugins\/seo\/ -->\n<title>Kein Cash in der Krise - Nudeln &amp; Klopapier<\/title>\n<meta name=\"robots\" content=\"index, follow, max-snippet:-1, max-image-preview:large, max-video-preview:-1\" \/>\n<link rel=\"canonical\" href=\"https:\/\/juk.hmkw.de\/nudeln-und-klopapier\/dating\/\" \/>\n<meta property=\"og:locale\" content=\"de_DE\" \/>\n<meta property=\"og:type\" content=\"article\" \/>\n<meta property=\"og:title\" content=\"Kein Cash in der Krise - Nudeln &amp; Klopapier\" \/>\n<meta property=\"og:description\" content=\"von Flora V\u00f6lcker Kein Job mehr &#8211; was jetzt? Die Corona Pandemie hat die Wirtschaft fast zum Erliegen gebracht. Studierende, die sich mit Nebenjobs ihren Lebensunterhalt und ihr Studium finanzieren m\u00fcssen, trifft es besonders hart. Nun hei\u00dft es zur\u00fcck zu Mutti ziehen oder doch lieber schwarzarbeiten?&nbsp; Mit Schwung holt er eine Handvoll Kleingeld aus der &hellip; \u201eKein Cash in der Krise\u201c weiterlesen\" \/>\n<meta property=\"og:url\" content=\"https:\/\/juk.hmkw.de\/nudeln-und-klopapier\/dating\/\" \/>\n<meta property=\"og:site_name\" content=\"Nudeln &amp; Klopapier\" \/>\n<meta property=\"og:image\" content=\"https:\/\/juk.hmkw.de\/nudeln-und-klopapier\/wp-content\/uploads\/sites\/6\/2020\/07\/Sicherheit-geht-vor-REWE-in-der-Krise.jpg\" \/>\n\t<meta property=\"og:image:width\" content=\"1599\" \/>\n\t<meta property=\"og:image:height\" content=\"744\" \/>\n\t<meta property=\"og:image:type\" content=\"image\/jpeg\" \/>\n<meta name=\"twitter:card\" content=\"summary_large_image\" \/>\n<meta name=\"twitter:label1\" content=\"Gesch\u00e4tzte Lesezeit\" \/>\n\t<meta name=\"twitter:data1\" content=\"4 Minuten\" \/>\n<script type=\"application\/ld+json\" class=\"yoast-schema-graph\">{\"@context\":\"https:\/\/schema.org\",\"@graph\":[{\"@type\":\"WebPage\",\"@id\":\"https:\/\/juk.hmkw.de\/nudeln-und-klopapier\/dating\/\",\"url\":\"https:\/\/juk.hmkw.de\/nudeln-und-klopapier\/dating\/\",\"name\":\"Kein Cash in der Krise - Nudeln &amp; Klopapier\",\"isPartOf\":{\"@id\":\"https:\/\/juk.hmkw.de\/nudeln-und-klopapier\/#website\"},\"datePublished\":\"2020-07-01T10:13:30+00:00\",\"dateModified\":\"2020-07-01T10:13:30+00:00\",\"breadcrumb\":{\"@id\":\"https:\/\/juk.hmkw.de\/nudeln-und-klopapier\/dating\/#breadcrumb\"},\"inLanguage\":\"de-DE\",\"potentialAction\":[{\"@type\":\"ReadAction\",\"target\":[\"https:\/\/juk.hmkw.de\/nudeln-und-klopapier\/dating\/\"]}]},{\"@type\":\"BreadcrumbList\",\"@id\":\"https:\/\/juk.hmkw.de\/nudeln-und-klopapier\/dating\/#breadcrumb\",\"itemListElement\":[{\"@type\":\"ListItem\",\"position\":1,\"name\":\"Startseite\",\"item\":\"https:\/\/juk.hmkw.de\/nudeln-und-klopapier\/\"},{\"@type\":\"ListItem\",\"position\":2,\"name\":\"Kein Cash in der Krise\"}]},{\"@type\":\"WebSite\",\"@id\":\"https:\/\/juk.hmkw.de\/nudeln-und-klopapier\/#website\",\"url\":\"https:\/\/juk.hmkw.de\/nudeln-und-klopapier\/\",\"name\":\"Nudeln &amp; Klopapier\",\"description\":\"Alles, was du f\u00fcr dein Zoomester brauchst!\",\"publisher\":{\"@id\":\"https:\/\/juk.hmkw.de\/nudeln-und-klopapier\/#organization\"},\"potentialAction\":[{\"@type\":\"SearchAction\",\"target\":{\"@type\":\"EntryPoint\",\"urlTemplate\":\"https:\/\/juk.hmkw.de\/nudeln-und-klopapier\/?s={search_term_string}\"},\"query-input\":\"required name=search_term_string\"}],\"inLanguage\":\"de-DE\"},{\"@type\":\"Organization\",\"@id\":\"https:\/\/juk.hmkw.de\/nudeln-und-klopapier\/#organization\",\"name\":\"Nudeln &amp; Klopapier\",\"url\":\"https:\/\/juk.hmkw.de\/nudeln-und-klopapier\/\",\"logo\":{\"@type\":\"ImageObject\",\"inLanguage\":\"de-DE\",\"@id\":\"https:\/\/juk.hmkw.de\/nudeln-und-klopapier\/#\/schema\/logo\/image\/\",\"url\":\"https:\/\/juk.hmkw.de\/nudeln-und-klopapier\/wp-content\/uploads\/sites\/6\/2020\/07\/cropped-final_logo_pure@2x-1.png\",\"contentUrl\":\"https:\/\/juk.hmkw.de\/nudeln-und-klopapier\/wp-content\/uploads\/sites\/6\/2020\/07\/cropped-final_logo_pure@2x-1.png\",\"width\":250,\"height\":250,\"caption\":\"Nudeln &amp; Klopapier\"},\"image\":{\"@id\":\"https:\/\/juk.hmkw.de\/nudeln-und-klopapier\/#\/schema\/logo\/image\/\"}}]}<\/script>\n<!-- \/ Yoast SEO plugin. -->","yoast_head_json":{"title":"Kein Cash in der Krise - Nudeln &amp; Klopapier","robots":{"index":"index","follow":"follow","max-snippet":"max-snippet:-1","max-image-preview":"max-image-preview:large","max-video-preview":"max-video-preview:-1"},"canonical":"https:\/\/juk.hmkw.de\/nudeln-und-klopapier\/dating\/","og_locale":"de_DE","og_type":"article","og_title":"Kein Cash in der Krise - Nudeln &amp; Klopapier","og_description":"von Flora V\u00f6lcker Kein Job mehr &#8211; was jetzt? Die Corona Pandemie hat die Wirtschaft fast zum Erliegen gebracht. Studierende, die sich mit Nebenjobs ihren Lebensunterhalt und ihr Studium finanzieren m\u00fcssen, trifft es besonders hart. Nun hei\u00dft es zur\u00fcck zu Mutti ziehen oder doch lieber schwarzarbeiten?&nbsp; Mit Schwung holt er eine Handvoll Kleingeld aus der &hellip; \u201eKein Cash in der Krise\u201c weiterlesen","og_url":"https:\/\/juk.hmkw.de\/nudeln-und-klopapier\/dating\/","og_site_name":"Nudeln &amp; Klopapier","og_image":[{"width":1599,"height":744,"url":"https:\/\/juk.hmkw.de\/nudeln-und-klopapier\/wp-content\/uploads\/sites\/6\/2020\/07\/Sicherheit-geht-vor-REWE-in-der-Krise.jpg","type":"image\/jpeg"}],"twitter_card":"summary_large_image","twitter_misc":{"Gesch\u00e4tzte Lesezeit":"4 Minuten"},"schema":{"@context":"https:\/\/schema.org","@graph":[{"@type":"WebPage","@id":"https:\/\/juk.hmkw.de\/nudeln-und-klopapier\/dating\/","url":"https:\/\/juk.hmkw.de\/nudeln-und-klopapier\/dating\/","name":"Kein Cash in der Krise - Nudeln &amp; Klopapier","isPartOf":{"@id":"https:\/\/juk.hmkw.de\/nudeln-und-klopapier\/#website"},"datePublished":"2020-07-01T10:13:30+00:00","dateModified":"2020-07-01T10:13:30+00:00","breadcrumb":{"@id":"https:\/\/juk.hmkw.de\/nudeln-und-klopapier\/dating\/#breadcrumb"},"inLanguage":"de-DE","potentialAction":[{"@type":"ReadAction","target":["https:\/\/juk.hmkw.de\/nudeln-und-klopapier\/dating\/"]}]},{"@type":"BreadcrumbList","@id":"https:\/\/juk.hmkw.de\/nudeln-und-klopapier\/dating\/#breadcrumb","itemListElement":[{"@type":"ListItem","position":1,"name":"Startseite","item":"https:\/\/juk.hmkw.de\/nudeln-und-klopapier\/"},{"@type":"ListItem","position":2,"name":"Kein Cash in der Krise"}]},{"@type":"WebSite","@id":"https:\/\/juk.hmkw.de\/nudeln-und-klopapier\/#website","url":"https:\/\/juk.hmkw.de\/nudeln-und-klopapier\/","name":"Nudeln &amp; Klopapier","description":"Alles, was du f\u00fcr dein Zoomester brauchst!","publisher":{"@id":"https:\/\/juk.hmkw.de\/nudeln-und-klopapier\/#organization"},"potentialAction":[{"@type":"SearchAction","target":{"@type":"EntryPoint","urlTemplate":"https:\/\/juk.hmkw.de\/nudeln-und-klopapier\/?s={search_term_string}"},"query-input":"required name=search_term_string"}],"inLanguage":"de-DE"},{"@type":"Organization","@id":"https:\/\/juk.hmkw.de\/nudeln-und-klopapier\/#organization","name":"Nudeln &amp; Klopapier","url":"https:\/\/juk.hmkw.de\/nudeln-und-klopapier\/","logo":{"@type":"ImageObject","inLanguage":"de-DE","@id":"https:\/\/juk.hmkw.de\/nudeln-und-klopapier\/#\/schema\/logo\/image\/","url":"https:\/\/juk.hmkw.de\/nudeln-und-klopapier\/wp-content\/uploads\/sites\/6\/2020\/07\/cropped-final_logo_pure@2x-1.png","contentUrl":"https:\/\/juk.hmkw.de\/nudeln-und-klopapier\/wp-content\/uploads\/sites\/6\/2020\/07\/cropped-final_logo_pure@2x-1.png","width":250,"height":250,"caption":"Nudeln &amp; Klopapier"},"image":{"@id":"https:\/\/juk.hmkw.de\/nudeln-und-klopapier\/#\/schema\/logo\/image\/"}}]}},"_links":{"self":[{"href":"https:\/\/juk.hmkw.de\/nudeln-und-klopapier\/wp-json\/wp\/v2\/pages\/77"}],"collection":[{"href":"https:\/\/juk.hmkw.de\/nudeln-und-klopapier\/wp-json\/wp\/v2\/pages"}],"about":[{"href":"https:\/\/juk.hmkw.de\/nudeln-und-klopapier\/wp-json\/wp\/v2\/types\/page"}],"author":[{"embeddable":true,"href":"https:\/\/juk.hmkw.de\/nudeln-und-klopapier\/wp-json\/wp\/v2\/users\/3"}],"replies":[{"embeddable":true,"href":"https:\/\/juk.hmkw.de\/nudeln-und-klopapier\/wp-json\/wp\/v2\/comments?post=77"}],"version-history":[{"count":0,"href":"https:\/\/juk.hmkw.de\/nudeln-und-klopapier\/wp-json\/wp\/v2\/pages\/77\/revisions"}],"wp:featuredmedia":[{"embeddable":true,"href":"https:\/\/juk.hmkw.de\/nudeln-und-klopapier\/wp-json\/wp\/v2\/media\/226"}],"wp:attachment":[{"href":"https:\/\/juk.hmkw.de\/nudeln-und-klopapier\/wp-json\/wp\/v2\/media?parent=77"}],"curies":[{"name":"wp","href":"https:\/\/api.w.org\/{rel}","templated":true}]}}