{"id":323,"date":"2020-07-13T14:47:32","date_gmt":"2020-07-13T14:47:32","guid":{"rendered":"https:\/\/nudeln-und-klopapier.wortgirls.de\/?page_id=323"},"modified":"2020-07-13T14:47:32","modified_gmt":"2020-07-13T14:47:32","slug":"livestreaming-fernsehen-der-zukunft","status":"publish","type":"page","link":"https:\/\/juk.hmkw.de\/nudeln-und-klopapier\/livestreaming-fernsehen-der-zukunft\/","title":{"rendered":"Livestreaming &#8211; Fernsehen der Zukunft?"},"content":{"rendered":"\n<h5 class=\"has-vivid-red-color has-text-color\">von Niklas Leistner<\/h5>\n\n\n\n<p>In den Zeiten des Lockdowns etablieren sich Livestreams als eine erfolgreiche Form der alternativen Freizeitgestaltung. Tausende von Streamern unterhalten Millionen von Zuschauern. Doch wie ist es, ein Streamer w\u00e4hrend einer Pandemie zu sein?&nbsp;<\/p>\n\n\n\n<div class=\"wp-container-3 wp-block-columns\">\n<div class=\"wp-container-1 wp-block-column\">\n<p class=\"has-drop-cap\">Mit einem leisen Brummen f\u00e4hrt Nico, auf der Streaming-Plattform besser bekannt als \u201e<em>DerNico<\/em>\u201c , seinen Computer hoch. Nach wenigen Sekunden leuchtet schon der erste der drei BenQ Monitoren auf, anschlie\u00dfend folgt der zweite und schlussendlich der dritte. Er \u00f6ffnet das kostenlose Programm Open Broadcast Software. Nico nutzt es, um Live-Sendungen oder sogenannte \u201eLivestreams\u201c direkt an seinem Computer zu produzieren, wie man es fr\u00fcher nur in professionellen Fernsehstudios konnte. <\/p>\n\n\n\n<p>In aller Ruhe startet er auf dem ersten Monitor das popul\u00e4re Spiel \u201e<em>Fortnite<\/em>\u201c. Monitor Nummer zwei wird genutzt, um den \u201eChat\u201c zu \u00f6ffnen, sodass er in Echtzeit mit seinen Zuschauern sprechen kann. \u201eDie direkte Kommunikation und Interaktion mit seinem Lieblingsstreamer macht Livestreamen erst zu dem, was es ist\u201c, erkl\u00e4rt Nico das Ph\u00e4nomen und die Faszination dahinter. Daf\u00fcr ist der Chat essentiell.&nbsp;<\/p>\n\n\n\n<p>Davon profitiert nicht nur der jeweilige Streamer, sondern auch Twitch. . Das Live-Streaming-Videoportal geh\u00f6rt seit August 2014 zu Amazon und wird vorrangig zur \u00dcbertragung von Videospielen genutzt. 51 Prozent der Nutzer sind zwischen 18 und 35 Jahren alt . Das Portal ist gerade f\u00fcr Studenten attraktiv, denn Amazon Prime ist f\u00fcr sie das erste Jahr kostenlos und es ist m\u00f6glich, sein Amazonkonto mit Twitch zu verbinden. So sichern sich Zuschauer besondere Vorteile, wie beispielsweise ihren Lieblingsstreamer einmal im Monat kostenlos zu unterst\u00fctzen, was in der Regel f\u00fcnf Euro kostet. &nbsp;<\/p>\n\n\n\n<p>Auf seinem dritten und letzten Bildschirm \u00f6ffnet Nico die Internetseite \u201e<em>tipeeestream<\/em>\u201c und es zeigt sich ein \u00dcberblick \u00fcber Spenden, Bits und Abonnenten. Dort k\u00f6nnen seine Follower Nachrichten zum virtuellen Geschehen schreiben. Nico hat bei bis zu 2000 Zuschauern nicht immer die M\u00f6glichkeit, auf jede einzelne Nachricht im \u201eChat\u201c einzugehen. <\/p>\n\n\n\n<p>Er dr\u00fcckt auf den gr\u00fcnen Knopf in der unteren rechten Ecke des Programms \u201eAuf Sendung gehen\u201c. Wenige Sekunden sp\u00e4ter schreiben die ersten Nutzer \u201eMoin\u201c, \u201ewie geht\u2019s?\u201c oder auch \u201eendlich wieder ein Stream\u201c. Er lehnt sich zur\u00fcck und begr\u00fc\u00dft seine Follower. Ein markantes Ger\u00e4usch ert\u00f6nt und ein Bild mit einer Nachricht erscheint. \u201emaxderweise\u201c hat Nico f\u00fcnf Euro gespendet. \u201eFeier deine Streams, mach weiter so.\u201c lautet die dazugeh\u00f6rige Mitteilung. Nico bedankt sich mehrfach und nimmt dann sein Gespr\u00e4ch mit dem Chat wieder auf.<\/p>\n<\/div>\n\n\n\n<div class=\"wp-container-2 wp-block-column\">\n<p>Er erkl\u00e4rt: \u201eDie Leute sind in keiner Weise dazu verpflichtet, mir Geld zu spenden. Das geschieht alles freiwillig und die Zuschauer k\u00f6nnen meinen Content auch komplett kostenlos verfolgen. Nat\u00fcrlich freue ich mich, wenn Leute mich unterst\u00fctzen. Zudem kann ich den Erl\u00f6s in die Verbesserung der Stream-Qualit\u00e4t investieren.\u201c <\/p>\n\n\n\n<p>Der Ablauf ist routiniert, als h\u00e4tte sich Nicos Alltag w\u00e4hrend der Corona-Pandemie \u00fcberhaupt&nbsp;nicht ver\u00e4ndert. Er beginnt zu spielen. Nach etwa einer Minute schaut er nach rechts in den Chat: \u201eDu bist schlecht! Man kann dir ja kaum zugucken!\u201c schreibt ein Zuschauer. Nach wenigen Sekunden wird die Nachricht von einem Moderator gel\u00f6scht. Nicos Augen wandern zur\u00fcck zum ersten Monitor und seine Finger finden erneut den Controller.&nbsp;<\/p>\n\n\n\n<p>Moderatoren oder sogenannte <em>\u201eMods<\/em>\u201c k\u00f6nnen sicherstellen, dass der Chat den Standards des Streamers entspricht, indem sie anst\u00f6\u00dfige Beitr\u00e4ge l\u00f6schen. Nico sagt: \u201eMan merkt auch, dass immer mehr Leute in meinem Chat sind, die nicht vertraut sind mit der Plattform und deren Regeln, sowie der angemessenen Sprache. Trotz eingeschr\u00e4nkter kommunikativer Freiheiten, nutzen immer mehr junge Menschen Twitch, um ihren Streamern zuzusehen. Auf diese Weise entwickeln sie eine gewisse Form des pers\u00f6nlichen Verh\u00e4ltnisses zu ihnen. So entstehen am Ende die h\u00f6heren Zuschauerzahlen.\u201c <\/p>\n\n\n\n<p class=\"has-drop-cap\">Nico hat recht, die Livestreaming Plattform ist ein Gewinner der Corona-Krise. Noch im Februar konnte die 100.000er-Marke an gleichzeitigen Zuschauern in Deutschland nur an Wochenenden erreicht werden. Sonst bewegten sie sich zwischen 60.000 und 70.000. Seit Mitte M\u00e4rz sind nun jeden Tag Werte \u00fcber 100.000 die Regel. \u201eAuch wenn man dann \u201cHater\u201d im Chat hat, die nichts Sinnvolles beizutragen haben, sehe ich das dennoch sehr positiv. Ich bin der Meinung, dass Livestreams zu wenig Aufmerksamkeit erhalten haben\u201c, schildert Nico enthusiastisch.<\/p>\n\n\n\n<p>Streaming-Plattformen erm\u00f6glichen es, besonders in Zeiten wie diesen, dem Alltag zu entfliehen und f\u00fcr ein paar Stunden t\u00e4glich abzuschalten. Corona hat vielen Leuten die Chance gegeben, sich mit Livestreaming vertraut zu machen. Es fungiert als eine neue Konstante im Leben vieler Studierender und dennoch ist jeder Stream anders. Im Unterschied zum Fernsehen, in dem oftmals mehrfach der gleiche Blockbuster ausgestrahlt wird, lebt Streaming von der Vielfalt und Einzigartigkeit der Streamer.<br><\/p>\n<\/div>\n<\/div>\n","protected":false},"excerpt":{"rendered":"<p>von Niklas Leistner In den Zeiten des Lockdowns etablieren sich Livestreams als eine erfolgreiche Form der alternativen Freizeitgestaltung. Tausende von Streamern unterhalten Millionen von Zuschauern. Doch wie ist es, ein Streamer w\u00e4hrend einer Pandemie zu sein?&nbsp; Mit einem leisen Brummen f\u00e4hrt Nico, auf der Streaming-Plattform besser bekannt als \u201eDerNico\u201c , seinen Computer hoch. Nach wenigen &hellip; <\/p>\n<p class=\"link-more\"><a href=\"https:\/\/juk.hmkw.de\/nudeln-und-klopapier\/livestreaming-fernsehen-der-zukunft\/\" class=\"more-link\"><span class=\"screen-reader-text\">\u201eLivestreaming &#8211; Fernsehen der Zukunft?\u201c<\/span> weiterlesen<\/a><\/p>\n","protected":false},"author":3,"featured_media":325,"parent":0,"menu_order":0,"comment_status":"closed","ping_status":"closed","template":"","meta":[],"acf":[],"yoast_head":"<!-- This site is optimized with the Yoast SEO plugin v20.6 - https:\/\/yoast.com\/wordpress\/plugins\/seo\/ -->\n<title>Livestreaming - Fernsehen der Zukunft? - Nudeln &amp; Klopapier<\/title>\n<meta name=\"robots\" content=\"index, follow, max-snippet:-1, max-image-preview:large, max-video-preview:-1\" \/>\n<link rel=\"canonical\" href=\"https:\/\/juk.hmkw.de\/nudeln-und-klopapier\/livestreaming-fernsehen-der-zukunft\/\" \/>\n<meta property=\"og:locale\" content=\"de_DE\" \/>\n<meta property=\"og:type\" content=\"article\" \/>\n<meta property=\"og:title\" content=\"Livestreaming - Fernsehen der Zukunft? - Nudeln &amp; Klopapier\" \/>\n<meta property=\"og:description\" content=\"von Niklas Leistner In den Zeiten des Lockdowns etablieren sich Livestreams als eine erfolgreiche Form der alternativen Freizeitgestaltung. Tausende von Streamern unterhalten Millionen von Zuschauern. Doch wie ist es, ein Streamer w\u00e4hrend einer Pandemie zu sein?&nbsp; Mit einem leisen Brummen f\u00e4hrt Nico, auf der Streaming-Plattform besser bekannt als \u201eDerNico\u201c , seinen Computer hoch. Nach wenigen &hellip; \u201eLivestreaming &#8211; Fernsehen der Zukunft?\u201c weiterlesen\" \/>\n<meta property=\"og:url\" content=\"https:\/\/juk.hmkw.de\/nudeln-und-klopapier\/livestreaming-fernsehen-der-zukunft\/\" \/>\n<meta property=\"og:site_name\" content=\"Nudeln &amp; Klopapier\" \/>\n<meta property=\"og:image\" content=\"https:\/\/juk.hmkw.de\/nudeln-und-klopapier\/wp-content\/uploads\/sites\/6\/2020\/07\/Leistner-scaled-1.jpg\" \/>\n\t<meta property=\"og:image:width\" content=\"2560\" \/>\n\t<meta property=\"og:image:height\" content=\"1707\" \/>\n\t<meta property=\"og:image:type\" content=\"image\/jpeg\" \/>\n<meta name=\"twitter:card\" content=\"summary_large_image\" \/>\n<meta name=\"twitter:label1\" content=\"Gesch\u00e4tzte Lesezeit\" \/>\n\t<meta name=\"twitter:data1\" content=\"4 Minuten\" \/>\n<script type=\"application\/ld+json\" class=\"yoast-schema-graph\">{\"@context\":\"https:\/\/schema.org\",\"@graph\":[{\"@type\":\"WebPage\",\"@id\":\"https:\/\/juk.hmkw.de\/nudeln-und-klopapier\/livestreaming-fernsehen-der-zukunft\/\",\"url\":\"https:\/\/juk.hmkw.de\/nudeln-und-klopapier\/livestreaming-fernsehen-der-zukunft\/\",\"name\":\"Livestreaming - Fernsehen der Zukunft? - Nudeln &amp; Klopapier\",\"isPartOf\":{\"@id\":\"https:\/\/juk.hmkw.de\/nudeln-und-klopapier\/#website\"},\"datePublished\":\"2020-07-13T14:47:32+00:00\",\"dateModified\":\"2020-07-13T14:47:32+00:00\",\"breadcrumb\":{\"@id\":\"https:\/\/juk.hmkw.de\/nudeln-und-klopapier\/livestreaming-fernsehen-der-zukunft\/#breadcrumb\"},\"inLanguage\":\"de-DE\",\"potentialAction\":[{\"@type\":\"ReadAction\",\"target\":[\"https:\/\/juk.hmkw.de\/nudeln-und-klopapier\/livestreaming-fernsehen-der-zukunft\/\"]}]},{\"@type\":\"BreadcrumbList\",\"@id\":\"https:\/\/juk.hmkw.de\/nudeln-und-klopapier\/livestreaming-fernsehen-der-zukunft\/#breadcrumb\",\"itemListElement\":[{\"@type\":\"ListItem\",\"position\":1,\"name\":\"Startseite\",\"item\":\"https:\/\/juk.hmkw.de\/nudeln-und-klopapier\/\"},{\"@type\":\"ListItem\",\"position\":2,\"name\":\"Livestreaming &#8211; Fernsehen der Zukunft?\"}]},{\"@type\":\"WebSite\",\"@id\":\"https:\/\/juk.hmkw.de\/nudeln-und-klopapier\/#website\",\"url\":\"https:\/\/juk.hmkw.de\/nudeln-und-klopapier\/\",\"name\":\"Nudeln &amp; Klopapier\",\"description\":\"Alles, was du f\u00fcr dein Zoomester brauchst!\",\"publisher\":{\"@id\":\"https:\/\/juk.hmkw.de\/nudeln-und-klopapier\/#organization\"},\"potentialAction\":[{\"@type\":\"SearchAction\",\"target\":{\"@type\":\"EntryPoint\",\"urlTemplate\":\"https:\/\/juk.hmkw.de\/nudeln-und-klopapier\/?s={search_term_string}\"},\"query-input\":\"required name=search_term_string\"}],\"inLanguage\":\"de-DE\"},{\"@type\":\"Organization\",\"@id\":\"https:\/\/juk.hmkw.de\/nudeln-und-klopapier\/#organization\",\"name\":\"Nudeln &amp; Klopapier\",\"url\":\"https:\/\/juk.hmkw.de\/nudeln-und-klopapier\/\",\"logo\":{\"@type\":\"ImageObject\",\"inLanguage\":\"de-DE\",\"@id\":\"https:\/\/juk.hmkw.de\/nudeln-und-klopapier\/#\/schema\/logo\/image\/\",\"url\":\"https:\/\/juk.hmkw.de\/nudeln-und-klopapier\/wp-content\/uploads\/sites\/6\/2020\/07\/cropped-final_logo_pure@2x-1.png\",\"contentUrl\":\"https:\/\/juk.hmkw.de\/nudeln-und-klopapier\/wp-content\/uploads\/sites\/6\/2020\/07\/cropped-final_logo_pure@2x-1.png\",\"width\":250,\"height\":250,\"caption\":\"Nudeln &amp; Klopapier\"},\"image\":{\"@id\":\"https:\/\/juk.hmkw.de\/nudeln-und-klopapier\/#\/schema\/logo\/image\/\"}}]}<\/script>\n<!-- \/ Yoast SEO plugin. -->","yoast_head_json":{"title":"Livestreaming - Fernsehen der Zukunft? - Nudeln &amp; Klopapier","robots":{"index":"index","follow":"follow","max-snippet":"max-snippet:-1","max-image-preview":"max-image-preview:large","max-video-preview":"max-video-preview:-1"},"canonical":"https:\/\/juk.hmkw.de\/nudeln-und-klopapier\/livestreaming-fernsehen-der-zukunft\/","og_locale":"de_DE","og_type":"article","og_title":"Livestreaming - Fernsehen der Zukunft? - Nudeln &amp; Klopapier","og_description":"von Niklas Leistner In den Zeiten des Lockdowns etablieren sich Livestreams als eine erfolgreiche Form der alternativen Freizeitgestaltung. Tausende von Streamern unterhalten Millionen von Zuschauern. Doch wie ist es, ein Streamer w\u00e4hrend einer Pandemie zu sein?&nbsp; Mit einem leisen Brummen f\u00e4hrt Nico, auf der Streaming-Plattform besser bekannt als \u201eDerNico\u201c , seinen Computer hoch. Nach wenigen &hellip; \u201eLivestreaming &#8211; Fernsehen der Zukunft?\u201c weiterlesen","og_url":"https:\/\/juk.hmkw.de\/nudeln-und-klopapier\/livestreaming-fernsehen-der-zukunft\/","og_site_name":"Nudeln &amp; Klopapier","og_image":[{"width":2560,"height":1707,"url":"https:\/\/juk.hmkw.de\/nudeln-und-klopapier\/wp-content\/uploads\/sites\/6\/2020\/07\/Leistner-scaled-1.jpg","type":"image\/jpeg"}],"twitter_card":"summary_large_image","twitter_misc":{"Gesch\u00e4tzte Lesezeit":"4 Minuten"},"schema":{"@context":"https:\/\/schema.org","@graph":[{"@type":"WebPage","@id":"https:\/\/juk.hmkw.de\/nudeln-und-klopapier\/livestreaming-fernsehen-der-zukunft\/","url":"https:\/\/juk.hmkw.de\/nudeln-und-klopapier\/livestreaming-fernsehen-der-zukunft\/","name":"Livestreaming - Fernsehen der Zukunft? - Nudeln &amp; Klopapier","isPartOf":{"@id":"https:\/\/juk.hmkw.de\/nudeln-und-klopapier\/#website"},"datePublished":"2020-07-13T14:47:32+00:00","dateModified":"2020-07-13T14:47:32+00:00","breadcrumb":{"@id":"https:\/\/juk.hmkw.de\/nudeln-und-klopapier\/livestreaming-fernsehen-der-zukunft\/#breadcrumb"},"inLanguage":"de-DE","potentialAction":[{"@type":"ReadAction","target":["https:\/\/juk.hmkw.de\/nudeln-und-klopapier\/livestreaming-fernsehen-der-zukunft\/"]}]},{"@type":"BreadcrumbList","@id":"https:\/\/juk.hmkw.de\/nudeln-und-klopapier\/livestreaming-fernsehen-der-zukunft\/#breadcrumb","itemListElement":[{"@type":"ListItem","position":1,"name":"Startseite","item":"https:\/\/juk.hmkw.de\/nudeln-und-klopapier\/"},{"@type":"ListItem","position":2,"name":"Livestreaming &#8211; Fernsehen der Zukunft?"}]},{"@type":"WebSite","@id":"https:\/\/juk.hmkw.de\/nudeln-und-klopapier\/#website","url":"https:\/\/juk.hmkw.de\/nudeln-und-klopapier\/","name":"Nudeln &amp; Klopapier","description":"Alles, was du f\u00fcr dein Zoomester brauchst!","publisher":{"@id":"https:\/\/juk.hmkw.de\/nudeln-und-klopapier\/#organization"},"potentialAction":[{"@type":"SearchAction","target":{"@type":"EntryPoint","urlTemplate":"https:\/\/juk.hmkw.de\/nudeln-und-klopapier\/?s={search_term_string}"},"query-input":"required name=search_term_string"}],"inLanguage":"de-DE"},{"@type":"Organization","@id":"https:\/\/juk.hmkw.de\/nudeln-und-klopapier\/#organization","name":"Nudeln &amp; Klopapier","url":"https:\/\/juk.hmkw.de\/nudeln-und-klopapier\/","logo":{"@type":"ImageObject","inLanguage":"de-DE","@id":"https:\/\/juk.hmkw.de\/nudeln-und-klopapier\/#\/schema\/logo\/image\/","url":"https:\/\/juk.hmkw.de\/nudeln-und-klopapier\/wp-content\/uploads\/sites\/6\/2020\/07\/cropped-final_logo_pure@2x-1.png","contentUrl":"https:\/\/juk.hmkw.de\/nudeln-und-klopapier\/wp-content\/uploads\/sites\/6\/2020\/07\/cropped-final_logo_pure@2x-1.png","width":250,"height":250,"caption":"Nudeln &amp; Klopapier"},"image":{"@id":"https:\/\/juk.hmkw.de\/nudeln-und-klopapier\/#\/schema\/logo\/image\/"}}]}},"_links":{"self":[{"href":"https:\/\/juk.hmkw.de\/nudeln-und-klopapier\/wp-json\/wp\/v2\/pages\/323"}],"collection":[{"href":"https:\/\/juk.hmkw.de\/nudeln-und-klopapier\/wp-json\/wp\/v2\/pages"}],"about":[{"href":"https:\/\/juk.hmkw.de\/nudeln-und-klopapier\/wp-json\/wp\/v2\/types\/page"}],"author":[{"embeddable":true,"href":"https:\/\/juk.hmkw.de\/nudeln-und-klopapier\/wp-json\/wp\/v2\/users\/3"}],"replies":[{"embeddable":true,"href":"https:\/\/juk.hmkw.de\/nudeln-und-klopapier\/wp-json\/wp\/v2\/comments?post=323"}],"version-history":[{"count":0,"href":"https:\/\/juk.hmkw.de\/nudeln-und-klopapier\/wp-json\/wp\/v2\/pages\/323\/revisions"}],"wp:featuredmedia":[{"embeddable":true,"href":"https:\/\/juk.hmkw.de\/nudeln-und-klopapier\/wp-json\/wp\/v2\/media\/325"}],"wp:attachment":[{"href":"https:\/\/juk.hmkw.de\/nudeln-und-klopapier\/wp-json\/wp\/v2\/media?parent=323"}],"curies":[{"name":"wp","href":"https:\/\/api.w.org\/{rel}","templated":true}]}}