{"id":312,"date":"2020-07-13T14:30:04","date_gmt":"2020-07-13T14:30:04","guid":{"rendered":"https:\/\/nudeln-und-klopapier.wortgirls.de\/?page_id=312"},"modified":"2020-07-13T14:30:04","modified_gmt":"2020-07-13T14:30:04","slug":"lichtschutzfaktor-netflix","status":"publish","type":"page","link":"https:\/\/juk.hmkw.de\/nudeln-und-klopapier\/lichtschutzfaktor-netflix\/","title":{"rendered":"Lichtschutzfaktor Netflix"},"content":{"rendered":"\n<h5 class=\"has-vivid-red-color has-text-color\">von Mariella Liguori<\/h5>\n\n\n\n<p>Mit Freunden in den Club? Geht nicht! Kino? Geht nicht! Was bleibt: Netflix und Co. &#8211; wie die Streaming-Giganten von der Corona-Krise profitieren.<\/p>\n\n\n\n<div class=\"wp-container-3 wp-block-columns\">\n<div class=\"wp-container-1 wp-block-column\">\n<p class=\"has-drop-cap\">Mach doch mal die Glotze aus!\u201c Diesen Spruch kennt wahrscheinlich jeder von Zuhause. Jetzt sind die meisten Eltern eher still, denn eine Alternative zum Fernseher gibt es kaum. Die Corona-Pandemie hat die gesamte Welt still gelegt. Viele Menschen bleiben daheim und arbeiten von dort aus,  fast alle \u00f6ffentlichen Einrichtungen wie Restaurants, Clubs oder Gesch\u00e4fte geschlossen werden mussten, um die Verbreitung des Virus zu verlangsamen. <\/p>\n\n\n\n<p>Nun fragt sich jeder, wie er sich die Zeit Zuhause am besten vertreibt. Medienforschern f\u00e4llt im Fr\u00fchjahr 2020 besonders eine Sache ins Auge. Laut einer Analyse im April ist die Fernsehzeit in den meisten Haushalten um einiges gestiegen. Im M\u00e4rz schon \u00fcber zehn Prozent gegen\u00fcber den Durchschnittswerten.<br>Speziell Streaming-Portale wie Netflix, Amazon Prime oder Disney+ profitieren davon und kommen eindeutig als Gewinner aus der Krise. 15,7 Millionen Menschen haben sich in den ersten drei Monaten des Jahres bei Netflix ein Abonnement gebucht. Damit wurden alle Erwartungen von Analysten und der B\u00f6rse \u00fcbertroffen. <\/p>\n\n\n\n<p>Der gro\u00dfe Zuwachs an Streaming-Kunden ist auch auf den Wandel des TV-Programms zur\u00fcckzuf\u00fchren. Tags\u00fcber sieht man hier vorwiegend Doku-Soaps, Gewinnspiele oder Mittags-Magazine, die immer wieder den gleichen Inhalt bringen.<br>Wer darauf keine Lust hat, zieht ein Streaming-Abo in Betracht. Hier kann man sich gegen einen Monatsbeitrag aussuchen, wann und was man schauen m\u00f6chte, ohne Werbeunterbrechungen.<\/p>\n\n\n\n<p>F\u00fcr Studenten sind solche Streaming-Dienste lange kein Neuland mehr, schon gar nicht in den USA. Hier hat eine Befragung ergeben, dass 90 Prozent der US-Studenten Zugriff auf ein Netflix Konto haben.&nbsp;Als h\u00e4tte das Portal gewusst, dass es sich im Fr\u00fchjahr 2020 lohnen w\u00fcrde, eine Reihe an Neuerscheinungen herauszubringen, startete eine neue Serie oder Staffel nach der anderen. Ob Fortsetzungen, wie von der Erfolgsserie \u201eElite\u201c, die im Vorjahr schon mit einer Zuschaueranzahl von mehr als 20 Millionen ihren Erfolg feierte oder ganz neue Highlights.&nbsp;<\/p>\n\n\n\n<p>Am 20. M\u00e4rz erschien unter anderem die Doku-Reihe \u201eTiger King\u201c. Sie handelt von einem verr\u00fcckten Z\u00fcchter, der Tiger im eigenen Garten h\u00e4lt und schlie\u00dflich im Gef\u00e4ngnis landet. Die Dokumentation kam allein auf 64 Millionen Zuschauer und hat damit ebenfalls alle Erwartungen \u00fcbertroffen. Doch nicht alle k\u00f6nnen den Hype verstehen. \u201eIch habe es direkt wieder ausgeschaltet. Richtiger Ami-Quatsch. Aber jetzt in der Quarant\u00e4ne, guckt man <\/p>\n<\/div>\n\n\n\n<div class=\"wp-container-2 wp-block-column\">\n<p>gef\u00fchlt sowieso alles\u201c, sagt Benita. Sie ist 18 Jahre alt und hat dieses Jahr ihr Abitur unter Corona-Bedingungen gemacht.\u00a0Mit der Langeweile sinken bei manch einem die Anspr\u00fcche an Filme und Serien. Maurizio, ein 17-J\u00e4hriger Sch\u00fcler, erz\u00e4hlt: ,,Mittlerweile habe ich fast alle gro\u00dfen Serien gesehen. Seit die Schule geschlossen hat, habe ich nicht mehr so viel zu tun. Ich schaue jetzt schon Trash-Serien, die ich normalerweise nie angefangen h\u00e4tte. Hauptsache, man wird unterhalten.\u201c\u00a0<\/p>\n\n\n\n<p>Hannah, eine 19-J\u00e4hrige Studentin aus Offenbach, schildert: \u201eDas Studium an sich macht mir schon zu schaffen. Es ist anstrengend und die Corona-Krise macht es nicht besser.\u201c Vielen Studierenden geht es wie Hannah. Am Wochenende ausgehen war die Belohnung f\u00fcr das Lernen unter der Woche. Doch das ist momentan kaum m\u00f6glich. \u201eDie Situation auf der ganzen Welt ist schon irgendwie deprimierend\u201c, sagt die Studentin. Fernsehen ist f\u00fcr sie wie f\u00fcr viele andere die beste Ablenkung.&nbsp;<\/p>\n\n\n\n<p>\u201eIch vermisse es, mehr zu unternehmen. Auch wenn viele Sachen wieder ge\u00f6ffnet haben, ist es nicht dasselbe mit der Maske und den Abstandsregeln\u201c, erz\u00e4hlt Lukas. Er ist 22 Jahre alt und ein gro\u00dfer Kinofan. \u201eJa, Zuhause Filme und Serien zu streamen ist entspannt, aber mir fehlen das Kino-Feeling und die Leinwand.\u201c<\/p>\n\n\n\n<p class=\"has-drop-cap\">So wie Lukas geht es vielen Kinofans. Kinobetreiber leiden noch h\u00e4rter, n\u00e4mlich finanziell. Dmitry Roschan, Personalleiter des Cinemaxx Offenbach sagt: \u201eEs gab Verluste in Millionen H\u00f6he. Kosten f\u00fcr die Miete und \u00e4hnliches sind ja weiter gelaufen, obwohl wir keine Einnahmen hatten.\u201c<\/p>\n\n\n\n<p>Es kursieren Ger\u00fcchte, dass die Corona-Pandemie auch auf Netflix negative Auswirkungen hatte. Im Internet liest man, dass die Dreharbeiten einiger Produktionen aufgrund des Lockdown, eingestellt werden mussten. Doch Ted Sarandos, bei Netflix f\u00fcr die Inhalte zust\u00e4ndig, beruhigt in einem Gespr\u00e4ch mit Journalisten. F\u00fcr dieses Jahr w\u00e4ren schon alle Inhalte so gut wie im Kasten.&nbsp;<\/p>\n\n\n\n<p>Man kann jedenfalls bezweifeln, ob es im laufenden Quartal weiterhin so gut f\u00fcr die Streaming-Portale laufen wird. Je l\u00e4nger die Corona-Pandemie anh\u00e4lt, umso mehr Menschen werden ihren Job verlieren und damit weniger Geld im Monat zur Verf\u00fcgung haben. Fr\u00fcher oder sp\u00e4ter macht sich das bei den Abonnentenzahlen bemerkbar. Es bleibt eine spannende Zeit und die weiteren Auswirkungen sind in allen Bereichen schwer vorherzusehen. Es hei\u00dft wohl weiterhin abwarten. Viel Spa\u00df beim n\u00e4chsten Serien Marathon \u2013Lichtschutzfaktor inklusive!<\/p>\n<\/div>\n<\/div>\n","protected":false},"excerpt":{"rendered":"<p>von Mariella Liguori Mit Freunden in den Club? Geht nicht! Kino? Geht nicht! Was bleibt: Netflix und Co. &#8211; wie die Streaming-Giganten von der Corona-Krise profitieren. Mach doch mal die Glotze aus!\u201c Diesen Spruch kennt wahrscheinlich jeder von Zuhause. Jetzt sind die meisten Eltern eher still, denn eine Alternative zum Fernseher gibt es kaum. Die &hellip; <\/p>\n<p class=\"link-more\"><a href=\"https:\/\/juk.hmkw.de\/nudeln-und-klopapier\/lichtschutzfaktor-netflix\/\" class=\"more-link\"><span class=\"screen-reader-text\">\u201eLichtschutzfaktor Netflix\u201c<\/span> weiterlesen<\/a><\/p>\n","protected":false},"author":3,"featured_media":314,"parent":0,"menu_order":0,"comment_status":"closed","ping_status":"closed","template":"","meta":[],"acf":[],"yoast_head":"<!-- This site is optimized with the Yoast SEO plugin v20.6 - https:\/\/yoast.com\/wordpress\/plugins\/seo\/ -->\n<title>Lichtschutzfaktor Netflix - Nudeln &amp; Klopapier<\/title>\n<meta name=\"robots\" content=\"index, follow, max-snippet:-1, max-image-preview:large, max-video-preview:-1\" \/>\n<link rel=\"canonical\" href=\"https:\/\/juk.hmkw.de\/nudeln-und-klopapier\/lichtschutzfaktor-netflix\/\" \/>\n<meta property=\"og:locale\" content=\"de_DE\" \/>\n<meta property=\"og:type\" content=\"article\" \/>\n<meta property=\"og:title\" content=\"Lichtschutzfaktor Netflix - Nudeln &amp; Klopapier\" \/>\n<meta property=\"og:description\" content=\"von Mariella Liguori Mit Freunden in den Club? Geht nicht! Kino? Geht nicht! Was bleibt: Netflix und Co. &#8211; wie die Streaming-Giganten von der Corona-Krise profitieren. Mach doch mal die Glotze aus!\u201c Diesen Spruch kennt wahrscheinlich jeder von Zuhause. Jetzt sind die meisten Eltern eher still, denn eine Alternative zum Fernseher gibt es kaum. Die &hellip; \u201eLichtschutzfaktor Netflix\u201c weiterlesen\" \/>\n<meta property=\"og:url\" content=\"https:\/\/juk.hmkw.de\/nudeln-und-klopapier\/lichtschutzfaktor-netflix\/\" \/>\n<meta property=\"og:site_name\" content=\"Nudeln &amp; Klopapier\" \/>\n<meta property=\"og:image\" content=\"https:\/\/juk.hmkw.de\/nudeln-und-klopapier\/wp-content\/uploads\/sites\/6\/2020\/07\/Liguori-scaled-1.jpg\" \/>\n\t<meta property=\"og:image:width\" content=\"2560\" \/>\n\t<meta property=\"og:image:height\" content=\"1707\" \/>\n\t<meta property=\"og:image:type\" content=\"image\/jpeg\" \/>\n<meta name=\"twitter:card\" content=\"summary_large_image\" \/>\n<meta name=\"twitter:label1\" content=\"Gesch\u00e4tzte Lesezeit\" \/>\n\t<meta name=\"twitter:data1\" content=\"4 Minuten\" \/>\n<script type=\"application\/ld+json\" class=\"yoast-schema-graph\">{\"@context\":\"https:\/\/schema.org\",\"@graph\":[{\"@type\":\"WebPage\",\"@id\":\"https:\/\/juk.hmkw.de\/nudeln-und-klopapier\/lichtschutzfaktor-netflix\/\",\"url\":\"https:\/\/juk.hmkw.de\/nudeln-und-klopapier\/lichtschutzfaktor-netflix\/\",\"name\":\"Lichtschutzfaktor Netflix - Nudeln &amp; Klopapier\",\"isPartOf\":{\"@id\":\"https:\/\/juk.hmkw.de\/nudeln-und-klopapier\/#website\"},\"datePublished\":\"2020-07-13T14:30:04+00:00\",\"dateModified\":\"2020-07-13T14:30:04+00:00\",\"breadcrumb\":{\"@id\":\"https:\/\/juk.hmkw.de\/nudeln-und-klopapier\/lichtschutzfaktor-netflix\/#breadcrumb\"},\"inLanguage\":\"de-DE\",\"potentialAction\":[{\"@type\":\"ReadAction\",\"target\":[\"https:\/\/juk.hmkw.de\/nudeln-und-klopapier\/lichtschutzfaktor-netflix\/\"]}]},{\"@type\":\"BreadcrumbList\",\"@id\":\"https:\/\/juk.hmkw.de\/nudeln-und-klopapier\/lichtschutzfaktor-netflix\/#breadcrumb\",\"itemListElement\":[{\"@type\":\"ListItem\",\"position\":1,\"name\":\"Startseite\",\"item\":\"https:\/\/juk.hmkw.de\/nudeln-und-klopapier\/\"},{\"@type\":\"ListItem\",\"position\":2,\"name\":\"Lichtschutzfaktor Netflix\"}]},{\"@type\":\"WebSite\",\"@id\":\"https:\/\/juk.hmkw.de\/nudeln-und-klopapier\/#website\",\"url\":\"https:\/\/juk.hmkw.de\/nudeln-und-klopapier\/\",\"name\":\"Nudeln &amp; Klopapier\",\"description\":\"Alles, was du f\u00fcr dein Zoomester brauchst!\",\"publisher\":{\"@id\":\"https:\/\/juk.hmkw.de\/nudeln-und-klopapier\/#organization\"},\"potentialAction\":[{\"@type\":\"SearchAction\",\"target\":{\"@type\":\"EntryPoint\",\"urlTemplate\":\"https:\/\/juk.hmkw.de\/nudeln-und-klopapier\/?s={search_term_string}\"},\"query-input\":\"required name=search_term_string\"}],\"inLanguage\":\"de-DE\"},{\"@type\":\"Organization\",\"@id\":\"https:\/\/juk.hmkw.de\/nudeln-und-klopapier\/#organization\",\"name\":\"Nudeln &amp; Klopapier\",\"url\":\"https:\/\/juk.hmkw.de\/nudeln-und-klopapier\/\",\"logo\":{\"@type\":\"ImageObject\",\"inLanguage\":\"de-DE\",\"@id\":\"https:\/\/juk.hmkw.de\/nudeln-und-klopapier\/#\/schema\/logo\/image\/\",\"url\":\"https:\/\/juk.hmkw.de\/nudeln-und-klopapier\/wp-content\/uploads\/sites\/6\/2020\/07\/cropped-final_logo_pure@2x-1.png\",\"contentUrl\":\"https:\/\/juk.hmkw.de\/nudeln-und-klopapier\/wp-content\/uploads\/sites\/6\/2020\/07\/cropped-final_logo_pure@2x-1.png\",\"width\":250,\"height\":250,\"caption\":\"Nudeln &amp; Klopapier\"},\"image\":{\"@id\":\"https:\/\/juk.hmkw.de\/nudeln-und-klopapier\/#\/schema\/logo\/image\/\"}}]}<\/script>\n<!-- \/ Yoast SEO plugin. -->","yoast_head_json":{"title":"Lichtschutzfaktor Netflix - Nudeln &amp; Klopapier","robots":{"index":"index","follow":"follow","max-snippet":"max-snippet:-1","max-image-preview":"max-image-preview:large","max-video-preview":"max-video-preview:-1"},"canonical":"https:\/\/juk.hmkw.de\/nudeln-und-klopapier\/lichtschutzfaktor-netflix\/","og_locale":"de_DE","og_type":"article","og_title":"Lichtschutzfaktor Netflix - Nudeln &amp; Klopapier","og_description":"von Mariella Liguori Mit Freunden in den Club? Geht nicht! Kino? Geht nicht! Was bleibt: Netflix und Co. &#8211; wie die Streaming-Giganten von der Corona-Krise profitieren. Mach doch mal die Glotze aus!\u201c Diesen Spruch kennt wahrscheinlich jeder von Zuhause. Jetzt sind die meisten Eltern eher still, denn eine Alternative zum Fernseher gibt es kaum. Die &hellip; \u201eLichtschutzfaktor Netflix\u201c weiterlesen","og_url":"https:\/\/juk.hmkw.de\/nudeln-und-klopapier\/lichtschutzfaktor-netflix\/","og_site_name":"Nudeln &amp; Klopapier","og_image":[{"width":2560,"height":1707,"url":"https:\/\/juk.hmkw.de\/nudeln-und-klopapier\/wp-content\/uploads\/sites\/6\/2020\/07\/Liguori-scaled-1.jpg","type":"image\/jpeg"}],"twitter_card":"summary_large_image","twitter_misc":{"Gesch\u00e4tzte Lesezeit":"4 Minuten"},"schema":{"@context":"https:\/\/schema.org","@graph":[{"@type":"WebPage","@id":"https:\/\/juk.hmkw.de\/nudeln-und-klopapier\/lichtschutzfaktor-netflix\/","url":"https:\/\/juk.hmkw.de\/nudeln-und-klopapier\/lichtschutzfaktor-netflix\/","name":"Lichtschutzfaktor Netflix - Nudeln &amp; Klopapier","isPartOf":{"@id":"https:\/\/juk.hmkw.de\/nudeln-und-klopapier\/#website"},"datePublished":"2020-07-13T14:30:04+00:00","dateModified":"2020-07-13T14:30:04+00:00","breadcrumb":{"@id":"https:\/\/juk.hmkw.de\/nudeln-und-klopapier\/lichtschutzfaktor-netflix\/#breadcrumb"},"inLanguage":"de-DE","potentialAction":[{"@type":"ReadAction","target":["https:\/\/juk.hmkw.de\/nudeln-und-klopapier\/lichtschutzfaktor-netflix\/"]}]},{"@type":"BreadcrumbList","@id":"https:\/\/juk.hmkw.de\/nudeln-und-klopapier\/lichtschutzfaktor-netflix\/#breadcrumb","itemListElement":[{"@type":"ListItem","position":1,"name":"Startseite","item":"https:\/\/juk.hmkw.de\/nudeln-und-klopapier\/"},{"@type":"ListItem","position":2,"name":"Lichtschutzfaktor Netflix"}]},{"@type":"WebSite","@id":"https:\/\/juk.hmkw.de\/nudeln-und-klopapier\/#website","url":"https:\/\/juk.hmkw.de\/nudeln-und-klopapier\/","name":"Nudeln &amp; Klopapier","description":"Alles, was du f\u00fcr dein Zoomester brauchst!","publisher":{"@id":"https:\/\/juk.hmkw.de\/nudeln-und-klopapier\/#organization"},"potentialAction":[{"@type":"SearchAction","target":{"@type":"EntryPoint","urlTemplate":"https:\/\/juk.hmkw.de\/nudeln-und-klopapier\/?s={search_term_string}"},"query-input":"required name=search_term_string"}],"inLanguage":"de-DE"},{"@type":"Organization","@id":"https:\/\/juk.hmkw.de\/nudeln-und-klopapier\/#organization","name":"Nudeln &amp; Klopapier","url":"https:\/\/juk.hmkw.de\/nudeln-und-klopapier\/","logo":{"@type":"ImageObject","inLanguage":"de-DE","@id":"https:\/\/juk.hmkw.de\/nudeln-und-klopapier\/#\/schema\/logo\/image\/","url":"https:\/\/juk.hmkw.de\/nudeln-und-klopapier\/wp-content\/uploads\/sites\/6\/2020\/07\/cropped-final_logo_pure@2x-1.png","contentUrl":"https:\/\/juk.hmkw.de\/nudeln-und-klopapier\/wp-content\/uploads\/sites\/6\/2020\/07\/cropped-final_logo_pure@2x-1.png","width":250,"height":250,"caption":"Nudeln &amp; Klopapier"},"image":{"@id":"https:\/\/juk.hmkw.de\/nudeln-und-klopapier\/#\/schema\/logo\/image\/"}}]}},"_links":{"self":[{"href":"https:\/\/juk.hmkw.de\/nudeln-und-klopapier\/wp-json\/wp\/v2\/pages\/312"}],"collection":[{"href":"https:\/\/juk.hmkw.de\/nudeln-und-klopapier\/wp-json\/wp\/v2\/pages"}],"about":[{"href":"https:\/\/juk.hmkw.de\/nudeln-und-klopapier\/wp-json\/wp\/v2\/types\/page"}],"author":[{"embeddable":true,"href":"https:\/\/juk.hmkw.de\/nudeln-und-klopapier\/wp-json\/wp\/v2\/users\/3"}],"replies":[{"embeddable":true,"href":"https:\/\/juk.hmkw.de\/nudeln-und-klopapier\/wp-json\/wp\/v2\/comments?post=312"}],"version-history":[{"count":0,"href":"https:\/\/juk.hmkw.de\/nudeln-und-klopapier\/wp-json\/wp\/v2\/pages\/312\/revisions"}],"wp:featuredmedia":[{"embeddable":true,"href":"https:\/\/juk.hmkw.de\/nudeln-und-klopapier\/wp-json\/wp\/v2\/media\/314"}],"wp:attachment":[{"href":"https:\/\/juk.hmkw.de\/nudeln-und-klopapier\/wp-json\/wp\/v2\/media?parent=312"}],"curies":[{"name":"wp","href":"https:\/\/api.w.org\/{rel}","templated":true}]}}