{"id":303,"date":"2020-07-13T14:08:05","date_gmt":"2020-07-13T14:08:05","guid":{"rendered":"https:\/\/nudeln-und-klopapier.wortgirls.de\/?page_id=303"},"modified":"2020-07-13T14:08:05","modified_gmt":"2020-07-13T14:08:05","slug":"online-semester-belastet-nicht-nur-die-augen","status":"publish","type":"page","link":"https:\/\/juk.hmkw.de\/nudeln-und-klopapier\/online-semester-belastet-nicht-nur-die-augen\/","title":{"rendered":"Kamera an &#8211; Augen auf!"},"content":{"rendered":"\n<h5 class=\"has-vivid-red-color has-text-color\">von Jannes Sch\u00e4licke<\/h5>\n\n\n\n<p>Online- statt Pr\u00e4senzunterricht an Hochschulen: Eine enorme Herausforderung. Wer das Semester nicht selbst erlebt, kann sich kaum vorstellen, wie das alles funktioniert.<\/p>\n\n\n\n<div class=\"wp-container-3 wp-block-columns\">\n<div class=\"wp-container-1 wp-block-column\">\n<p class=\"has-drop-cap\">Ein lautes Klingeln. Nicht analog, sondern elektronisch. Ein leichter Seufzer. Mit einem Fu\u00dftritt kickt er die Decke in Richtung hintere Bettkante. Erste Amtshandlung des Tages: Der Griff zum Smartphone. Schon so sp\u00e4t! Ab in die K\u00fcche, noch etwas essen und den Laptop starten. Mit einem sanften Surren f\u00e4hrt er hoch. Die Dioden fangen an zu leuchten. Ein letzter Bissen, dann hingesetzt. Einloggen.&nbsp; Nach und nach f\u00fcllen sich die schwarzen Kacheln im virtuellen \u201eZoom-Raum\u201c mit lebendigen Gesichtern. Eine Kontroverse: Die Gruppe sitzt zusammen, und doch wieder nicht, denn jeder ist Zuhause. Das Seminar beginnt.&nbsp;<\/p>\n\n\n\n<p>Diese Situation kennen fast alle aktuell Studierenden seit dem Beginn des Sommersemesters im April 2020. Die Corona-Krise bringt viele selbstverst\u00e4ndliche Alltagsvorg\u00e4nge des \u00f6ffentlichen Lebens durcheinander. W\u00e4hrend es f\u00fcr die meisten Dinge seitens der Regierung L\u00f6sungen gibt, m\u00fcssen Unternehmen und Institutionen, zum Beispiel Universit\u00e4ten, improvisieren.&nbsp;<\/p>\n\n\n\n<p>Jeremias Schmunz ist 18 Jahre alt und studiert seit dem Wintersemester 2019 Volkswirtschaftslehre an der Humboldt-Universit\u00e4t zu Berlin. Er hat den Unialltag schon im Pr\u00e4senzmodus kennengelernt und studiert jetzt vor dem Bildschirm weiter. Auf die Frage, ob er sich Sorgen mache, nach dem Online- Semester eine Brille zu ben\u00f6tigen, antwortet er schmunzelnd: \u201eDa sowohl mein Vater als auch meine Mutter eine Brille tragen, ist die Wahrscheinlichkeit, dass ich sp\u00e4ter mal eine brauche, ohnehin schon ziemlich hoch. Eine zus\u00e4tzliche Bildschirmzeit von ungef\u00e4hr vier bis sechs Stunden am Tag durchs Studium macht das Ganze nicht besser.\u201c&nbsp;<\/p>\n\n\n\n<p>Dass Vorlesungen \u00fcber Zoom vielleicht an einer kleinen, privaten Hochschule funktionieren, l\u00e4ngst aber nicht so gut an einer gro\u00dfen Universit\u00e4t wie der Humboldt, zeigt seine Erfahrung: \u201eWenn es hochkommt, sind bis zu 200 Studierende in einem Zoom-Raum. Da fliegt im Sekundentakt einer raus. Optimal ist das nicht.\u201c\u00a0Sich die Themen selbst zu erarbeiten, sieht er aber auch nicht als Alternative: \u201eWahrscheinlich w\u00fcrden viele nicht alle Aufgaben erledigen. Zur R\u00fcckkehr in Pr\u00e4senz w\u00e4ren dann nicht alle auf dem gleichen Stand.\u201c Jeremias wirkt gelassen, als wolle er den Stier bei den H\u00f6rnern packen und dieses Semester so gut es geht durchziehen. Doch so geht es nicht allen Studierenden.\u00a0Zu Beginn dieses Semesters wurde eine Petition von 20 Studierendenvertretungen und eine von mehr als 1400 Professoren aus ganz Deutschland unterzeichnet, dieses Semester als \u201eKann- Semester\u201c zu werten. Darin fordern sie die Aussetzung der<\/p>\n<\/div>\n\n\n\n<div class=\"wp-container-2 wp-block-column\">\n<p> Regelstudienzeit, die freiwillige Nutzung von Lehrangeboten, die Verschiebung aller Fristen \u2013 also auch Pr\u00fcfungen \u2013 und das Recht, diese wiederholen zu d\u00fcrfen. Hintergrund ist die fehlende Chancengleichheit der Studierenden: Nicht jeder hat eine eigene Wohnung, in der man seine Ruhe hat. Es gibt Studierende, die aus finanziellen Gr\u00fcnden bei ihren Eltern wohnen. Wenn quengelnde Geschwister dazu kommen, im schlimmsten Falle in einer engen Wohnung, wird das Distance- Learning im Home-Office schnell zu einem Alptraum.\u00a0In einiger Hinsicht hatte die Petition Erfolg: Die Regelstudienzeit und damit der Baf\u00f6g-Anspruch wird verl\u00e4ngert, die Studierenden erhalten mehr Zeit.<\/p>\n\n\n\n<p>Doch auch die Dozenten haben es nicht einfach. Sie m\u00fcssen improvisieren und sich fragen, wie sie ihre Lehrinhalte online vermitteln k\u00f6nnen. Und langsam haben auch sie die Nase voll: Mitte Juni taten sich circa 2000 Dozenten verschiedener deutscher Universit\u00e4ten zusammen und unterzeichneten einen offenen Brief. In diesem fordern sie, m\u00f6glichst schnell wieder in den Pr\u00e4senzunterricht zur\u00fcckzukehren. Stand heute sind es sogar knapp 6000 Unterschriften. Mit sogenanntem \u201eHybridunterricht\u201c versuchen manche Hochschulen, wieder in die Pr\u00e4senzlehre zur\u00fcckzukehren. Der Gedanke ist, dass man den Studierenden, die vor Ort anwesend sein wollen, das erm\u00f6glicht. Wer nicht im Raum sein kann oder m\u00f6chte, ist per Video zugeschaltet. Es steht also eine Kamera im Seminarraum, die das Geschehen live aufzeichnet.<\/p>\n\n\n\n<p class=\"has-drop-cap\">Prof. Dr. Sebastian K\u00f6hler ist Dozent an der HMKW-Berlin. Er ist im Studiengang \u201eJournalismus und Unternehmenskommunikation\u201c f\u00fcr Journalismus zust\u00e4ndig. Hybridunterricht findet er nicht gut:&nbsp;\u201eIch rate davon ab. Sagen wir, sieben sitzen im Raum und sieben sind zugeschaltet. Man muss st\u00e4ndig zwischen dem Video- und dem Pr\u00e4senzkurs switchen. Die andere Gruppe wird dabei vernachl\u00e4ssigt. Am Ende geht das zulasten des Lernerfolges der Studierenden.\u201c<\/p>\n\n\n\n<p>Niemand ist f\u00fcr die aktuelle Situation verantwortlich. Hochschulen und Dozenten tun alles, damit der Stoff bestm\u00f6glich vermittelt wird. Doch sollte man darauf achten, es nicht zu \u00fcbertreiben. Es darf nicht unn\u00f6tig Druck auf die Studierenden ausge\u00fcbt werden. Zudem ist heute unbestritten, dass zu viel Bildschirmarbeit sch\u00e4dlich f\u00fcr die Augen ist. Vier bis sechs Stunden mehr an Bildschirmzeit pro Tag sind kontraproduktiv f\u00fcr die Gesundheit.&nbsp; Nicht nur aus diesem Grund bleibt zu hoffen, dass die R\u00fcckkehr zum Pr\u00e4senzunterricht  im Wintersemester 2020 m\u00f6glich ist.<\/p>\n<\/div>\n<\/div>\n","protected":false},"excerpt":{"rendered":"<p>von Jannes Sch\u00e4licke Online- statt Pr\u00e4senzunterricht an Hochschulen: Eine enorme Herausforderung. Wer das Semester nicht selbst erlebt, kann sich kaum vorstellen, wie das alles funktioniert. Ein lautes Klingeln. Nicht analog, sondern elektronisch. Ein leichter Seufzer. Mit einem Fu\u00dftritt kickt er die Decke in Richtung hintere Bettkante. Erste Amtshandlung des Tages: Der Griff zum Smartphone. Schon &hellip; <\/p>\n<p class=\"link-more\"><a href=\"https:\/\/juk.hmkw.de\/nudeln-und-klopapier\/online-semester-belastet-nicht-nur-die-augen\/\" class=\"more-link\"><span class=\"screen-reader-text\">\u201eKamera an &#8211; Augen auf!\u201c<\/span> weiterlesen<\/a><\/p>\n","protected":false},"author":3,"featured_media":419,"parent":0,"menu_order":0,"comment_status":"closed","ping_status":"closed","template":"","meta":[],"acf":[],"yoast_head":"<!-- This site is optimized with the Yoast SEO plugin v20.6 - https:\/\/yoast.com\/wordpress\/plugins\/seo\/ -->\n<title>Kamera an - Augen auf! - Nudeln &amp; Klopapier<\/title>\n<meta name=\"robots\" content=\"index, follow, max-snippet:-1, max-image-preview:large, max-video-preview:-1\" \/>\n<link rel=\"canonical\" href=\"https:\/\/juk.hmkw.de\/nudeln-und-klopapier\/online-semester-belastet-nicht-nur-die-augen\/\" \/>\n<meta property=\"og:locale\" content=\"de_DE\" \/>\n<meta property=\"og:type\" content=\"article\" \/>\n<meta property=\"og:title\" content=\"Kamera an - Augen auf! - Nudeln &amp; Klopapier\" \/>\n<meta property=\"og:description\" content=\"von Jannes Sch\u00e4licke Online- statt Pr\u00e4senzunterricht an Hochschulen: Eine enorme Herausforderung. Wer das Semester nicht selbst erlebt, kann sich kaum vorstellen, wie das alles funktioniert. Ein lautes Klingeln. Nicht analog, sondern elektronisch. Ein leichter Seufzer. Mit einem Fu\u00dftritt kickt er die Decke in Richtung hintere Bettkante. Erste Amtshandlung des Tages: Der Griff zum Smartphone. Schon &hellip; \u201eKamera an &#8211; Augen auf!\u201c weiterlesen\" \/>\n<meta property=\"og:url\" content=\"https:\/\/juk.hmkw.de\/nudeln-und-klopapier\/online-semester-belastet-nicht-nur-die-augen\/\" \/>\n<meta property=\"og:site_name\" content=\"Nudeln &amp; Klopapier\" \/>\n<meta property=\"og:image\" content=\"https:\/\/juk.hmkw.de\/nudeln-und-klopapier\/wp-content\/uploads\/sites\/6\/2020\/07\/Schaelicke.jpg\" \/>\n\t<meta property=\"og:image:width\" content=\"1366\" \/>\n\t<meta property=\"og:image:height\" content=\"768\" \/>\n\t<meta property=\"og:image:type\" content=\"image\/jpeg\" \/>\n<meta name=\"twitter:card\" content=\"summary_large_image\" \/>\n<meta name=\"twitter:label1\" content=\"Gesch\u00e4tzte Lesezeit\" \/>\n\t<meta name=\"twitter:data1\" content=\"4 Minuten\" \/>\n<script type=\"application\/ld+json\" class=\"yoast-schema-graph\">{\"@context\":\"https:\/\/schema.org\",\"@graph\":[{\"@type\":\"WebPage\",\"@id\":\"https:\/\/juk.hmkw.de\/nudeln-und-klopapier\/online-semester-belastet-nicht-nur-die-augen\/\",\"url\":\"https:\/\/juk.hmkw.de\/nudeln-und-klopapier\/online-semester-belastet-nicht-nur-die-augen\/\",\"name\":\"Kamera an - Augen auf! - Nudeln &amp; Klopapier\",\"isPartOf\":{\"@id\":\"https:\/\/juk.hmkw.de\/nudeln-und-klopapier\/#website\"},\"datePublished\":\"2020-07-13T14:08:05+00:00\",\"dateModified\":\"2020-07-13T14:08:05+00:00\",\"breadcrumb\":{\"@id\":\"https:\/\/juk.hmkw.de\/nudeln-und-klopapier\/online-semester-belastet-nicht-nur-die-augen\/#breadcrumb\"},\"inLanguage\":\"de-DE\",\"potentialAction\":[{\"@type\":\"ReadAction\",\"target\":[\"https:\/\/juk.hmkw.de\/nudeln-und-klopapier\/online-semester-belastet-nicht-nur-die-augen\/\"]}]},{\"@type\":\"BreadcrumbList\",\"@id\":\"https:\/\/juk.hmkw.de\/nudeln-und-klopapier\/online-semester-belastet-nicht-nur-die-augen\/#breadcrumb\",\"itemListElement\":[{\"@type\":\"ListItem\",\"position\":1,\"name\":\"Startseite\",\"item\":\"https:\/\/juk.hmkw.de\/nudeln-und-klopapier\/\"},{\"@type\":\"ListItem\",\"position\":2,\"name\":\"Kamera an &#8211; Augen auf!\"}]},{\"@type\":\"WebSite\",\"@id\":\"https:\/\/juk.hmkw.de\/nudeln-und-klopapier\/#website\",\"url\":\"https:\/\/juk.hmkw.de\/nudeln-und-klopapier\/\",\"name\":\"Nudeln &amp; Klopapier\",\"description\":\"Alles, was du f\u00fcr dein Zoomester brauchst!\",\"publisher\":{\"@id\":\"https:\/\/juk.hmkw.de\/nudeln-und-klopapier\/#organization\"},\"potentialAction\":[{\"@type\":\"SearchAction\",\"target\":{\"@type\":\"EntryPoint\",\"urlTemplate\":\"https:\/\/juk.hmkw.de\/nudeln-und-klopapier\/?s={search_term_string}\"},\"query-input\":\"required name=search_term_string\"}],\"inLanguage\":\"de-DE\"},{\"@type\":\"Organization\",\"@id\":\"https:\/\/juk.hmkw.de\/nudeln-und-klopapier\/#organization\",\"name\":\"Nudeln &amp; Klopapier\",\"url\":\"https:\/\/juk.hmkw.de\/nudeln-und-klopapier\/\",\"logo\":{\"@type\":\"ImageObject\",\"inLanguage\":\"de-DE\",\"@id\":\"https:\/\/juk.hmkw.de\/nudeln-und-klopapier\/#\/schema\/logo\/image\/\",\"url\":\"https:\/\/juk.hmkw.de\/nudeln-und-klopapier\/wp-content\/uploads\/sites\/6\/2020\/07\/cropped-final_logo_pure@2x-1.png\",\"contentUrl\":\"https:\/\/juk.hmkw.de\/nudeln-und-klopapier\/wp-content\/uploads\/sites\/6\/2020\/07\/cropped-final_logo_pure@2x-1.png\",\"width\":250,\"height\":250,\"caption\":\"Nudeln &amp; Klopapier\"},\"image\":{\"@id\":\"https:\/\/juk.hmkw.de\/nudeln-und-klopapier\/#\/schema\/logo\/image\/\"}}]}<\/script>\n<!-- \/ Yoast SEO plugin. -->","yoast_head_json":{"title":"Kamera an - Augen auf! - Nudeln &amp; Klopapier","robots":{"index":"index","follow":"follow","max-snippet":"max-snippet:-1","max-image-preview":"max-image-preview:large","max-video-preview":"max-video-preview:-1"},"canonical":"https:\/\/juk.hmkw.de\/nudeln-und-klopapier\/online-semester-belastet-nicht-nur-die-augen\/","og_locale":"de_DE","og_type":"article","og_title":"Kamera an - Augen auf! - Nudeln &amp; Klopapier","og_description":"von Jannes Sch\u00e4licke Online- statt Pr\u00e4senzunterricht an Hochschulen: Eine enorme Herausforderung. Wer das Semester nicht selbst erlebt, kann sich kaum vorstellen, wie das alles funktioniert. Ein lautes Klingeln. Nicht analog, sondern elektronisch. Ein leichter Seufzer. Mit einem Fu\u00dftritt kickt er die Decke in Richtung hintere Bettkante. Erste Amtshandlung des Tages: Der Griff zum Smartphone. Schon &hellip; \u201eKamera an &#8211; Augen auf!\u201c weiterlesen","og_url":"https:\/\/juk.hmkw.de\/nudeln-und-klopapier\/online-semester-belastet-nicht-nur-die-augen\/","og_site_name":"Nudeln &amp; Klopapier","og_image":[{"width":1366,"height":768,"url":"https:\/\/juk.hmkw.de\/nudeln-und-klopapier\/wp-content\/uploads\/sites\/6\/2020\/07\/Schaelicke.jpg","type":"image\/jpeg"}],"twitter_card":"summary_large_image","twitter_misc":{"Gesch\u00e4tzte Lesezeit":"4 Minuten"},"schema":{"@context":"https:\/\/schema.org","@graph":[{"@type":"WebPage","@id":"https:\/\/juk.hmkw.de\/nudeln-und-klopapier\/online-semester-belastet-nicht-nur-die-augen\/","url":"https:\/\/juk.hmkw.de\/nudeln-und-klopapier\/online-semester-belastet-nicht-nur-die-augen\/","name":"Kamera an - Augen auf! - Nudeln &amp; Klopapier","isPartOf":{"@id":"https:\/\/juk.hmkw.de\/nudeln-und-klopapier\/#website"},"datePublished":"2020-07-13T14:08:05+00:00","dateModified":"2020-07-13T14:08:05+00:00","breadcrumb":{"@id":"https:\/\/juk.hmkw.de\/nudeln-und-klopapier\/online-semester-belastet-nicht-nur-die-augen\/#breadcrumb"},"inLanguage":"de-DE","potentialAction":[{"@type":"ReadAction","target":["https:\/\/juk.hmkw.de\/nudeln-und-klopapier\/online-semester-belastet-nicht-nur-die-augen\/"]}]},{"@type":"BreadcrumbList","@id":"https:\/\/juk.hmkw.de\/nudeln-und-klopapier\/online-semester-belastet-nicht-nur-die-augen\/#breadcrumb","itemListElement":[{"@type":"ListItem","position":1,"name":"Startseite","item":"https:\/\/juk.hmkw.de\/nudeln-und-klopapier\/"},{"@type":"ListItem","position":2,"name":"Kamera an &#8211; Augen auf!"}]},{"@type":"WebSite","@id":"https:\/\/juk.hmkw.de\/nudeln-und-klopapier\/#website","url":"https:\/\/juk.hmkw.de\/nudeln-und-klopapier\/","name":"Nudeln &amp; Klopapier","description":"Alles, was du f\u00fcr dein Zoomester brauchst!","publisher":{"@id":"https:\/\/juk.hmkw.de\/nudeln-und-klopapier\/#organization"},"potentialAction":[{"@type":"SearchAction","target":{"@type":"EntryPoint","urlTemplate":"https:\/\/juk.hmkw.de\/nudeln-und-klopapier\/?s={search_term_string}"},"query-input":"required name=search_term_string"}],"inLanguage":"de-DE"},{"@type":"Organization","@id":"https:\/\/juk.hmkw.de\/nudeln-und-klopapier\/#organization","name":"Nudeln &amp; Klopapier","url":"https:\/\/juk.hmkw.de\/nudeln-und-klopapier\/","logo":{"@type":"ImageObject","inLanguage":"de-DE","@id":"https:\/\/juk.hmkw.de\/nudeln-und-klopapier\/#\/schema\/logo\/image\/","url":"https:\/\/juk.hmkw.de\/nudeln-und-klopapier\/wp-content\/uploads\/sites\/6\/2020\/07\/cropped-final_logo_pure@2x-1.png","contentUrl":"https:\/\/juk.hmkw.de\/nudeln-und-klopapier\/wp-content\/uploads\/sites\/6\/2020\/07\/cropped-final_logo_pure@2x-1.png","width":250,"height":250,"caption":"Nudeln &amp; Klopapier"},"image":{"@id":"https:\/\/juk.hmkw.de\/nudeln-und-klopapier\/#\/schema\/logo\/image\/"}}]}},"_links":{"self":[{"href":"https:\/\/juk.hmkw.de\/nudeln-und-klopapier\/wp-json\/wp\/v2\/pages\/303"}],"collection":[{"href":"https:\/\/juk.hmkw.de\/nudeln-und-klopapier\/wp-json\/wp\/v2\/pages"}],"about":[{"href":"https:\/\/juk.hmkw.de\/nudeln-und-klopapier\/wp-json\/wp\/v2\/types\/page"}],"author":[{"embeddable":true,"href":"https:\/\/juk.hmkw.de\/nudeln-und-klopapier\/wp-json\/wp\/v2\/users\/3"}],"replies":[{"embeddable":true,"href":"https:\/\/juk.hmkw.de\/nudeln-und-klopapier\/wp-json\/wp\/v2\/comments?post=303"}],"version-history":[{"count":0,"href":"https:\/\/juk.hmkw.de\/nudeln-und-klopapier\/wp-json\/wp\/v2\/pages\/303\/revisions"}],"wp:featuredmedia":[{"embeddable":true,"href":"https:\/\/juk.hmkw.de\/nudeln-und-klopapier\/wp-json\/wp\/v2\/media\/419"}],"wp:attachment":[{"href":"https:\/\/juk.hmkw.de\/nudeln-und-klopapier\/wp-json\/wp\/v2\/media?parent=303"}],"curies":[{"name":"wp","href":"https:\/\/api.w.org\/{rel}","templated":true}]}}