{"id":274,"date":"2020-07-13T12:22:08","date_gmt":"2020-07-13T12:22:08","guid":{"rendered":"https:\/\/nudeln-und-klopapier.wortgirls.de\/?page_id=274"},"modified":"2020-07-13T12:22:08","modified_gmt":"2020-07-13T12:22:08","slug":"lieber-auf-abstand","status":"publish","type":"page","link":"https:\/\/juk.hmkw.de\/nudeln-und-klopapier\/lieber-auf-abstand\/","title":{"rendered":"Liebe(r) auf Abstand"},"content":{"rendered":"\n<h5 class=\"has-vivid-red-color has-text-color\">von Lara Kirschbaum<\/h5>\n\n\n\n<p>Netflix &amp; Chill war gestern! W\u00e4hrend der Corona-Pandemie ist FaceTime &amp; Wine imTrend. Dating-Apps erm\u00f6glichen sogar romantische Treffen \u2013 wenn auch&nbsp;im virtuellen Raum.<\/p>\n\n\n\n<div class=\"wp-container-3 wp-block-columns\">\n<div class=\"wp-container-1 wp-block-column\">\n<p class=\"has-drop-cap\">Mitte M\u00e4rz bin ich von Frankfurt nach Wien gefahren, um mich mit ihm zu treffen. Es f\u00fchlte sich wie ein normales Date an, doch dann hat \u00d6sterreich am n\u00e4chsten Tag den Lockdown verk\u00fcndet!\u2019\u2019&nbsp;Panik bricht bei Rebekka Rasche aus, der 24j\u00e4hrigen Theater- und&nbsp;Orchestermanagement Studentin. Die Verabschiedung von ihrem Tinder-Date ist&nbsp;wie eine Achterbahnfahrt: Hoch und runter gehen die Emotionen &#8211; und alles geht&nbsp;rasend schnell. Sie springt in den ersten Zug zur\u00fcck nach Deutschland. Nach der&nbsp;Passkontrolle in Passau ist klar: ,,Jetzt werde ich erstmal auf Dates verzichten m\u00fcssen.&#8220;<\/p>\n\n\n\n<p>Wie Rebekka ergeht es vielen jungen Menschen momentan in Deutschland. Das&nbsp;Liebesleben von Singles und Paaren wird auf die Probe gestellt. Corona hei\u00dft der&nbsp;Spielverderber. Geschlossene Bars, Caf\u00e9s und eine Maskenpflicht machen die&nbsp;Sache nicht einfacher. Insbesondere nicht f\u00fcr diejenigen, die neue Kontakte&nbsp;kn\u00fcpfen wollen. Doch die zwei Singlefrauen Charly und Rebekka \u00fcberbr\u00fccken&nbsp;ihre freie Zeit mit der Dating-App ,,Tinder\u2019\u2019. An die gro\u00dfe Liebe glauben sie beide&nbsp;nicht. Dennoch m\u00f6chten sie auch w\u00e4hrend der Ausgangsbeschr\u00e4nkung auf&nbsp;romantische Dates nicht verzichten &#8211; notfalls im virtuellen Raum.<\/p>\n\n\n\n<p>Smartphones sind aus der heutigen Gesellschaft nicht mehr wegzudenken. Eine wichtige Rolle spielen sie vor allem im Leben der j\u00fcngeren Generation. Neben&nbsp;Instagram, Twitter und TikTok laden sich viele Menschen auch eine Dating-App&nbsp;herunter. Daf\u00fcr gibt es ganz unterschiedliche Gr\u00fcnde. Einsamkeit und Langeweile z\u00e4hlen zurzeit zu den Hauptfaktoren. Nach dem ,,Match\u2019\u2019 und dem Kontaktaustausch sind viele auf ein Treffen mit dem Date gespannt. Es ist nicht&nbsp;verboten, sich mit einer weiteren Person au\u00dferhalb des eigenen Haushalts zu&nbsp;treffen. Rebekka sagt: ,,Mein zweites Date hat mich gefragt, ob ich bereit w\u00e4re,&nbsp;das Date in den Park zu verlegen. Ich habe kein Problem, mich w\u00e4hrend Corona&nbsp;mit meinen Dates zu treffen, aber vorgeschlagen h\u00e4tte ich es nicht.\u2019\u2019<\/p>\n\n\n\n<p>Selbst die Dating-App weist ihre Nutzer darauf hin, dass sie sich nur online austauschen sollen. Falls ein Treffen unbedingt sein muss, sollten die Hygienevorschriften und Abstandsregeln eingehalten werden. Nach den Angaben des WDR halten sich die meisten an die Aufforderung. Die Anzahl der Chats sei um 33 Prozent gestiegen und die Dauer der Gespr\u00e4che habe sich um 17 Prozent<\/p>\n<\/div>\n\n\n\n<div class=\"wp-container-2 wp-block-column\">\n<p>verl\u00e4ngert. Innerhalb eines Tages, dem 29. M\u00e4rz, eine Woche nach Inkrafttreten<br>der Kontaktbeschr\u00e4nkungen, wurden drei Milliarden Swipes registriert. Jedoch<br>betont Rebekka: ,,Ich bin nicht auf Tinder, um so viele Dates wie m\u00f6glich zu<br>haben. Sondern um mich mit interessanten Menschen auszutauschen und vielleicht<br>ist da der Richtige dabei.\u2019\u2019<\/p>\n\n\n\n<p>Die Gespr\u00e4che und Treffen haben einen positiven Eindruck hinterlassen, meint sie. ,,Die Menschen, mit denen ich mich ausgetauscht habe, haben meine Corona-Zeit abwechslungsreicher gestaltet.\u2019\u2019Aber eines ist klar: In \u00d6sterreich wird sie vorerst keine Dates mehr haben. ,,Ich habe im Februar mit meinem damaligen Freund Schluss gemacht und brauche deswegen dringend Abwechslung. Da ich aber noch mit meinem Ex-Freund zusammenwohne, konnte ich schlecht jemanden mit nach Hausebringen.\u2019\u2019<\/p>\n\n\n\n<p class=\"has-drop-cap\">Charly Wulff, die 23-J\u00e4hrige Fotografin aus K\u00f6ln, meldet sich wegen\u00a0der Homeoffice-Langeweile bei Tinder an. Am n\u00e4chsten Tag matched sie mit\u00a0Philip, 25 Jahre, aus Ehrenfeld. Ihr Herz pocht vor dem ersten Facetime-Date. Die\u00a0Gedanken schie\u00dfen ihr durch den Kopf. Was passiert, wenn sie beide keinen\u00a0Gespr\u00e4chsstoff mehr haben? Die Notl\u00fcge, sie h\u00e4tte noch einen Termin, kann sie\u00a0w\u00e4hrend Corona nicht benutzen. Sie hat das Online-Dating untersch\u00e4tzt. Doch das\u00a0Date verl\u00e4uft harmonisch. Von Anfang an ist ihr klar, dass es der sicherste Weg\u00a0ist, sich durch Videochats und Telefonate n\u00e4her zu kommen. Das kann die Dates\u00a0viel intensiver machen: ,,Da wir in den zwei Monaten nur \u00fcber Videochats\u00a0Kontakt hatten, kann ich ihn viel besser einsch\u00e4tzen\u2019\u2019, sagt Charly. <\/p>\n\n\n\n<p class=\"has-drop-cap\">Die Telefonate mit Philip werden Teil ihres Alltagslebens. Sie telefonieren jeden Tag mindestens einmal oder haben einen Facetime-Call. Sie ist erleichtert, als er ein Treffen zusagt: ,,Da hat sich das Warten wirklich gelohnt. Wir haben uns gleich gek\u00fcsst, als w\u00e4re das ganz normal beim ersten Treffen.\u2019\u2019 Inzwischen ist sie mit Philip zusammen und bei ihrem Ex-Freund ausgezogen. Auf die Frage, ob sich die Dating Szene nach Corona \u00e4ndern wird, sagt sie: ,,Menschen sind Gewohnheitstiere. Ich kann mir sehr gut vorstellen, dass es auch nach Corona\u00a0vermehrt Online-Dates geben wird.\u2019\u2019 Beide Frauen stellen fest, dass Corona auch eine gute Seite hat. Corona kann verbinden und es ist m\u00f6glich, jemanden kennenzulernen, auch mit dem n\u00f6tigen Mindestabstand.<\/p>\n<\/div>\n<\/div>\n","protected":false},"excerpt":{"rendered":"<p>von Lara Kirschbaum Netflix &amp; Chill war gestern! W\u00e4hrend der Corona-Pandemie ist FaceTime &amp; Wine imTrend. Dating-Apps erm\u00f6glichen sogar romantische Treffen \u2013 wenn auch&nbsp;im virtuellen Raum. Mitte M\u00e4rz bin ich von Frankfurt nach Wien gefahren, um mich mit ihm zu treffen. Es f\u00fchlte sich wie ein normales Date an, doch dann hat \u00d6sterreich am n\u00e4chsten &hellip; <\/p>\n<p class=\"link-more\"><a href=\"https:\/\/juk.hmkw.de\/nudeln-und-klopapier\/lieber-auf-abstand\/\" class=\"more-link\"><span class=\"screen-reader-text\">\u201eLiebe(r) auf Abstand\u201c<\/span> weiterlesen<\/a><\/p>\n","protected":false},"author":3,"featured_media":289,"parent":0,"menu_order":0,"comment_status":"closed","ping_status":"closed","template":"","meta":[],"acf":[],"yoast_head":"<!-- This site is optimized with the Yoast SEO plugin v20.6 - https:\/\/yoast.com\/wordpress\/plugins\/seo\/ -->\n<title>Liebe(r) auf Abstand - Nudeln &amp; Klopapier<\/title>\n<meta name=\"robots\" content=\"index, follow, max-snippet:-1, max-image-preview:large, max-video-preview:-1\" \/>\n<link rel=\"canonical\" href=\"https:\/\/juk.hmkw.de\/nudeln-und-klopapier\/lieber-auf-abstand\/\" \/>\n<meta property=\"og:locale\" content=\"de_DE\" \/>\n<meta property=\"og:type\" content=\"article\" \/>\n<meta property=\"og:title\" content=\"Liebe(r) auf Abstand - Nudeln &amp; Klopapier\" \/>\n<meta property=\"og:description\" content=\"von Lara Kirschbaum Netflix &amp; Chill war gestern! W\u00e4hrend der Corona-Pandemie ist FaceTime &amp; Wine imTrend. Dating-Apps erm\u00f6glichen sogar romantische Treffen \u2013 wenn auch&nbsp;im virtuellen Raum. Mitte M\u00e4rz bin ich von Frankfurt nach Wien gefahren, um mich mit ihm zu treffen. Es f\u00fchlte sich wie ein normales Date an, doch dann hat \u00d6sterreich am n\u00e4chsten &hellip; \u201eLiebe(r) auf Abstand\u201c weiterlesen\" \/>\n<meta property=\"og:url\" content=\"https:\/\/juk.hmkw.de\/nudeln-und-klopapier\/lieber-auf-abstand\/\" \/>\n<meta property=\"og:site_name\" content=\"Nudeln &amp; Klopapier\" \/>\n<meta property=\"og:image\" content=\"https:\/\/juk.hmkw.de\/nudeln-und-klopapier\/wp-content\/uploads\/sites\/6\/2020\/07\/pexels-photo-3951901.jpeg\" \/>\n\t<meta property=\"og:image:width\" content=\"1880\" \/>\n\t<meta property=\"og:image:height\" content=\"1253\" \/>\n\t<meta property=\"og:image:type\" content=\"image\/jpeg\" \/>\n<meta name=\"twitter:card\" content=\"summary_large_image\" \/>\n<meta name=\"twitter:label1\" content=\"Gesch\u00e4tzte Lesezeit\" \/>\n\t<meta name=\"twitter:data1\" content=\"4 Minuten\" \/>\n<script type=\"application\/ld+json\" class=\"yoast-schema-graph\">{\"@context\":\"https:\/\/schema.org\",\"@graph\":[{\"@type\":\"WebPage\",\"@id\":\"https:\/\/juk.hmkw.de\/nudeln-und-klopapier\/lieber-auf-abstand\/\",\"url\":\"https:\/\/juk.hmkw.de\/nudeln-und-klopapier\/lieber-auf-abstand\/\",\"name\":\"Liebe(r) auf Abstand - Nudeln &amp; Klopapier\",\"isPartOf\":{\"@id\":\"https:\/\/juk.hmkw.de\/nudeln-und-klopapier\/#website\"},\"datePublished\":\"2020-07-13T12:22:08+00:00\",\"dateModified\":\"2020-07-13T12:22:08+00:00\",\"breadcrumb\":{\"@id\":\"https:\/\/juk.hmkw.de\/nudeln-und-klopapier\/lieber-auf-abstand\/#breadcrumb\"},\"inLanguage\":\"de-DE\",\"potentialAction\":[{\"@type\":\"ReadAction\",\"target\":[\"https:\/\/juk.hmkw.de\/nudeln-und-klopapier\/lieber-auf-abstand\/\"]}]},{\"@type\":\"BreadcrumbList\",\"@id\":\"https:\/\/juk.hmkw.de\/nudeln-und-klopapier\/lieber-auf-abstand\/#breadcrumb\",\"itemListElement\":[{\"@type\":\"ListItem\",\"position\":1,\"name\":\"Startseite\",\"item\":\"https:\/\/juk.hmkw.de\/nudeln-und-klopapier\/\"},{\"@type\":\"ListItem\",\"position\":2,\"name\":\"Liebe(r) auf Abstand\"}]},{\"@type\":\"WebSite\",\"@id\":\"https:\/\/juk.hmkw.de\/nudeln-und-klopapier\/#website\",\"url\":\"https:\/\/juk.hmkw.de\/nudeln-und-klopapier\/\",\"name\":\"Nudeln &amp; Klopapier\",\"description\":\"Alles, was du f\u00fcr dein Zoomester brauchst!\",\"publisher\":{\"@id\":\"https:\/\/juk.hmkw.de\/nudeln-und-klopapier\/#organization\"},\"potentialAction\":[{\"@type\":\"SearchAction\",\"target\":{\"@type\":\"EntryPoint\",\"urlTemplate\":\"https:\/\/juk.hmkw.de\/nudeln-und-klopapier\/?s={search_term_string}\"},\"query-input\":\"required name=search_term_string\"}],\"inLanguage\":\"de-DE\"},{\"@type\":\"Organization\",\"@id\":\"https:\/\/juk.hmkw.de\/nudeln-und-klopapier\/#organization\",\"name\":\"Nudeln &amp; Klopapier\",\"url\":\"https:\/\/juk.hmkw.de\/nudeln-und-klopapier\/\",\"logo\":{\"@type\":\"ImageObject\",\"inLanguage\":\"de-DE\",\"@id\":\"https:\/\/juk.hmkw.de\/nudeln-und-klopapier\/#\/schema\/logo\/image\/\",\"url\":\"https:\/\/juk.hmkw.de\/nudeln-und-klopapier\/wp-content\/uploads\/sites\/6\/2020\/07\/cropped-final_logo_pure@2x-1.png\",\"contentUrl\":\"https:\/\/juk.hmkw.de\/nudeln-und-klopapier\/wp-content\/uploads\/sites\/6\/2020\/07\/cropped-final_logo_pure@2x-1.png\",\"width\":250,\"height\":250,\"caption\":\"Nudeln &amp; Klopapier\"},\"image\":{\"@id\":\"https:\/\/juk.hmkw.de\/nudeln-und-klopapier\/#\/schema\/logo\/image\/\"}}]}<\/script>\n<!-- \/ Yoast SEO plugin. -->","yoast_head_json":{"title":"Liebe(r) auf Abstand - Nudeln &amp; Klopapier","robots":{"index":"index","follow":"follow","max-snippet":"max-snippet:-1","max-image-preview":"max-image-preview:large","max-video-preview":"max-video-preview:-1"},"canonical":"https:\/\/juk.hmkw.de\/nudeln-und-klopapier\/lieber-auf-abstand\/","og_locale":"de_DE","og_type":"article","og_title":"Liebe(r) auf Abstand - Nudeln &amp; Klopapier","og_description":"von Lara Kirschbaum Netflix &amp; Chill war gestern! W\u00e4hrend der Corona-Pandemie ist FaceTime &amp; Wine imTrend. Dating-Apps erm\u00f6glichen sogar romantische Treffen \u2013 wenn auch&nbsp;im virtuellen Raum. Mitte M\u00e4rz bin ich von Frankfurt nach Wien gefahren, um mich mit ihm zu treffen. Es f\u00fchlte sich wie ein normales Date an, doch dann hat \u00d6sterreich am n\u00e4chsten &hellip; \u201eLiebe(r) auf Abstand\u201c weiterlesen","og_url":"https:\/\/juk.hmkw.de\/nudeln-und-klopapier\/lieber-auf-abstand\/","og_site_name":"Nudeln &amp; Klopapier","og_image":[{"width":1880,"height":1253,"url":"https:\/\/juk.hmkw.de\/nudeln-und-klopapier\/wp-content\/uploads\/sites\/6\/2020\/07\/pexels-photo-3951901.jpeg","type":"image\/jpeg"}],"twitter_card":"summary_large_image","twitter_misc":{"Gesch\u00e4tzte Lesezeit":"4 Minuten"},"schema":{"@context":"https:\/\/schema.org","@graph":[{"@type":"WebPage","@id":"https:\/\/juk.hmkw.de\/nudeln-und-klopapier\/lieber-auf-abstand\/","url":"https:\/\/juk.hmkw.de\/nudeln-und-klopapier\/lieber-auf-abstand\/","name":"Liebe(r) auf Abstand - Nudeln &amp; Klopapier","isPartOf":{"@id":"https:\/\/juk.hmkw.de\/nudeln-und-klopapier\/#website"},"datePublished":"2020-07-13T12:22:08+00:00","dateModified":"2020-07-13T12:22:08+00:00","breadcrumb":{"@id":"https:\/\/juk.hmkw.de\/nudeln-und-klopapier\/lieber-auf-abstand\/#breadcrumb"},"inLanguage":"de-DE","potentialAction":[{"@type":"ReadAction","target":["https:\/\/juk.hmkw.de\/nudeln-und-klopapier\/lieber-auf-abstand\/"]}]},{"@type":"BreadcrumbList","@id":"https:\/\/juk.hmkw.de\/nudeln-und-klopapier\/lieber-auf-abstand\/#breadcrumb","itemListElement":[{"@type":"ListItem","position":1,"name":"Startseite","item":"https:\/\/juk.hmkw.de\/nudeln-und-klopapier\/"},{"@type":"ListItem","position":2,"name":"Liebe(r) auf Abstand"}]},{"@type":"WebSite","@id":"https:\/\/juk.hmkw.de\/nudeln-und-klopapier\/#website","url":"https:\/\/juk.hmkw.de\/nudeln-und-klopapier\/","name":"Nudeln &amp; Klopapier","description":"Alles, was du f\u00fcr dein Zoomester brauchst!","publisher":{"@id":"https:\/\/juk.hmkw.de\/nudeln-und-klopapier\/#organization"},"potentialAction":[{"@type":"SearchAction","target":{"@type":"EntryPoint","urlTemplate":"https:\/\/juk.hmkw.de\/nudeln-und-klopapier\/?s={search_term_string}"},"query-input":"required name=search_term_string"}],"inLanguage":"de-DE"},{"@type":"Organization","@id":"https:\/\/juk.hmkw.de\/nudeln-und-klopapier\/#organization","name":"Nudeln &amp; Klopapier","url":"https:\/\/juk.hmkw.de\/nudeln-und-klopapier\/","logo":{"@type":"ImageObject","inLanguage":"de-DE","@id":"https:\/\/juk.hmkw.de\/nudeln-und-klopapier\/#\/schema\/logo\/image\/","url":"https:\/\/juk.hmkw.de\/nudeln-und-klopapier\/wp-content\/uploads\/sites\/6\/2020\/07\/cropped-final_logo_pure@2x-1.png","contentUrl":"https:\/\/juk.hmkw.de\/nudeln-und-klopapier\/wp-content\/uploads\/sites\/6\/2020\/07\/cropped-final_logo_pure@2x-1.png","width":250,"height":250,"caption":"Nudeln &amp; Klopapier"},"image":{"@id":"https:\/\/juk.hmkw.de\/nudeln-und-klopapier\/#\/schema\/logo\/image\/"}}]}},"_links":{"self":[{"href":"https:\/\/juk.hmkw.de\/nudeln-und-klopapier\/wp-json\/wp\/v2\/pages\/274"}],"collection":[{"href":"https:\/\/juk.hmkw.de\/nudeln-und-klopapier\/wp-json\/wp\/v2\/pages"}],"about":[{"href":"https:\/\/juk.hmkw.de\/nudeln-und-klopapier\/wp-json\/wp\/v2\/types\/page"}],"author":[{"embeddable":true,"href":"https:\/\/juk.hmkw.de\/nudeln-und-klopapier\/wp-json\/wp\/v2\/users\/3"}],"replies":[{"embeddable":true,"href":"https:\/\/juk.hmkw.de\/nudeln-und-klopapier\/wp-json\/wp\/v2\/comments?post=274"}],"version-history":[{"count":0,"href":"https:\/\/juk.hmkw.de\/nudeln-und-klopapier\/wp-json\/wp\/v2\/pages\/274\/revisions"}],"wp:featuredmedia":[{"embeddable":true,"href":"https:\/\/juk.hmkw.de\/nudeln-und-klopapier\/wp-json\/wp\/v2\/media\/289"}],"wp:attachment":[{"href":"https:\/\/juk.hmkw.de\/nudeln-und-klopapier\/wp-json\/wp\/v2\/media?parent=274"}],"curies":[{"name":"wp","href":"https:\/\/api.w.org\/{rel}","templated":true}]}}