{"id":251,"date":"2020-07-13T11:03:22","date_gmt":"2020-07-13T11:03:22","guid":{"rendered":"https:\/\/nudeln-und-klopapier.wortgirls.de\/?page_id=251"},"modified":"2020-07-13T11:03:22","modified_gmt":"2020-07-13T11:03:22","slug":"gemeinsam-einsam","status":"publish","type":"page","link":"https:\/\/juk.hmkw.de\/nudeln-und-klopapier\/gemeinsam-einsam\/","title":{"rendered":"Gemeinsam einsam"},"content":{"rendered":"\n<h5 class=\"has-vivid-red-color has-text-color\">von Val\u00e9rie Schlott<\/h5>\n\n\n\n<p>Immer mehr Menschen leiden unter Einsamkeit. Nur wenigen ist bewusst, welche Auswirkungen das auf die Psyche haben kann. Depressionen kommen wegen der Kontaktbeschr\u00e4nkungen st\u00e4rker ans Licht.<\/p>\n\n\n\n<div class=\"wp-container-3 wp-block-columns\">\n<div class=\"wp-container-1 wp-block-column\">\n<p class=\"has-drop-cap\">Sonnenstrahlen erreichen das sonst so dunkle Zimmer im dritten Stock und der Gedanke ist da, rauszugehen. Aber die Motivation fehlt. Tobias will sich aufraffen und das sch\u00f6ne Wetter genie\u00dfen, bleibt die Frage: was tun? Denn er ist schon die ganzen letzten Wochen alleine ohne Freunde unterwegs. Vielleicht trifft er Bekannte auf der Stra\u00dfe.<br>Die Schuhe sind angezogen, er geht raus durch die T\u00fcr, ins Leben, der erste Schritt ist getan und mit Michael Jackson auf den Ohren l\u00e4uft es sich gleich viel angenehmer. Die Idee, sich ein Eis zu g\u00f6nnen, schie\u00dft ihm nur ganz kurz durch den Kopf.  Er verzichtet, denn die ganze letzte Woche hat er nur Fast-Food gegessen \u2013 und das zeigt sich an seinem \u201eQuarant\u00e4ne- Bauch\u201c, den er ungern in der Badesaison noch zur Schau stellen mag. Andere sitzen zu zweit am Fluss, Familien picknicken \u2013 und Tobias? Er geht alleine spazieren. Auf dem Weg ist ihm, wie so oft, keiner begegnet, den er kennt. Niemand mit dem er ein paar Worte wechseln kann. Tobias kommt zu Hause an und ist wieder allein. Und diesmal auch einsam.<\/p>\n\n\n\n<p>Diese Situation ist keine Seltenheit. Immer mehr Menschen leiden unter der Einsamkeit, die die Corona Vorschriften ihnen abverlangt. Alten wie jungen Menschen f\u00e4llt es schwer, ohne soziale Kontakte ihren Alltag zu leben und komplett auf sich gestellt zu sein.&nbsp;<\/p>\n\n\n\n<p>Das sogenannte Social Distancing verbietet es, wie gewohnt mit unseren Mitmenschen in Kontakt zu treten, dabei kann eine einfache Umarmung viel Wert sein. Sie kann Oxytocin, das Kuschelhormon, freisetzten, das beim Stressabbau hilft und zus\u00e4tzlich unser Immunsystem st\u00e4rken kann. Ist das nicht genau das, was wir aktuell am meisten brauchen, die N\u00e4he? Wir sind als Menschen soziale Wesen.&nbsp;<\/p>\n\n\n\n<p>\u201eEllenbogen\/ Kniebegr\u00fc\u00dfung sind kein Ersatz, mir gehen die Umarmungen ab\u201c, so Dieter Klug, der vor zwei Jahren in den Ruhestand ging und aktuell die Treffen mit seinen Enkelkindern sehr vermisst. Auch Christoph, der im zweiten Semester Englisch und Psychologie auf Lehramt in Eichst\u00e4tt studiert, vermisst besonders beim Schwimmtraining seine Freunde. \u201eIn der Gruppe zu trainieren ist eine ganz andere Erfahrung als allein. Du bist gemeinsam am struggeln, wirst von den anderen getriezt und man pusht sich gegenseitig um besser zu werden.\u201c Das gilt nicht nur f\u00fcr den privaten Bereich, auch f\u00fcr die Arbeit. Alleine im Homeoffice zu arbeiten, f\u00e4llt einigen Menschen schwer. \u201eIm Team findet man <\/p>\n\n\n\n<p><br><\/p>\n<\/div>\n\n\n\n<div class=\"wp-container-2 wp-block-column\">\n<p>schneller eine L\u00f6sung, ein Brainstorming mit mehreren Personen ist oft produktiver\u201c, sagt Diplom Psychologin Dr. Angelika Sturny, die im Bereich F\u00fchrungskr\u00e4fteentwicklung und Talentmanagement in M\u00fcnchen arbeitet. Der Mensch ist ein soziales Wesen und braucht den Kontakt zu anderen.\u00a0<\/p>\n\n\n\n<p>Studien zeigen, dass Kinder, die wenig bis gar keine k\u00f6rperliche Zuneigung erhalten, eine h\u00f6here Wahrscheinlichkeit haben, fr\u00fcher zu sterben. In der Einsamkeit neigen Menschen dazu, sich mit ihren eigenen Gedanken im Kreis zu drehen. Selbstreflexion mag f\u00fcr den einen die Gelegenheit sein, sich zu ver\u00e4ndern. F\u00fcr den anderen jedoch kann es bedeuten, in eine Depression abzugleiten. Mit der Folge, noch weniger Kontakt zu suchen, immer weniger f\u00fcr sich zu tun und noch depressiver zu werden &#8211; ein Teufelskreis, aus dem man schwer einen Ausweg findet. Die Seele ist eine Einheit mit dem K\u00f6rper, was auf die Psyche geht, ist auch langfristig am K\u00f6rper erkennbar.&nbsp;<\/p>\n\n\n\n<p class=\"has-drop-cap\">Das Coronavirus schadet vielen Menschen. Auch wenn es dem ein oder anderen banal erscheint, sind Konzerte, Festivals und Partys ein wichtiger Teil im Leben der J\u00fcngeren, der ihnen aktuell genommen wird. \u201eViele denken, dass die \u00e4ltere Generation von der Einsamkeit am meisten betroffen ist. Dabei sind es viel mehr die 15-25-J\u00e4hrigen, die sich in ihrer Findungsphase befinden und den Kontakt zu Gleichgesinnten brauchen\u201c, sagt die Psychologin. \u201eJugendliche sind auf der Suche nach sich selbst, sie wollen Dinge ausprobieren, neue Kontakte kn\u00fcpfen und sich von ihrem Elternhaus l\u00f6sen, was derzeit nicht m\u00f6glich ist.\u201c Die meisten Jugendlichen halten sich an die derzeitigen Vorschriften. Doch was f\u00fcr den einen blo\u00dfes Feiern ist, ist f\u00fcr einen anderen die Ablenkung von eigenen Problemen, mit denen er sich jetzt unfreiwillig auseinandersetzen muss. Viele psychische Krankheiten waren bereits vorhanden und haben sich nun verst\u00e4rkt durch die Einsamkeit.&nbsp;<\/p>\n\n\n\n<p>Aktuell ist es wichtig in Kontakt mit Bezugspersonen zu sein. Auch wenn es nur \u00fcber Videoanrufe passiert, kann man sich gegenseitig unterst\u00fctzen und \u00fcber Probleme reden. Experten raten, sich selbst nicht zu Ernst zu nehmen. In der Lage, in der wir sind, hat jeder Verst\u00e4ndnis, wenn man 20 Prozent weniger Leistung bringt als sonst. Man kann nur hoffen, dass das \u201eNach Corona\u201c schnell kommt. Und aus dem Einsam ein Gemeinsam macht.<\/p>\n<\/div>\n<\/div>\n","protected":false},"excerpt":{"rendered":"<p>von Val\u00e9rie Schlott Immer mehr Menschen leiden unter Einsamkeit. Nur wenigen ist bewusst, welche Auswirkungen das auf die Psyche haben kann. Depressionen kommen wegen der Kontaktbeschr\u00e4nkungen st\u00e4rker ans Licht. Sonnenstrahlen erreichen das sonst so dunkle Zimmer im dritten Stock und der Gedanke ist da, rauszugehen. Aber die Motivation fehlt. Tobias will sich aufraffen und das &hellip; <\/p>\n<p class=\"link-more\"><a href=\"https:\/\/juk.hmkw.de\/nudeln-und-klopapier\/gemeinsam-einsam\/\" class=\"more-link\"><span class=\"screen-reader-text\">\u201eGemeinsam einsam\u201c<\/span> weiterlesen<\/a><\/p>\n","protected":false},"author":3,"featured_media":283,"parent":0,"menu_order":0,"comment_status":"closed","ping_status":"closed","template":"","meta":[],"acf":[],"yoast_head":"<!-- This site is optimized with the Yoast SEO plugin v20.6 - https:\/\/yoast.com\/wordpress\/plugins\/seo\/ -->\n<title>Gemeinsam einsam - Nudeln &amp; Klopapier<\/title>\n<meta name=\"robots\" content=\"index, follow, max-snippet:-1, max-image-preview:large, max-video-preview:-1\" \/>\n<link rel=\"canonical\" href=\"https:\/\/juk.hmkw.de\/nudeln-und-klopapier\/gemeinsam-einsam\/\" \/>\n<meta property=\"og:locale\" content=\"de_DE\" \/>\n<meta property=\"og:type\" content=\"article\" \/>\n<meta property=\"og:title\" content=\"Gemeinsam einsam - Nudeln &amp; Klopapier\" \/>\n<meta property=\"og:description\" content=\"von Val\u00e9rie Schlott Immer mehr Menschen leiden unter Einsamkeit. Nur wenigen ist bewusst, welche Auswirkungen das auf die Psyche haben kann. Depressionen kommen wegen der Kontaktbeschr\u00e4nkungen st\u00e4rker ans Licht. Sonnenstrahlen erreichen das sonst so dunkle Zimmer im dritten Stock und der Gedanke ist da, rauszugehen. Aber die Motivation fehlt. Tobias will sich aufraffen und das &hellip; \u201eGemeinsam einsam\u201c weiterlesen\" \/>\n<meta property=\"og:url\" content=\"https:\/\/juk.hmkw.de\/nudeln-und-klopapier\/gemeinsam-einsam\/\" \/>\n<meta property=\"og:site_name\" content=\"Nudeln &amp; Klopapier\" \/>\n<meta property=\"og:image\" content=\"https:\/\/juk.hmkw.de\/nudeln-und-klopapier\/wp-content\/uploads\/sites\/6\/2020\/07\/pexels-photo-1134204.jpeg\" \/>\n\t<meta property=\"og:image:width\" content=\"1880\" \/>\n\t<meta property=\"og:image:height\" content=\"1294\" \/>\n\t<meta property=\"og:image:type\" content=\"image\/jpeg\" \/>\n<meta name=\"twitter:card\" content=\"summary_large_image\" \/>\n<meta name=\"twitter:label1\" content=\"Gesch\u00e4tzte Lesezeit\" \/>\n\t<meta name=\"twitter:data1\" content=\"4 Minuten\" \/>\n<script type=\"application\/ld+json\" class=\"yoast-schema-graph\">{\"@context\":\"https:\/\/schema.org\",\"@graph\":[{\"@type\":\"WebPage\",\"@id\":\"https:\/\/juk.hmkw.de\/nudeln-und-klopapier\/gemeinsam-einsam\/\",\"url\":\"https:\/\/juk.hmkw.de\/nudeln-und-klopapier\/gemeinsam-einsam\/\",\"name\":\"Gemeinsam einsam - Nudeln &amp; Klopapier\",\"isPartOf\":{\"@id\":\"https:\/\/juk.hmkw.de\/nudeln-und-klopapier\/#website\"},\"datePublished\":\"2020-07-13T11:03:22+00:00\",\"dateModified\":\"2020-07-13T11:03:22+00:00\",\"breadcrumb\":{\"@id\":\"https:\/\/juk.hmkw.de\/nudeln-und-klopapier\/gemeinsam-einsam\/#breadcrumb\"},\"inLanguage\":\"de-DE\",\"potentialAction\":[{\"@type\":\"ReadAction\",\"target\":[\"https:\/\/juk.hmkw.de\/nudeln-und-klopapier\/gemeinsam-einsam\/\"]}]},{\"@type\":\"BreadcrumbList\",\"@id\":\"https:\/\/juk.hmkw.de\/nudeln-und-klopapier\/gemeinsam-einsam\/#breadcrumb\",\"itemListElement\":[{\"@type\":\"ListItem\",\"position\":1,\"name\":\"Startseite\",\"item\":\"https:\/\/juk.hmkw.de\/nudeln-und-klopapier\/\"},{\"@type\":\"ListItem\",\"position\":2,\"name\":\"Gemeinsam einsam\"}]},{\"@type\":\"WebSite\",\"@id\":\"https:\/\/juk.hmkw.de\/nudeln-und-klopapier\/#website\",\"url\":\"https:\/\/juk.hmkw.de\/nudeln-und-klopapier\/\",\"name\":\"Nudeln &amp; Klopapier\",\"description\":\"Alles, was du f\u00fcr dein Zoomester brauchst!\",\"publisher\":{\"@id\":\"https:\/\/juk.hmkw.de\/nudeln-und-klopapier\/#organization\"},\"potentialAction\":[{\"@type\":\"SearchAction\",\"target\":{\"@type\":\"EntryPoint\",\"urlTemplate\":\"https:\/\/juk.hmkw.de\/nudeln-und-klopapier\/?s={search_term_string}\"},\"query-input\":\"required name=search_term_string\"}],\"inLanguage\":\"de-DE\"},{\"@type\":\"Organization\",\"@id\":\"https:\/\/juk.hmkw.de\/nudeln-und-klopapier\/#organization\",\"name\":\"Nudeln &amp; Klopapier\",\"url\":\"https:\/\/juk.hmkw.de\/nudeln-und-klopapier\/\",\"logo\":{\"@type\":\"ImageObject\",\"inLanguage\":\"de-DE\",\"@id\":\"https:\/\/juk.hmkw.de\/nudeln-und-klopapier\/#\/schema\/logo\/image\/\",\"url\":\"https:\/\/juk.hmkw.de\/nudeln-und-klopapier\/wp-content\/uploads\/sites\/6\/2020\/07\/cropped-final_logo_pure@2x-1.png\",\"contentUrl\":\"https:\/\/juk.hmkw.de\/nudeln-und-klopapier\/wp-content\/uploads\/sites\/6\/2020\/07\/cropped-final_logo_pure@2x-1.png\",\"width\":250,\"height\":250,\"caption\":\"Nudeln &amp; Klopapier\"},\"image\":{\"@id\":\"https:\/\/juk.hmkw.de\/nudeln-und-klopapier\/#\/schema\/logo\/image\/\"}}]}<\/script>\n<!-- \/ Yoast SEO plugin. -->","yoast_head_json":{"title":"Gemeinsam einsam - Nudeln &amp; Klopapier","robots":{"index":"index","follow":"follow","max-snippet":"max-snippet:-1","max-image-preview":"max-image-preview:large","max-video-preview":"max-video-preview:-1"},"canonical":"https:\/\/juk.hmkw.de\/nudeln-und-klopapier\/gemeinsam-einsam\/","og_locale":"de_DE","og_type":"article","og_title":"Gemeinsam einsam - Nudeln &amp; Klopapier","og_description":"von Val\u00e9rie Schlott Immer mehr Menschen leiden unter Einsamkeit. Nur wenigen ist bewusst, welche Auswirkungen das auf die Psyche haben kann. Depressionen kommen wegen der Kontaktbeschr\u00e4nkungen st\u00e4rker ans Licht. Sonnenstrahlen erreichen das sonst so dunkle Zimmer im dritten Stock und der Gedanke ist da, rauszugehen. Aber die Motivation fehlt. Tobias will sich aufraffen und das &hellip; \u201eGemeinsam einsam\u201c weiterlesen","og_url":"https:\/\/juk.hmkw.de\/nudeln-und-klopapier\/gemeinsam-einsam\/","og_site_name":"Nudeln &amp; Klopapier","og_image":[{"width":1880,"height":1294,"url":"https:\/\/juk.hmkw.de\/nudeln-und-klopapier\/wp-content\/uploads\/sites\/6\/2020\/07\/pexels-photo-1134204.jpeg","type":"image\/jpeg"}],"twitter_card":"summary_large_image","twitter_misc":{"Gesch\u00e4tzte Lesezeit":"4 Minuten"},"schema":{"@context":"https:\/\/schema.org","@graph":[{"@type":"WebPage","@id":"https:\/\/juk.hmkw.de\/nudeln-und-klopapier\/gemeinsam-einsam\/","url":"https:\/\/juk.hmkw.de\/nudeln-und-klopapier\/gemeinsam-einsam\/","name":"Gemeinsam einsam - Nudeln &amp; Klopapier","isPartOf":{"@id":"https:\/\/juk.hmkw.de\/nudeln-und-klopapier\/#website"},"datePublished":"2020-07-13T11:03:22+00:00","dateModified":"2020-07-13T11:03:22+00:00","breadcrumb":{"@id":"https:\/\/juk.hmkw.de\/nudeln-und-klopapier\/gemeinsam-einsam\/#breadcrumb"},"inLanguage":"de-DE","potentialAction":[{"@type":"ReadAction","target":["https:\/\/juk.hmkw.de\/nudeln-und-klopapier\/gemeinsam-einsam\/"]}]},{"@type":"BreadcrumbList","@id":"https:\/\/juk.hmkw.de\/nudeln-und-klopapier\/gemeinsam-einsam\/#breadcrumb","itemListElement":[{"@type":"ListItem","position":1,"name":"Startseite","item":"https:\/\/juk.hmkw.de\/nudeln-und-klopapier\/"},{"@type":"ListItem","position":2,"name":"Gemeinsam einsam"}]},{"@type":"WebSite","@id":"https:\/\/juk.hmkw.de\/nudeln-und-klopapier\/#website","url":"https:\/\/juk.hmkw.de\/nudeln-und-klopapier\/","name":"Nudeln &amp; Klopapier","description":"Alles, was du f\u00fcr dein Zoomester brauchst!","publisher":{"@id":"https:\/\/juk.hmkw.de\/nudeln-und-klopapier\/#organization"},"potentialAction":[{"@type":"SearchAction","target":{"@type":"EntryPoint","urlTemplate":"https:\/\/juk.hmkw.de\/nudeln-und-klopapier\/?s={search_term_string}"},"query-input":"required name=search_term_string"}],"inLanguage":"de-DE"},{"@type":"Organization","@id":"https:\/\/juk.hmkw.de\/nudeln-und-klopapier\/#organization","name":"Nudeln &amp; Klopapier","url":"https:\/\/juk.hmkw.de\/nudeln-und-klopapier\/","logo":{"@type":"ImageObject","inLanguage":"de-DE","@id":"https:\/\/juk.hmkw.de\/nudeln-und-klopapier\/#\/schema\/logo\/image\/","url":"https:\/\/juk.hmkw.de\/nudeln-und-klopapier\/wp-content\/uploads\/sites\/6\/2020\/07\/cropped-final_logo_pure@2x-1.png","contentUrl":"https:\/\/juk.hmkw.de\/nudeln-und-klopapier\/wp-content\/uploads\/sites\/6\/2020\/07\/cropped-final_logo_pure@2x-1.png","width":250,"height":250,"caption":"Nudeln &amp; Klopapier"},"image":{"@id":"https:\/\/juk.hmkw.de\/nudeln-und-klopapier\/#\/schema\/logo\/image\/"}}]}},"_links":{"self":[{"href":"https:\/\/juk.hmkw.de\/nudeln-und-klopapier\/wp-json\/wp\/v2\/pages\/251"}],"collection":[{"href":"https:\/\/juk.hmkw.de\/nudeln-und-klopapier\/wp-json\/wp\/v2\/pages"}],"about":[{"href":"https:\/\/juk.hmkw.de\/nudeln-und-klopapier\/wp-json\/wp\/v2\/types\/page"}],"author":[{"embeddable":true,"href":"https:\/\/juk.hmkw.de\/nudeln-und-klopapier\/wp-json\/wp\/v2\/users\/3"}],"replies":[{"embeddable":true,"href":"https:\/\/juk.hmkw.de\/nudeln-und-klopapier\/wp-json\/wp\/v2\/comments?post=251"}],"version-history":[{"count":0,"href":"https:\/\/juk.hmkw.de\/nudeln-und-klopapier\/wp-json\/wp\/v2\/pages\/251\/revisions"}],"wp:featuredmedia":[{"embeddable":true,"href":"https:\/\/juk.hmkw.de\/nudeln-und-klopapier\/wp-json\/wp\/v2\/media\/283"}],"wp:attachment":[{"href":"https:\/\/juk.hmkw.de\/nudeln-und-klopapier\/wp-json\/wp\/v2\/media?parent=251"}],"curies":[{"name":"wp","href":"https:\/\/api.w.org\/{rel}","templated":true}]}}