{"id":532,"date":"2022-07-06T16:35:26","date_gmt":"2022-07-06T14:35:26","guid":{"rendered":"https:\/\/genzhmkw.wordpress.com\/?page_id=532"},"modified":"2022-08-10T10:38:59","modified_gmt":"2022-08-10T08:38:59","slug":"steven","status":"publish","type":"page","link":"https:\/\/juk.hmkw.de\/ma-genz-in\/steven\/","title":{"rendered":"Steven"},"content":{"rendered":"\n<p class=\"has-white-color has-black-background-color has-text-color has-background\">Ressortleiter Future<\/p>\n\n\n\n<div class=\"wp-block-media-text alignwide is-stacked-on-mobile has-white-color has-black-background-color has-text-color has-background\"><figure class=\"wp-block-media-text__media\"><img data-attachment-id=\"444\" data-permalink=\"https:\/\/juk.hmkw.de\/ma-genz-in\/dsc_0093\/\" data-orig-file=\"https:\/\/i0.wp.com\/juk.hmkw.de\/ma-genz-in\/wp-content\/uploads\/sites\/14\/2022\/07\/dsc_0093-e1657156476775-scaled.jpg?fit=2242%2C2560&amp;ssl=1\" data-orig-size=\"2242,2560\" data-comments-opened=\"1\" data-image-meta=\"{&quot;aperture&quot;:&quot;0&quot;,&quot;credit&quot;:&quot;&quot;,&quot;camera&quot;:&quot;&quot;,&quot;caption&quot;:&quot;&quot;,&quot;created_timestamp&quot;:&quot;0&quot;,&quot;copyright&quot;:&quot;&quot;,&quot;focal_length&quot;:&quot;0&quot;,&quot;iso&quot;:&quot;0&quot;,&quot;shutter_speed&quot;:&quot;0&quot;,&quot;title&quot;:&quot;&quot;,&quot;orientation&quot;:&quot;0&quot;}\" data-image-title=\"DSC_0093\" data-image-description=\"\" data-image-caption=\"\" data-medium-file=\"https:\/\/i0.wp.com\/juk.hmkw.de\/ma-genz-in\/wp-content\/uploads\/sites\/14\/2022\/07\/dsc_0093-e1657156476775-scaled.jpg?fit=263%2C300&amp;ssl=1\" data-large-file=\"https:\/\/i0.wp.com\/juk.hmkw.de\/ma-genz-in\/wp-content\/uploads\/sites\/14\/2022\/07\/dsc_0093-e1657156476775-scaled.jpg?fit=700%2C799&amp;ssl=1\" src=\"https:\/\/i0.wp.com\/juk.hmkw.de\/ma-genz-in\/wp-content\/uploads\/sites\/14\/2022\/07\/dsc_0093-e1657156476775.jpg?w=700\" alt=\"\" class=\"wp-image-444 size-full\" data-recalc-dims=\"1\" \/><\/figure><div class=\"wp-block-media-text__content\">\n<p>Moin moin!<br>Ruhe und Rockmusik passen nicht zusammen? Tja, bei mir schon! Denn obwohl ich eher als der \u201cRuhige\u201d gelte, drehe ich die Mucke auf der Festivalwiese gern richtig auf! Ob Rock, Metal oder Indie &#8211; handgemachte Kl\u00e4nge sind ein Muss. Doch journalistentypisch h\u00f6rt der Medienkonsum hier noch lange nicht auf: Ich liebe jede Art von Film und halte es kaum f\u00fcnf Minuten ohne Dauerbeschallung aus. Ein Grund, warum ich gern nach meinem Studium selbst welche drehen m\u00f6chte! Vielleicht sieht man sich also schon bald in den Kino-Credits! \ud83d\ude09<\/p>\n\n\n\n<div class=\"wp-container-1 wp-block-buttons\">\n<div class=\"wp-block-button\"><a class=\"wp-block-button__link has-text-color\" href=\"https:\/\/juk.hmkw.de\/ma-genz-in\/borse-in-der-hosentasche\/\" style=\"color:#e1ff4d\">Das besch\u00e4ftigt mich<\/a><\/div>\n<\/div>\n<\/div><\/div>\n","protected":false},"excerpt":{"rendered":"<p>Ressortleiter Future<\/p>\n","protected":false},"author":73,"featured_media":1026,"parent":0,"menu_order":0,"comment_status":"closed","ping_status":"closed","template":"","meta":[],"jetpack_sharing_enabled":true,"_links":{"self":[{"href":"https:\/\/juk.hmkw.de\/ma-genz-in\/wp-json\/wp\/v2\/pages\/532"}],"collection":[{"href":"https:\/\/juk.hmkw.de\/ma-genz-in\/wp-json\/wp\/v2\/pages"}],"about":[{"href":"https:\/\/juk.hmkw.de\/ma-genz-in\/wp-json\/wp\/v2\/types\/page"}],"author":[{"embeddable":true,"href":"https:\/\/juk.hmkw.de\/ma-genz-in\/wp-json\/wp\/v2\/users\/73"}],"replies":[{"embeddable":true,"href":"https:\/\/juk.hmkw.de\/ma-genz-in\/wp-json\/wp\/v2\/comments?post=532"}],"version-history":[{"count":2,"href":"https:\/\/juk.hmkw.de\/ma-genz-in\/wp-json\/wp\/v2\/pages\/532\/revisions"}],"predecessor-version":[{"id":1407,"href":"https:\/\/juk.hmkw.de\/ma-genz-in\/wp-json\/wp\/v2\/pages\/532\/revisions\/1407"}],"wp:featuredmedia":[{"embeddable":true,"href":"https:\/\/juk.hmkw.de\/ma-genz-in\/wp-json\/wp\/v2\/media\/1026"}],"wp:attachment":[{"href":"https:\/\/juk.hmkw.de\/ma-genz-in\/wp-json\/wp\/v2\/media?parent=532"}],"curies":[{"name":"wp","href":"https:\/\/api.w.org\/{rel}","templated":true}]}}