{"id":521,"date":"2022-07-06T16:29:41","date_gmt":"2022-07-06T14:29:41","guid":{"rendered":"https:\/\/genzhmkw.wordpress.com\/?page_id=521"},"modified":"2022-08-10T10:42:53","modified_gmt":"2022-08-10T08:42:53","slug":"enola","status":"publish","type":"page","link":"https:\/\/juk.hmkw.de\/ma-genz-in\/enola\/","title":{"rendered":"Enola"},"content":{"rendered":"\n<p class=\"has-white-color has-black-background-color has-text-color has-background\">Ressortleiterin Digital<\/p>\n\n\n\n<div class=\"wp-block-media-text alignwide is-stacked-on-mobile has-white-color has-black-background-color has-text-color has-background\"><figure class=\"wp-block-media-text__media\"><img data-attachment-id=\"442\" data-permalink=\"https:\/\/juk.hmkw.de\/ma-genz-in\/dsc_0049\/\" data-orig-file=\"https:\/\/i0.wp.com\/juk.hmkw.de\/ma-genz-in\/wp-content\/uploads\/sites\/14\/2022\/07\/dsc_0049-e1657156714767-scaled.jpg?fit=2317%2C2560&amp;ssl=1\" data-orig-size=\"2317,2560\" data-comments-opened=\"1\" data-image-meta=\"{&quot;aperture&quot;:&quot;0&quot;,&quot;credit&quot;:&quot;&quot;,&quot;camera&quot;:&quot;&quot;,&quot;caption&quot;:&quot;&quot;,&quot;created_timestamp&quot;:&quot;0&quot;,&quot;copyright&quot;:&quot;&quot;,&quot;focal_length&quot;:&quot;0&quot;,&quot;iso&quot;:&quot;0&quot;,&quot;shutter_speed&quot;:&quot;0&quot;,&quot;title&quot;:&quot;&quot;,&quot;orientation&quot;:&quot;0&quot;}\" data-image-title=\"DSC_0049\" data-image-description=\"\" data-image-caption=\"\" data-medium-file=\"https:\/\/i0.wp.com\/juk.hmkw.de\/ma-genz-in\/wp-content\/uploads\/sites\/14\/2022\/07\/dsc_0049-e1657156714767-scaled.jpg?fit=271%2C300&amp;ssl=1\" data-large-file=\"https:\/\/i0.wp.com\/juk.hmkw.de\/ma-genz-in\/wp-content\/uploads\/sites\/14\/2022\/07\/dsc_0049-e1657156714767-scaled.jpg?fit=700%2C773&amp;ssl=1\" src=\"https:\/\/i0.wp.com\/juk.hmkw.de\/ma-genz-in\/wp-content\/uploads\/sites\/14\/2022\/07\/dsc_0049-e1657156714767.jpg?w=700\" alt=\"\" class=\"wp-image-442 size-full\" data-recalc-dims=\"1\" \/><\/figure><div class=\"wp-block-media-text__content\">\n<p>Hello, it&#8217;s me! Als 19-j\u00e4hrige Tr\u00e4umerin spreche ich nur eine Sprache \u2013 die der Musik. Wenn du mit mir unterwegs bist, ist ein Ohrwurm sicher. Au\u00dferdem wirst du in meiner Gegenwart niemals hungern. Ich koche gerne ein drei G\u00e4nge Men\u00fc f\u00fcr dich, solang du mir deine K\u00fcche \u00fcberl\u00e4sst. Leider bin ich sonntags immer verplant, denn da kommt Formel 1. Aber wenn du magst, k\u00f6nnen wir uns abends noch auf ein Gl\u00e4schen Wein und K\u00e4seh\u00e4ppchen treffen. Vorausgesetzt, ich bin da noch nicht in einem Buch oder einer Serie versunken&#8230; Ah btw, lies mal meinen Namen r\u00fcckw\u00e4rts \u2013 das bin ich nie!<\/p>\n\n\n\n<div class=\"wp-container-1 wp-block-buttons\">\n<div class=\"wp-block-button has-custom-font-size has-small-font-size\"><a class=\"wp-block-button__link has-text-color\" href=\"https:\/\/juk.hmkw.de\/ma-genz-in\/druck-dir-deine-welt\/\" style=\"color:#e1ff4d\" target=\"_blank\" rel=\"noreferrer noopener\">Das besch\u00e4ftigt mich<\/a><\/div>\n<\/div>\n<\/div><\/div>\n","protected":false},"excerpt":{"rendered":"<p>Ressortleiterin Digital<\/p>\n","protected":false},"author":73,"featured_media":1026,"parent":0,"menu_order":0,"comment_status":"closed","ping_status":"closed","template":"","meta":[],"jetpack_sharing_enabled":true,"_links":{"self":[{"href":"https:\/\/juk.hmkw.de\/ma-genz-in\/wp-json\/wp\/v2\/pages\/521"}],"collection":[{"href":"https:\/\/juk.hmkw.de\/ma-genz-in\/wp-json\/wp\/v2\/pages"}],"about":[{"href":"https:\/\/juk.hmkw.de\/ma-genz-in\/wp-json\/wp\/v2\/types\/page"}],"author":[{"embeddable":true,"href":"https:\/\/juk.hmkw.de\/ma-genz-in\/wp-json\/wp\/v2\/users\/73"}],"replies":[{"embeddable":true,"href":"https:\/\/juk.hmkw.de\/ma-genz-in\/wp-json\/wp\/v2\/comments?post=521"}],"version-history":[{"count":3,"href":"https:\/\/juk.hmkw.de\/ma-genz-in\/wp-json\/wp\/v2\/pages\/521\/revisions"}],"predecessor-version":[{"id":1412,"href":"https:\/\/juk.hmkw.de\/ma-genz-in\/wp-json\/wp\/v2\/pages\/521\/revisions\/1412"}],"wp:featuredmedia":[{"embeddable":true,"href":"https:\/\/juk.hmkw.de\/ma-genz-in\/wp-json\/wp\/v2\/media\/1026"}],"wp:attachment":[{"href":"https:\/\/juk.hmkw.de\/ma-genz-in\/wp-json\/wp\/v2\/media?parent=521"}],"curies":[{"name":"wp","href":"https:\/\/api.w.org\/{rel}","templated":true}]}}