{"id":507,"date":"2022-07-06T16:25:25","date_gmt":"2022-07-06T14:25:25","guid":{"rendered":"https:\/\/genzhmkw.wordpress.com\/?page_id=507"},"modified":"2022-08-10T10:30:59","modified_gmt":"2022-08-10T08:30:59","slug":"luca","status":"publish","type":"page","link":"https:\/\/juk.hmkw.de\/ma-genz-in\/luca\/","title":{"rendered":"Luca"},"content":{"rendered":"\n<p class=\"has-white-color has-black-background-color has-text-color has-background\">Chefredakteur<\/p>\n\n\n\n<div class=\"wp-block-media-text alignwide is-stacked-on-mobile has-white-color has-black-background-color has-text-color has-background\"><figure class=\"wp-block-media-text__media\"><img data-attachment-id=\"447\" data-permalink=\"https:\/\/juk.hmkw.de\/ma-genz-in\/dsc_0178-2\/\" data-orig-file=\"https:\/\/i0.wp.com\/juk.hmkw.de\/ma-genz-in\/wp-content\/uploads\/sites\/14\/2022\/07\/dsc_0178-1-e1657157149821-scaled.jpg?fit=2038%2C2560&amp;ssl=1\" data-orig-size=\"2038,2560\" data-comments-opened=\"1\" data-image-meta=\"{&quot;aperture&quot;:&quot;0&quot;,&quot;credit&quot;:&quot;&quot;,&quot;camera&quot;:&quot;&quot;,&quot;caption&quot;:&quot;&quot;,&quot;created_timestamp&quot;:&quot;0&quot;,&quot;copyright&quot;:&quot;&quot;,&quot;focal_length&quot;:&quot;0&quot;,&quot;iso&quot;:&quot;0&quot;,&quot;shutter_speed&quot;:&quot;0&quot;,&quot;title&quot;:&quot;&quot;,&quot;orientation&quot;:&quot;0&quot;}\" data-image-title=\"DSC_0178\" data-image-description=\"\" data-image-caption=\"\" data-medium-file=\"https:\/\/i0.wp.com\/juk.hmkw.de\/ma-genz-in\/wp-content\/uploads\/sites\/14\/2022\/07\/dsc_0178-1-e1657157149821-scaled.jpg?fit=239%2C300&amp;ssl=1\" data-large-file=\"https:\/\/i0.wp.com\/juk.hmkw.de\/ma-genz-in\/wp-content\/uploads\/sites\/14\/2022\/07\/dsc_0178-1-e1657157149821-scaled.jpg?fit=700%2C880&amp;ssl=1\" src=\"https:\/\/i0.wp.com\/juk.hmkw.de\/ma-genz-in\/wp-content\/uploads\/sites\/14\/2022\/07\/dsc_0178-1-e1657157149821.jpg?w=700\" alt=\"\" class=\"wp-image-447 size-full\" data-recalc-dims=\"1\" \/><\/figure><div class=\"wp-block-media-text__content\">\n<p><\/p>\n\n\n\n<p>Gude,<\/p>\n\n\n\n<p>ich bin 25 Jahre alt und erfolgreich der \u00c4lteste im Kurs. Gerade noch so zu Generation Z zugeh\u00f6rig durfte ich gl\u00fccklicherweise an diesem Magazin mitwirken. Wenn ich nicht gerade mit ausreichend Kaffee in der Vorlesung sitze, verbringe ich bei sch\u00f6nem Wetter viel Zeit drau\u00dfen mit Freunden oder begleite Eintracht Frankfurt bei internationalen Titeln quer durch Europa. Nat\u00fcrlich verreise ich auch gerne ohne Fu\u00dfball, verbringe meine Zeit auf Konzerten oder Festivals und genie\u00dfe die Zeit mit vielen Menschen um mich herum.<\/p>\n\n\n\n<div class=\"wp-container-1 wp-block-buttons\">\n<div class=\"wp-block-button\"><a class=\"wp-block-button__link has-text-color\" href=\"https:\/\/juk.hmkw.de\/ma-genz-in\/fur-frischen-wind-braucht-es-frische-parteien\/\" style=\"color:#e1ff4d\">Das besch\u00e4ftigt mich<\/a><\/div>\n<\/div>\n<\/div><\/div>\n","protected":false},"excerpt":{"rendered":"<p>Chefredakteur<\/p>\n","protected":false},"author":73,"featured_media":1026,"parent":0,"menu_order":0,"comment_status":"closed","ping_status":"closed","template":"","meta":[],"jetpack_sharing_enabled":true,"_links":{"self":[{"href":"https:\/\/juk.hmkw.de\/ma-genz-in\/wp-json\/wp\/v2\/pages\/507"}],"collection":[{"href":"https:\/\/juk.hmkw.de\/ma-genz-in\/wp-json\/wp\/v2\/pages"}],"about":[{"href":"https:\/\/juk.hmkw.de\/ma-genz-in\/wp-json\/wp\/v2\/types\/page"}],"author":[{"embeddable":true,"href":"https:\/\/juk.hmkw.de\/ma-genz-in\/wp-json\/wp\/v2\/users\/73"}],"replies":[{"embeddable":true,"href":"https:\/\/juk.hmkw.de\/ma-genz-in\/wp-json\/wp\/v2\/comments?post=507"}],"version-history":[{"count":3,"href":"https:\/\/juk.hmkw.de\/ma-genz-in\/wp-json\/wp\/v2\/pages\/507\/revisions"}],"predecessor-version":[{"id":1403,"href":"https:\/\/juk.hmkw.de\/ma-genz-in\/wp-json\/wp\/v2\/pages\/507\/revisions\/1403"}],"wp:featuredmedia":[{"embeddable":true,"href":"https:\/\/juk.hmkw.de\/ma-genz-in\/wp-json\/wp\/v2\/media\/1026"}],"wp:attachment":[{"href":"https:\/\/juk.hmkw.de\/ma-genz-in\/wp-json\/wp\/v2\/media?parent=507"}],"curies":[{"name":"wp","href":"https:\/\/api.w.org\/{rel}","templated":true}]}}