{"id":494,"date":"2022-07-06T16:21:57","date_gmt":"2022-07-06T14:21:57","guid":{"rendered":"https:\/\/genzhmkw.wordpress.com\/?page_id=494"},"modified":"2022-08-10T10:45:48","modified_gmt":"2022-08-10T08:45:48","slug":"johanna","status":"publish","type":"page","link":"https:\/\/juk.hmkw.de\/ma-genz-in\/johanna\/","title":{"rendered":"Johanna"},"content":{"rendered":"\n<p class=\"has-white-color has-black-background-color has-text-color has-background\">Chefin vom Dienst<\/p>\n\n\n\n<div class=\"wp-block-media-text alignwide is-stacked-on-mobile has-white-color has-black-background-color has-text-color has-background\"><figure class=\"wp-block-media-text__media\"><img data-attachment-id=\"497\" data-permalink=\"https:\/\/juk.hmkw.de\/ma-genz-in\/johanna\/bild-johanna-1\/\" data-orig-file=\"https:\/\/i0.wp.com\/juk.hmkw.de\/ma-genz-in\/wp-content\/uploads\/sites\/14\/2022\/07\/bild-johanna-1-e1657157417321-scaled.jpg?fit=2255%2C2560&amp;ssl=1\" data-orig-size=\"2255,2560\" data-comments-opened=\"1\" data-image-meta=\"{&quot;aperture&quot;:&quot;0&quot;,&quot;credit&quot;:&quot;&quot;,&quot;camera&quot;:&quot;&quot;,&quot;caption&quot;:&quot;&quot;,&quot;created_timestamp&quot;:&quot;0&quot;,&quot;copyright&quot;:&quot;&quot;,&quot;focal_length&quot;:&quot;0&quot;,&quot;iso&quot;:&quot;0&quot;,&quot;shutter_speed&quot;:&quot;0&quot;,&quot;title&quot;:&quot;&quot;,&quot;orientation&quot;:&quot;0&quot;}\" data-image-title=\"bild-johanna-1\" data-image-description=\"\" data-image-caption=\"&lt;p&gt;Johanna&lt;\/p&gt;\n\" data-medium-file=\"https:\/\/i0.wp.com\/juk.hmkw.de\/ma-genz-in\/wp-content\/uploads\/sites\/14\/2022\/07\/bild-johanna-1-e1657157417321-scaled.jpg?fit=264%2C300&amp;ssl=1\" data-large-file=\"https:\/\/i0.wp.com\/juk.hmkw.de\/ma-genz-in\/wp-content\/uploads\/sites\/14\/2022\/07\/bild-johanna-1-e1657157417321-scaled.jpg?fit=700%2C795&amp;ssl=1\" src=\"https:\/\/i0.wp.com\/juk.hmkw.de\/ma-genz-in\/wp-content\/uploads\/sites\/14\/2022\/07\/bild-johanna-1-e1657157417321.jpg?w=700\" alt=\"\" class=\"wp-image-497 size-full\" data-recalc-dims=\"1\" \/><\/figure><div class=\"wp-block-media-text__content\">\n<p>Heyy! Ich bin 23 Jahre alt und geb\u00fcrtige Middlfr\u00e4nggin. Meine Liebe f\u00fcrs Lesen und Schreiben habe ich schon in jungen Jahren entdeckt \u2013 und bin ihr offensichtlich bis heute treu geblieben. Wenn ich nicht gerade als Poetin die sozialen Netzwerke unsicher mache, bin ich als passionierte Violinistin Mitglied der Metropol Philharmonic Big Band. Deshalb h\u00f6ren meine Nachbarn regelm\u00e4\u00dfig Schostakowitsch, Filmmusik oder Teile eines Big Band Arrangements. Ob sie wollen oder nicht. \ud83d\ude09<\/p>\n\n\n\n<div class=\"wp-container-1 wp-block-buttons\">\n<div class=\"wp-block-button\"><a class=\"wp-block-button__link has-text-color\" href=\"https:\/\/juk.hmkw.de\/ma-genz-in\/diagnose-depression\/\" style=\"color:#e1ff4d\">Das besch\u00e4ftigt mich<\/a><\/div>\n<\/div>\n<\/div><\/div>\n","protected":false},"excerpt":{"rendered":"<p>Chefin vom Dienst<\/p>\n","protected":false},"author":73,"featured_media":0,"parent":0,"menu_order":0,"comment_status":"closed","ping_status":"closed","template":"","meta":[],"jetpack_sharing_enabled":true,"_links":{"self":[{"href":"https:\/\/juk.hmkw.de\/ma-genz-in\/wp-json\/wp\/v2\/pages\/494"}],"collection":[{"href":"https:\/\/juk.hmkw.de\/ma-genz-in\/wp-json\/wp\/v2\/pages"}],"about":[{"href":"https:\/\/juk.hmkw.de\/ma-genz-in\/wp-json\/wp\/v2\/types\/page"}],"author":[{"embeddable":true,"href":"https:\/\/juk.hmkw.de\/ma-genz-in\/wp-json\/wp\/v2\/users\/73"}],"replies":[{"embeddable":true,"href":"https:\/\/juk.hmkw.de\/ma-genz-in\/wp-json\/wp\/v2\/comments?post=494"}],"version-history":[{"count":2,"href":"https:\/\/juk.hmkw.de\/ma-genz-in\/wp-json\/wp\/v2\/pages\/494\/revisions"}],"predecessor-version":[{"id":1415,"href":"https:\/\/juk.hmkw.de\/ma-genz-in\/wp-json\/wp\/v2\/pages\/494\/revisions\/1415"}],"wp:attachment":[{"href":"https:\/\/juk.hmkw.de\/ma-genz-in\/wp-json\/wp\/v2\/media?parent=494"}],"curies":[{"name":"wp","href":"https:\/\/api.w.org\/{rel}","templated":true}]}}