{"id":487,"date":"2022-07-06T16:19:46","date_gmt":"2022-07-06T14:19:46","guid":{"rendered":"https:\/\/genzhmkw.wordpress.com\/?page_id=487"},"modified":"2022-08-10T10:51:25","modified_gmt":"2022-08-10T08:51:25","slug":"jette","status":"publish","type":"page","link":"https:\/\/juk.hmkw.de\/ma-genz-in\/jette\/","title":{"rendered":"Jette"},"content":{"rendered":"\n<p class=\"has-white-color has-black-background-color has-text-color has-background\">stv. Chefredakteurin<\/p>\n\n\n\n<div class=\"wp-block-media-text alignwide is-stacked-on-mobile has-white-color has-black-background-color has-text-color has-background\"><figure class=\"wp-block-media-text__media\"><img data-attachment-id=\"490\" data-permalink=\"https:\/\/juk.hmkw.de\/ma-genz-in\/jette\/bildergalerie-1\/\" data-orig-file=\"https:\/\/i0.wp.com\/juk.hmkw.de\/ma-genz-in\/wp-content\/uploads\/sites\/14\/2022\/07\/bildergalerie-1-e1657157551901-scaled.jpg?fit=2296%2C2560&amp;ssl=1\" data-orig-size=\"2296,2560\" data-comments-opened=\"1\" data-image-meta=\"{&quot;aperture&quot;:&quot;0&quot;,&quot;credit&quot;:&quot;&quot;,&quot;camera&quot;:&quot;&quot;,&quot;caption&quot;:&quot;&quot;,&quot;created_timestamp&quot;:&quot;0&quot;,&quot;copyright&quot;:&quot;&quot;,&quot;focal_length&quot;:&quot;0&quot;,&quot;iso&quot;:&quot;0&quot;,&quot;shutter_speed&quot;:&quot;0&quot;,&quot;title&quot;:&quot;&quot;,&quot;orientation&quot;:&quot;0&quot;}\" data-image-title=\"bildergalerie-1\" data-image-description=\"\" data-image-caption=\"\" data-medium-file=\"https:\/\/i0.wp.com\/juk.hmkw.de\/ma-genz-in\/wp-content\/uploads\/sites\/14\/2022\/07\/bildergalerie-1-e1657157551901-scaled.jpg?fit=269%2C300&amp;ssl=1\" data-large-file=\"https:\/\/i0.wp.com\/juk.hmkw.de\/ma-genz-in\/wp-content\/uploads\/sites\/14\/2022\/07\/bildergalerie-1-e1657157551901-scaled.jpg?fit=700%2C780&amp;ssl=1\" src=\"https:\/\/i0.wp.com\/juk.hmkw.de\/ma-genz-in\/wp-content\/uploads\/sites\/14\/2022\/07\/bildergalerie-1-e1657157551901.jpg?w=700\" alt=\"\" class=\"wp-image-490 size-full\" data-recalc-dims=\"1\" \/><\/figure><div class=\"wp-block-media-text__content\">\n<p>Heyo ich bin 20 Jahre alt und liebe, liebe Kaffee \u00fcber alles. Au\u00dferdem w\u00fcrde ich gerne coole Klamotten oder Dekosachen einfach aus Pinterest-Bildern rausnehmen k\u00f6nnen, um ein kleines Ensemble an besonderen Sachen zu haben. Da dies bis jetzt leider noch nicht m\u00f6glich ist, versuche ich mein Gl\u00fcck regelm\u00e4\u00dfig auf Flohm\u00e4rkten oder in Second Hand L\u00e4den und habe da schon den ein oder anderen Traum-Schnapper gemacht. Um nichts vom trubelig sch\u00f6nen Leben zu verpassen, halte ich gerne Momente mit meiner Analogkamera fest \u2764\ufe0f<\/p>\n\n\n\n<div class=\"wp-container-1 wp-block-buttons\">\n<div class=\"wp-block-button\"><a class=\"wp-block-button__link has-text-color\" href=\"https:\/\/juk.hmkw.de\/ma-genz-in\/veganistmuss\/\" style=\"color:#e1ff4d\">Das besch\u00e4ftigt mich<\/a><\/div>\n<\/div>\n<\/div><\/div>\n","protected":false},"excerpt":{"rendered":"<p>stv. Chefredakteurin<\/p>\n","protected":false},"author":73,"featured_media":1026,"parent":0,"menu_order":0,"comment_status":"closed","ping_status":"closed","template":"","meta":[],"jetpack_sharing_enabled":true,"_links":{"self":[{"href":"https:\/\/juk.hmkw.de\/ma-genz-in\/wp-json\/wp\/v2\/pages\/487"}],"collection":[{"href":"https:\/\/juk.hmkw.de\/ma-genz-in\/wp-json\/wp\/v2\/pages"}],"about":[{"href":"https:\/\/juk.hmkw.de\/ma-genz-in\/wp-json\/wp\/v2\/types\/page"}],"author":[{"embeddable":true,"href":"https:\/\/juk.hmkw.de\/ma-genz-in\/wp-json\/wp\/v2\/users\/73"}],"replies":[{"embeddable":true,"href":"https:\/\/juk.hmkw.de\/ma-genz-in\/wp-json\/wp\/v2\/comments?post=487"}],"version-history":[{"count":3,"href":"https:\/\/juk.hmkw.de\/ma-genz-in\/wp-json\/wp\/v2\/pages\/487\/revisions"}],"predecessor-version":[{"id":1423,"href":"https:\/\/juk.hmkw.de\/ma-genz-in\/wp-json\/wp\/v2\/pages\/487\/revisions\/1423"}],"wp:featuredmedia":[{"embeddable":true,"href":"https:\/\/juk.hmkw.de\/ma-genz-in\/wp-json\/wp\/v2\/media\/1026"}],"wp:attachment":[{"href":"https:\/\/juk.hmkw.de\/ma-genz-in\/wp-json\/wp\/v2\/media?parent=487"}],"curies":[{"name":"wp","href":"https:\/\/api.w.org\/{rel}","templated":true}]}}