{"id":484,"date":"2022-07-06T16:17:55","date_gmt":"2022-07-06T14:17:55","guid":{"rendered":"https:\/\/genzhmkw.wordpress.com\/?page_id=484"},"modified":"2022-08-09T19:51:28","modified_gmt":"2022-08-09T17:51:28","slug":"malin","status":"publish","type":"page","link":"https:\/\/juk.hmkw.de\/ma-genz-in\/malin\/","title":{"rendered":"Malin"},"content":{"rendered":"\n<div class=\"wp-block-media-text alignwide is-stacked-on-mobile has-white-color has-black-background-color has-text-color has-background\"><figure class=\"wp-block-media-text__media\"><img data-attachment-id=\"485\" data-permalink=\"https:\/\/juk.hmkw.de\/ma-genz-in\/malin\/dsc_0029-1\/\" data-orig-file=\"https:\/\/i0.wp.com\/juk.hmkw.de\/ma-genz-in\/wp-content\/uploads\/sites\/14\/2022\/07\/dsc_0029-1-e1657157690723-scaled.jpg?fit=2131%2C2560&amp;ssl=1\" data-orig-size=\"2131,2560\" data-comments-opened=\"1\" data-image-meta=\"{&quot;aperture&quot;:&quot;0&quot;,&quot;credit&quot;:&quot;&quot;,&quot;camera&quot;:&quot;&quot;,&quot;caption&quot;:&quot;&quot;,&quot;created_timestamp&quot;:&quot;0&quot;,&quot;copyright&quot;:&quot;&quot;,&quot;focal_length&quot;:&quot;0&quot;,&quot;iso&quot;:&quot;0&quot;,&quot;shutter_speed&quot;:&quot;0&quot;,&quot;title&quot;:&quot;&quot;,&quot;orientation&quot;:&quot;0&quot;}\" data-image-title=\"dsc_0029-1\" data-image-description=\"\" data-image-caption=\"\" data-medium-file=\"https:\/\/i0.wp.com\/juk.hmkw.de\/ma-genz-in\/wp-content\/uploads\/sites\/14\/2022\/07\/dsc_0029-1-e1657157690723-scaled.jpg?fit=250%2C300&amp;ssl=1\" data-large-file=\"https:\/\/i0.wp.com\/juk.hmkw.de\/ma-genz-in\/wp-content\/uploads\/sites\/14\/2022\/07\/dsc_0029-1-e1657157690723-scaled.jpg?fit=700%2C841&amp;ssl=1\" src=\"https:\/\/i0.wp.com\/juk.hmkw.de\/ma-genz-in\/wp-content\/uploads\/sites\/14\/2022\/07\/dsc_0029-1-e1657157690723.jpg?w=700\" alt=\"\" class=\"wp-image-485 size-full\" data-recalc-dims=\"1\" \/><\/figure><div class=\"wp-block-media-text__content\">\n<p>Huhu, ich bin 20 Jahre alt und wenn ich nicht gerade Vorlesungen habe, sitze ich im n\u00e4chsten Flieger auf dem Weg in den Urlaub. Am liebsten geht es nach Italien an den Gardasee. Family and Friends d\u00fcrfen dabei nat\u00fcrlich nicht fehlen. Am Wochenende findet man mich auf dem Fu\u00dfballplatz, obwohl ich ehrlich gesagt wenig Ahnung davon habe &#8211; ich bin eher das Fangirl am Rand. Was sonst so in meinem Leben nicht fehlen darf: Onlineshopping, Chicken Nuggets und leider viele Tankf\u00fcllungen, um meine Freunde mitten in der Nacht abzuholen.&nbsp;<\/p>\n\n\n\n<div class=\"wp-container-1 wp-block-buttons\">\n<div class=\"wp-block-button\"><a class=\"wp-block-button__link has-text-color\" href=\"https:\/\/juk.hmkw.de\/ma-genz-in\/traumjob-influencer\/\" style=\"color:#e1ff4d\">Das besch\u00e4ftigt mich<\/a><\/div>\n<\/div>\n<\/div><\/div>\n","protected":false},"excerpt":{"rendered":"","protected":false},"author":73,"featured_media":1026,"parent":0,"menu_order":0,"comment_status":"closed","ping_status":"closed","template":"","meta":[],"jetpack_sharing_enabled":true,"_links":{"self":[{"href":"https:\/\/juk.hmkw.de\/ma-genz-in\/wp-json\/wp\/v2\/pages\/484"}],"collection":[{"href":"https:\/\/juk.hmkw.de\/ma-genz-in\/wp-json\/wp\/v2\/pages"}],"about":[{"href":"https:\/\/juk.hmkw.de\/ma-genz-in\/wp-json\/wp\/v2\/types\/page"}],"author":[{"embeddable":true,"href":"https:\/\/juk.hmkw.de\/ma-genz-in\/wp-json\/wp\/v2\/users\/73"}],"replies":[{"embeddable":true,"href":"https:\/\/juk.hmkw.de\/ma-genz-in\/wp-json\/wp\/v2\/comments?post=484"}],"version-history":[{"count":3,"href":"https:\/\/juk.hmkw.de\/ma-genz-in\/wp-json\/wp\/v2\/pages\/484\/revisions"}],"predecessor-version":[{"id":1326,"href":"https:\/\/juk.hmkw.de\/ma-genz-in\/wp-json\/wp\/v2\/pages\/484\/revisions\/1326"}],"wp:featuredmedia":[{"embeddable":true,"href":"https:\/\/juk.hmkw.de\/ma-genz-in\/wp-json\/wp\/v2\/media\/1026"}],"wp:attachment":[{"href":"https:\/\/juk.hmkw.de\/ma-genz-in\/wp-json\/wp\/v2\/media?parent=484"}],"curies":[{"name":"wp","href":"https:\/\/api.w.org\/{rel}","templated":true}]}}