{"id":465,"date":"2022-07-06T16:13:11","date_gmt":"2022-07-06T14:13:11","guid":{"rendered":"https:\/\/genzhmkw.wordpress.com\/?page_id=465"},"modified":"2022-09-06T09:45:00","modified_gmt":"2022-09-06T07:45:00","slug":"laura","status":"publish","type":"page","link":"https:\/\/juk.hmkw.de\/ma-genz-in\/laura\/","title":{"rendered":"Laura"},"content":{"rendered":"\n<div class=\"wp-block-media-text alignwide is-stacked-on-mobile has-white-color has-black-background-color has-text-color has-background\"><figure class=\"wp-block-media-text__media\"><img data-attachment-id=\"468\" data-permalink=\"https:\/\/juk.hmkw.de\/ma-genz-in\/laura\/dsc_0076-1\/\" data-orig-file=\"https:\/\/i0.wp.com\/juk.hmkw.de\/ma-genz-in\/wp-content\/uploads\/sites\/14\/2022\/07\/dsc_0076-1-e1657158282923-scaled.jpg?fit=1927%2C2560&amp;ssl=1\" data-orig-size=\"1927,2560\" data-comments-opened=\"1\" data-image-meta=\"{&quot;aperture&quot;:&quot;0&quot;,&quot;credit&quot;:&quot;&quot;,&quot;camera&quot;:&quot;&quot;,&quot;caption&quot;:&quot;&quot;,&quot;created_timestamp&quot;:&quot;0&quot;,&quot;copyright&quot;:&quot;&quot;,&quot;focal_length&quot;:&quot;0&quot;,&quot;iso&quot;:&quot;0&quot;,&quot;shutter_speed&quot;:&quot;0&quot;,&quot;title&quot;:&quot;&quot;,&quot;orientation&quot;:&quot;0&quot;}\" data-image-title=\"dsc_0076-1\" data-image-description=\"\" data-image-caption=\"&lt;p&gt;Laura&lt;\/p&gt;\n\" data-medium-file=\"https:\/\/i0.wp.com\/juk.hmkw.de\/ma-genz-in\/wp-content\/uploads\/sites\/14\/2022\/07\/dsc_0076-1-e1657158282923-scaled.jpg?fit=226%2C300&amp;ssl=1\" data-large-file=\"https:\/\/i0.wp.com\/juk.hmkw.de\/ma-genz-in\/wp-content\/uploads\/sites\/14\/2022\/07\/dsc_0076-1-e1657158282923-scaled.jpg?fit=700%2C930&amp;ssl=1\" src=\"https:\/\/i0.wp.com\/juk.hmkw.de\/ma-genz-in\/wp-content\/uploads\/sites\/14\/2022\/07\/dsc_0076-1-e1657158282923.jpg?w=700\" alt=\"\" class=\"wp-image-468 size-full\" data-recalc-dims=\"1\" \/><\/figure><div class=\"wp-block-media-text__content\">\n<p>Heyhoo! Bei mir ist garantiert immer etwas los. Als stolze Frankfurterin komme ich mit 20 Jahren genau wie die Stadt kaum zur Ruhe. Wenn ich nicht gerade in der Hochschule sitze, findet man mich wahrscheinlich auf der n\u00e4chstgelegenen Tanzfl\u00e4che oder bei meinen Lieblingsmenschen. Vielleicht bin ich aber auch schon wieder unterwegs zum n\u00e4chsten Reiseziel oder genie\u00dfe das Studentenleben bei gutem Essen und Cocktails. Und dabei d\u00fcrfen ein paar sch\u00f6ne Erinnerungsfotos keinesfalls fehlen \ud83d\ude42\u00a0\u00a0<\/p>\n\n\n\n<div class=\"wp-container-1 wp-block-buttons\">\n<div class=\"wp-block-button\"><a class=\"wp-block-button__link has-text-color\" style=\"color:#e1ff4d\">Das besch\u00e4ftigt mich<\/a><\/div>\n<\/div>\n<\/div><\/div>\n","protected":false},"excerpt":{"rendered":"","protected":false},"author":73,"featured_media":0,"parent":0,"menu_order":0,"comment_status":"closed","ping_status":"closed","template":"","meta":[],"jetpack_sharing_enabled":true,"_links":{"self":[{"href":"https:\/\/juk.hmkw.de\/ma-genz-in\/wp-json\/wp\/v2\/pages\/465"}],"collection":[{"href":"https:\/\/juk.hmkw.de\/ma-genz-in\/wp-json\/wp\/v2\/pages"}],"about":[{"href":"https:\/\/juk.hmkw.de\/ma-genz-in\/wp-json\/wp\/v2\/types\/page"}],"author":[{"embeddable":true,"href":"https:\/\/juk.hmkw.de\/ma-genz-in\/wp-json\/wp\/v2\/users\/73"}],"replies":[{"embeddable":true,"href":"https:\/\/juk.hmkw.de\/ma-genz-in\/wp-json\/wp\/v2\/comments?post=465"}],"version-history":[{"count":3,"href":"https:\/\/juk.hmkw.de\/ma-genz-in\/wp-json\/wp\/v2\/pages\/465\/revisions"}],"predecessor-version":[{"id":1621,"href":"https:\/\/juk.hmkw.de\/ma-genz-in\/wp-json\/wp\/v2\/pages\/465\/revisions\/1621"}],"wp:attachment":[{"href":"https:\/\/juk.hmkw.de\/ma-genz-in\/wp-json\/wp\/v2\/media?parent=465"}],"curies":[{"name":"wp","href":"https:\/\/api.w.org\/{rel}","templated":true}]}}