{"id":457,"date":"2022-07-06T16:07:18","date_gmt":"2022-07-06T14:07:18","guid":{"rendered":"https:\/\/genzhmkw.wordpress.com\/?page_id=457"},"modified":"2022-08-10T10:47:46","modified_gmt":"2022-08-10T08:47:46","slug":"paulina","status":"publish","type":"page","link":"https:\/\/juk.hmkw.de\/ma-genz-in\/paulina\/","title":{"rendered":"Paulina"},"content":{"rendered":"\n<div class=\"wp-block-media-text alignwide is-stacked-on-mobile has-black-background-color has-background\"><figure class=\"wp-block-media-text__media\"><img data-attachment-id=\"459\" data-permalink=\"https:\/\/juk.hmkw.de\/ma-genz-in\/paulina\/dsc_0088\/\" data-orig-file=\"https:\/\/i0.wp.com\/juk.hmkw.de\/ma-genz-in\/wp-content\/uploads\/sites\/14\/2022\/07\/dsc_0088-e1657158441961-scaled.jpg?fit=2359%2C2560&amp;ssl=1\" data-orig-size=\"2359,2560\" data-comments-opened=\"1\" data-image-meta=\"{&quot;aperture&quot;:&quot;0&quot;,&quot;credit&quot;:&quot;&quot;,&quot;camera&quot;:&quot;&quot;,&quot;caption&quot;:&quot;&quot;,&quot;created_timestamp&quot;:&quot;0&quot;,&quot;copyright&quot;:&quot;&quot;,&quot;focal_length&quot;:&quot;0&quot;,&quot;iso&quot;:&quot;0&quot;,&quot;shutter_speed&quot;:&quot;0&quot;,&quot;title&quot;:&quot;&quot;,&quot;orientation&quot;:&quot;0&quot;}\" data-image-title=\"dsc_0088\" data-image-description=\"\" data-image-caption=\"&lt;p&gt;Paulina&lt;\/p&gt;\n\" data-medium-file=\"https:\/\/i0.wp.com\/juk.hmkw.de\/ma-genz-in\/wp-content\/uploads\/sites\/14\/2022\/07\/dsc_0088-e1657158441961-scaled.jpg?fit=276%2C300&amp;ssl=1\" data-large-file=\"https:\/\/i0.wp.com\/juk.hmkw.de\/ma-genz-in\/wp-content\/uploads\/sites\/14\/2022\/07\/dsc_0088-e1657158441961-scaled.jpg?fit=700%2C759&amp;ssl=1\" src=\"https:\/\/i0.wp.com\/juk.hmkw.de\/ma-genz-in\/wp-content\/uploads\/sites\/14\/2022\/07\/dsc_0088-e1657158441961.jpg?w=700\" alt=\"\" class=\"wp-image-459 size-full\" data-recalc-dims=\"1\" \/><\/figure><div class=\"wp-block-media-text__content\">\n<p class=\"has-white-color has-black-background-color has-text-color has-background\">Hello! Ich bin mit meinen 17 Jahren die J\u00fcngste hier. Wenn ich nicht in der Uni bin, findet man mich meistens in meinem Lesesessel. Vielleicht schreibe ich aber auch gerade an einer Kurzgeschichte oder besch\u00e4ftige mich mit einem minimal chaotischen Handarbeitsprojekt. Ob ich die F\u00e4higkeiten daf\u00fcr habe? Egal. Das wird schon. Dabei st\u00f6rt mich gelegentlich Findus, Kater auf Teilzeit. Er geh\u00f6rt zwar meiner Nachbarin, das h\u00e4lt ihn aber nicht davon ab, mit voller Wucht gegen die Wohnungst\u00fcr zu springen, wenn er kuscheln oder spielen will.<\/p>\n\n\n\n<div class=\"wp-container-1 wp-block-buttons\">\n<div class=\"wp-block-button\"><a class=\"wp-block-button__link has-text-color\" href=\"https:\/\/juk.hmkw.de\/ma-genz-in\/grunes-licht-fur-selbstbestimmung\/\" style=\"color:#e1ff4d\">Das besch\u00e4ftigt mich<\/a><\/div>\n<\/div>\n\n\n\n<p><\/p>\n<\/div><\/div>\n","protected":false},"excerpt":{"rendered":"","protected":false},"author":73,"featured_media":1026,"parent":0,"menu_order":0,"comment_status":"closed","ping_status":"closed","template":"","meta":[],"jetpack_sharing_enabled":true,"_links":{"self":[{"href":"https:\/\/juk.hmkw.de\/ma-genz-in\/wp-json\/wp\/v2\/pages\/457"}],"collection":[{"href":"https:\/\/juk.hmkw.de\/ma-genz-in\/wp-json\/wp\/v2\/pages"}],"about":[{"href":"https:\/\/juk.hmkw.de\/ma-genz-in\/wp-json\/wp\/v2\/types\/page"}],"author":[{"embeddable":true,"href":"https:\/\/juk.hmkw.de\/ma-genz-in\/wp-json\/wp\/v2\/users\/73"}],"replies":[{"embeddable":true,"href":"https:\/\/juk.hmkw.de\/ma-genz-in\/wp-json\/wp\/v2\/comments?post=457"}],"version-history":[{"count":3,"href":"https:\/\/juk.hmkw.de\/ma-genz-in\/wp-json\/wp\/v2\/pages\/457\/revisions"}],"predecessor-version":[{"id":1418,"href":"https:\/\/juk.hmkw.de\/ma-genz-in\/wp-json\/wp\/v2\/pages\/457\/revisions\/1418"}],"wp:featuredmedia":[{"embeddable":true,"href":"https:\/\/juk.hmkw.de\/ma-genz-in\/wp-json\/wp\/v2\/media\/1026"}],"wp:attachment":[{"href":"https:\/\/juk.hmkw.de\/ma-genz-in\/wp-json\/wp\/v2\/media?parent=457"}],"curies":[{"name":"wp","href":"https:\/\/api.w.org\/{rel}","templated":true}]}}