{"id":363,"date":"2022-06-09T11:08:53","date_gmt":"2022-06-09T09:08:53","guid":{"rendered":"https:\/\/genzhmkw.wordpress.com\/?page_id=363"},"modified":"2022-08-09T19:46:22","modified_gmt":"2022-08-09T17:46:22","slug":"janne","status":"publish","type":"page","link":"https:\/\/juk.hmkw.de\/ma-genz-in\/janne\/","title":{"rendered":"Janne"},"content":{"rendered":"\n<p class=\"has-white-color has-black-background-color has-text-color has-background\">Ressortleiterin Social und Webdesign<\/p>\n\n\n\n<div class=\"wp-block-media-text alignwide is-stacked-on-mobile has-white-color has-black-background-color has-text-color has-background\"><figure class=\"wp-block-media-text__media\"><img data-attachment-id=\"427\" data-permalink=\"https:\/\/juk.hmkw.de\/ma-genz-in\/img_1045\/\" data-orig-file=\"https:\/\/i0.wp.com\/juk.hmkw.de\/ma-genz-in\/wp-content\/uploads\/sites\/14\/2022\/07\/img_1045-e1657158574409.jpg?fit=288%2C379&amp;ssl=1\" data-orig-size=\"288,379\" data-comments-opened=\"1\" data-image-meta=\"{&quot;aperture&quot;:&quot;0&quot;,&quot;credit&quot;:&quot;&quot;,&quot;camera&quot;:&quot;&quot;,&quot;caption&quot;:&quot;&quot;,&quot;created_timestamp&quot;:&quot;0&quot;,&quot;copyright&quot;:&quot;&quot;,&quot;focal_length&quot;:&quot;0&quot;,&quot;iso&quot;:&quot;0&quot;,&quot;shutter_speed&quot;:&quot;0&quot;,&quot;title&quot;:&quot;&quot;,&quot;orientation&quot;:&quot;0&quot;}\" data-image-title=\"img_1045\" data-image-description=\"\" data-image-caption=\"\" data-medium-file=\"https:\/\/i0.wp.com\/juk.hmkw.de\/ma-genz-in\/wp-content\/uploads\/sites\/14\/2022\/07\/img_1045-e1657158574409.jpg?fit=228%2C300&amp;ssl=1\" data-large-file=\"https:\/\/i0.wp.com\/juk.hmkw.de\/ma-genz-in\/wp-content\/uploads\/sites\/14\/2022\/07\/img_1045-e1657158574409.jpg?fit=288%2C379&amp;ssl=1\" loading=\"lazy\" width=\"288\" height=\"379\" src=\"https:\/\/i0.wp.com\/juk.hmkw.de\/ma-genz-in\/wp-content\/uploads\/sites\/14\/2022\/07\/img_1045-e1657158574409.jpg?resize=288%2C379\" alt=\"\" class=\"wp-image-427 size-full\" srcset=\"https:\/\/i0.wp.com\/juk.hmkw.de\/ma-genz-in\/wp-content\/uploads\/sites\/14\/2022\/07\/img_1045-e1657158574409.jpg?w=288&amp;ssl=1 288w, https:\/\/i0.wp.com\/juk.hmkw.de\/ma-genz-in\/wp-content\/uploads\/sites\/14\/2022\/07\/img_1045-e1657158574409.jpg?resize=228%2C300&amp;ssl=1 228w, https:\/\/i0.wp.com\/juk.hmkw.de\/ma-genz-in\/wp-content\/uploads\/sites\/14\/2022\/07\/img_1045-e1657158574409.jpg?resize=200%2C263&amp;ssl=1 200w\" sizes=\"(max-width: 288px) 100vw, 288px\" data-recalc-dims=\"1\" \/><\/figure><div class=\"wp-block-media-text__content\">\n<p>Gumo,<\/p>\n\n\n\n<p>seit 19 Jahren begl\u00fccke ich die Menschheit mit meiner Anwesenheit. Mein Leben besteht daraus, die Balance zwischen Arbeit, Gym, Uni, Haushalt und meinem exzessiven Partylifestyle zu halten. Funktioniert absolut nicht. Ich h\u00e4tte gern mehr Tattoos, aber hab kein Geld. Und ich w\u00fcrde gerne in einem kranken Apartment mit Ausblick wohnen, aber daf\u00fcr hab ich auch kein Geld. Aber was ich habe, ist m\u00e4\u00dfig guten Humor und Sexappeal, deshalb komm ich trotzdem irgendwie durch. Ok tsch\u00fcss!<\/p>\n\n\n\n<div class=\"wp-container-1 wp-block-buttons\">\n<div class=\"wp-block-button\"><a class=\"wp-block-button__link has-text-color\" href=\"https:\/\/juk.hmkw.de\/ma-genz-in\/mehr-als-hetero\/\" style=\"color:#e1ff4d\">Das besch\u00e4ftigt mich<\/a><\/div>\n<\/div>\n<\/div><\/div>\n","protected":false},"excerpt":{"rendered":"<p>Ressortleiterin Social und Webdesign<\/p>\n","protected":false},"author":73,"featured_media":1026,"parent":0,"menu_order":0,"comment_status":"closed","ping_status":"closed","template":"","meta":[],"jetpack_sharing_enabled":true,"_links":{"self":[{"href":"https:\/\/juk.hmkw.de\/ma-genz-in\/wp-json\/wp\/v2\/pages\/363"}],"collection":[{"href":"https:\/\/juk.hmkw.de\/ma-genz-in\/wp-json\/wp\/v2\/pages"}],"about":[{"href":"https:\/\/juk.hmkw.de\/ma-genz-in\/wp-json\/wp\/v2\/types\/page"}],"author":[{"embeddable":true,"href":"https:\/\/juk.hmkw.de\/ma-genz-in\/wp-json\/wp\/v2\/users\/73"}],"replies":[{"embeddable":true,"href":"https:\/\/juk.hmkw.de\/ma-genz-in\/wp-json\/wp\/v2\/comments?post=363"}],"version-history":[{"count":1,"href":"https:\/\/juk.hmkw.de\/ma-genz-in\/wp-json\/wp\/v2\/pages\/363\/revisions"}],"predecessor-version":[{"id":1317,"href":"https:\/\/juk.hmkw.de\/ma-genz-in\/wp-json\/wp\/v2\/pages\/363\/revisions\/1317"}],"wp:featuredmedia":[{"embeddable":true,"href":"https:\/\/juk.hmkw.de\/ma-genz-in\/wp-json\/wp\/v2\/media\/1026"}],"wp:attachment":[{"href":"https:\/\/juk.hmkw.de\/ma-genz-in\/wp-json\/wp\/v2\/media?parent=363"}],"curies":[{"name":"wp","href":"https:\/\/api.w.org\/{rel}","templated":true}]}}