{"id":280,"date":"2022-06-02T11:36:17","date_gmt":"2022-06-02T09:36:17","guid":{"rendered":"https:\/\/genzhmkw.wordpress.com\/?page_id=280"},"modified":"2022-08-15T14:06:00","modified_gmt":"2022-08-15T12:06:00","slug":"health","status":"publish","type":"page","link":"https:\/\/juk.hmkw.de\/ma-genz-in\/health\/","title":{"rendered":"Health"},"content":{"rendered":"\n<p class=\"has-white-color has-black-background-color has-text-color has-background\">Fit sein, sch\u00f6n sein, stark und healthy &#8211; die Gen Z verfolgt klare Ziele und schreibt sie tief in ihren Lifestyle ein. Aber nicht immer sieht es drinnen so gut aus, wie der Instapost glauben l\u00e4sst. Denn was wie ein toller Lebensstil wirkt, kann auch \u00fcberfordern. So schl\u00e4gt der gesellschaftliche Druck bei einigen von uns auf die Psyche. Hier erf\u00e4hrst du mehr dar\u00fcber, wie gesund die Generation Z lebt.<\/p>\n\n\n","protected":false},"excerpt":{"rendered":"","protected":false},"author":73,"featured_media":36,"parent":0,"menu_order":0,"comment_status":"closed","ping_status":"closed","template":"","meta":[],"jetpack_sharing_enabled":true,"_links":{"self":[{"href":"https:\/\/juk.hmkw.de\/ma-genz-in\/wp-json\/wp\/v2\/pages\/280"}],"collection":[{"href":"https:\/\/juk.hmkw.de\/ma-genz-in\/wp-json\/wp\/v2\/pages"}],"about":[{"href":"https:\/\/juk.hmkw.de\/ma-genz-in\/wp-json\/wp\/v2\/types\/page"}],"author":[{"embeddable":true,"href":"https:\/\/juk.hmkw.de\/ma-genz-in\/wp-json\/wp\/v2\/users\/73"}],"replies":[{"embeddable":true,"href":"https:\/\/juk.hmkw.de\/ma-genz-in\/wp-json\/wp\/v2\/comments?post=280"}],"version-history":[{"count":2,"href":"https:\/\/juk.hmkw.de\/ma-genz-in\/wp-json\/wp\/v2\/pages\/280\/revisions"}],"predecessor-version":[{"id":1223,"href":"https:\/\/juk.hmkw.de\/ma-genz-in\/wp-json\/wp\/v2\/pages\/280\/revisions\/1223"}],"wp:featuredmedia":[{"embeddable":true,"href":"https:\/\/juk.hmkw.de\/ma-genz-in\/wp-json\/wp\/v2\/media\/36"}],"wp:attachment":[{"href":"https:\/\/juk.hmkw.de\/ma-genz-in\/wp-json\/wp\/v2\/media?parent=280"}],"curies":[{"name":"wp","href":"https:\/\/api.w.org\/{rel}","templated":true}]}}