{"id":278,"date":"2022-06-02T11:35:17","date_gmt":"2022-06-02T09:35:17","guid":{"rendered":"https:\/\/genzhmkw.wordpress.com\/?page_id=278"},"modified":"2022-08-15T14:09:44","modified_gmt":"2022-08-15T12:09:44","slug":"social","status":"publish","type":"page","link":"https:\/\/juk.hmkw.de\/ma-genz-in\/social\/","title":{"rendered":"Social"},"content":{"rendered":"\n<p class=\"has-white-color has-black-background-color has-text-color has-background\">Generation Z: Die Generation, die f\u00fcr ihre Rechte k\u00e4mpft, sich nicht vorschreiben l\u00e4sst, wen man lieben darf und so vielf\u00e4ltig ist wie keine andere. Themen wie LGTBQ r\u00fccken im sozialen Leben in den Vordergrund und meist lernt man den Partner heutzutage online kennen. Identit\u00e4t, Gef\u00fchle und Beziehungen. Das soziale Leben ist diverser. Wir werden offener und gehen neue Wege, die die Gesellschaft pr\u00e4gen. Hier erf\u00e4hrst du etwas zu Themen, die das soziale Leben der Generation Z ausmachen.<\/p>\n\n\n","protected":false},"excerpt":{"rendered":"<p>Generation Z: Die Generation, die f\u00fcr ihre Rechte k\u00e4mpft, sich nicht vorschreiben l\u00e4sst, wen man lieben darf und so vielf\u00e4ltig ist wie keine andere. Themen wie LGTBQ r\u00fccken im sozialen Leben in den Vordergrund und meist lernt man den Partner heutzutage online kennen. Identit\u00e4t, Gef\u00fchle und Beziehungen. Das soziale Leben ist diverser. Wir werden offener &hellip; <a href=\"https:\/\/juk.hmkw.de\/ma-genz-in\/social\/\" class=\"more-link\"><span class=\"screen-reader-text\">Social<\/span> weiterlesen <span class=\"meta-nav\">&rarr;<\/span><\/a><\/p>\n","protected":false},"author":73,"featured_media":717,"parent":0,"menu_order":0,"comment_status":"closed","ping_status":"closed","template":"","meta":[],"jetpack_sharing_enabled":true,"_links":{"self":[{"href":"https:\/\/juk.hmkw.de\/ma-genz-in\/wp-json\/wp\/v2\/pages\/278"}],"collection":[{"href":"https:\/\/juk.hmkw.de\/ma-genz-in\/wp-json\/wp\/v2\/pages"}],"about":[{"href":"https:\/\/juk.hmkw.de\/ma-genz-in\/wp-json\/wp\/v2\/types\/page"}],"author":[{"embeddable":true,"href":"https:\/\/juk.hmkw.de\/ma-genz-in\/wp-json\/wp\/v2\/users\/73"}],"replies":[{"embeddable":true,"href":"https:\/\/juk.hmkw.de\/ma-genz-in\/wp-json\/wp\/v2\/comments?post=278"}],"version-history":[{"count":2,"href":"https:\/\/juk.hmkw.de\/ma-genz-in\/wp-json\/wp\/v2\/pages\/278\/revisions"}],"predecessor-version":[{"id":1572,"href":"https:\/\/juk.hmkw.de\/ma-genz-in\/wp-json\/wp\/v2\/pages\/278\/revisions\/1572"}],"wp:featuredmedia":[{"embeddable":true,"href":"https:\/\/juk.hmkw.de\/ma-genz-in\/wp-json\/wp\/v2\/media\/717"}],"wp:attachment":[{"href":"https:\/\/juk.hmkw.de\/ma-genz-in\/wp-json\/wp\/v2\/media?parent=278"}],"curies":[{"name":"wp","href":"https:\/\/api.w.org\/{rel}","templated":true}]}}