{"id":274,"date":"2022-06-02T11:31:45","date_gmt":"2022-06-02T09:31:45","guid":{"rendered":"https:\/\/genzhmkw.wordpress.com\/?page_id=274"},"modified":"2022-08-15T13:59:56","modified_gmt":"2022-08-15T11:59:56","slug":"culture","status":"publish","type":"page","link":"https:\/\/juk.hmkw.de\/ma-genz-in\/culture\/","title":{"rendered":"Culture"},"content":{"rendered":"\n<p class=\"has-white-color has-black-background-color has-text-color has-background\">Der letzte Theaterbesuch? Keine Ahnung! Aber \u00fcber das letzte COD Spiel wird noch wochenlang gesprochen. &#8222;Die jungen Leute interessieren sich doch gar nicht f\u00fcr Kultur&#8220; &#8211; dieses Vorurteil herrscht sicherlich unter den \u00e4lteren Generationen. Dass wir vielleicht nicht gerne Museen besuchen oder in die Oper gehen, mag stimmen. Aber daf\u00fcr haben wir unsere ganz eigene Kultur entwickelt. Einen Ausschnitt aus dem, was die Kultur der Generation Z ausmacht, siehst du hier: Kultur aus unserem Blickwinkel.<\/p>\n\n\n","protected":false},"excerpt":{"rendered":"<p>Der letzte Theaterbesuch? Keine Ahnung! Aber \u00fcber das letzte COD Spiel wird noch wochenlang gesprochen. &#8222;Die jungen Leute interessieren sich doch gar nicht f\u00fcr Kultur&#8220; &#8211; dieses Vorurteil herrscht sicherlich unter den \u00e4lteren Generationen. Dass wir vielleicht nicht gerne Museen besuchen oder in die Oper gehen, mag stimmen. Aber daf\u00fcr haben wir unsere ganz eigene &hellip; <a href=\"https:\/\/juk.hmkw.de\/ma-genz-in\/culture\/\" class=\"more-link\"><span class=\"screen-reader-text\">Culture<\/span> weiterlesen <span class=\"meta-nav\">&rarr;<\/span><\/a><\/p>\n","protected":false},"author":73,"featured_media":715,"parent":0,"menu_order":0,"comment_status":"closed","ping_status":"closed","template":"","meta":[],"jetpack_sharing_enabled":true,"_links":{"self":[{"href":"https:\/\/juk.hmkw.de\/ma-genz-in\/wp-json\/wp\/v2\/pages\/274"}],"collection":[{"href":"https:\/\/juk.hmkw.de\/ma-genz-in\/wp-json\/wp\/v2\/pages"}],"about":[{"href":"https:\/\/juk.hmkw.de\/ma-genz-in\/wp-json\/wp\/v2\/types\/page"}],"author":[{"embeddable":true,"href":"https:\/\/juk.hmkw.de\/ma-genz-in\/wp-json\/wp\/v2\/users\/73"}],"replies":[{"embeddable":true,"href":"https:\/\/juk.hmkw.de\/ma-genz-in\/wp-json\/wp\/v2\/comments?post=274"}],"version-history":[{"count":3,"href":"https:\/\/juk.hmkw.de\/ma-genz-in\/wp-json\/wp\/v2\/pages\/274\/revisions"}],"predecessor-version":[{"id":1628,"href":"https:\/\/juk.hmkw.de\/ma-genz-in\/wp-json\/wp\/v2\/pages\/274\/revisions\/1628"}],"wp:featuredmedia":[{"embeddable":true,"href":"https:\/\/juk.hmkw.de\/ma-genz-in\/wp-json\/wp\/v2\/media\/715"}],"wp:attachment":[{"href":"https:\/\/juk.hmkw.de\/ma-genz-in\/wp-json\/wp\/v2\/media?parent=274"}],"curies":[{"name":"wp","href":"https:\/\/api.w.org\/{rel}","templated":true}]}}